{"id":10,"date":"2017-07-24T14:46:44","date_gmt":"2017-07-24T14:46:44","guid":{"rendered":"http:\/\/sp4-wroclaw.pl\/?page_id=10"},"modified":"2025-09-30T11:23:25","modified_gmt":"2025-09-30T11:23:25","slug":"nauczyciele","status":"publish","type":"page","link":"https:\/\/sp4-wroclaw.pl\/?page_id=10","title":{"rendered":"NAUCZYCIELE"},"content":{"rendered":"\n<p><strong>J\u0119zyk polski<\/strong><\/p>\n<p>Dorota Bugajska<\/p>\n<p>Krzysztof Derl\u0119ga<\/p>\n<p>Aleksandra Fal\u0119cka<\/p>\n<p>Ma\u0142gorzata Ko\u017alarska<\/p>\n<p>Inez Szubelak-B\u0142aszczok<\/p>\n<p>Nina Ma\u0107kowiak<\/p>\n<p><strong style=\"font-style: inherit;\">Matematyka<\/strong><\/p>\n<p>Jaros\u0142aw Poleszczuk<\/p>\n<p>Marta Durska<\/p>\n<p>Gabriela Kowalska<\/p>\n<p>Zbigniew Galas<\/p>\n<p>Anna Musztyfaga<\/p>\n<p>Ewa Ostrowska<br \/><br \/><\/p>\n<p><strong style=\"font-style: inherit;\">J\u0119zyk angielski<\/strong><\/p>\n<p>Agnieszka Bogali\u0144ska<\/p>\n<p>Natalia Hoffman-Hulak<\/p>\n<p>O\u0142ena Tymczenko<\/p>\n<p>Joanna \u015awiackiewicz<\/p>\n<p>Anna Przybylska<\/p>\n<p>Justyna Purcelewska<\/p>\n<p>Ma\u0142gorzata Golnik<\/p>\n<p><strong style=\"font-style: inherit;\">J\u0119zyk niemiecki<\/strong><\/p>\n<p>Anna \u00a0Matkowska<\/p>\n<p>Anna Przybylska<\/p>\n<p>Beata Boratyn<\/p>\n<p><strong style=\"font-style: inherit;\">Historia<\/strong><\/p>\n<p>Marcin Bachowski<\/p>\n<p>Lidia Soszy\u0144ska<\/p>\n<p>Bartosz Marsza\u0142ek<\/p>\n<p><strong style=\"font-style: inherit;\">Wiedza o spo\u0142ecze\u0144stwie<\/strong><\/p>\n<p>Marcin Bachowski<br \/><br \/><\/p>\n<p><strong style=\"font-style: inherit;\">Edukacja dla bezpiecze\u0144stwa<\/strong><\/p>\n<p>Andrzej Kijewski<br \/><br \/><\/p>\n<p><strong style=\"font-style: inherit;\">Przyroda<\/strong><\/p>\n<p>Agnieszka Wilk<\/p>\n<p>Ilona M\u0119drzak<\/p>\n<p>Justyna Kopa\u0142a<\/p>\n<p><strong style=\"font-style: inherit;\">Plastyka<\/strong><\/p>\n<p>Angelika Zaj\u0105c<\/p>\n<p>Justyna Kopa\u0142a<\/p>\n<p><strong>Muzyka<\/strong><\/p>\n<p>Angelika Zaj\u0105c<\/p>\n<p>Ma\u0142gorzata Romanek-P\u0119ciak<\/p>\n<p><strong style=\"font-style: inherit;\">Geografia<\/strong><\/p>\n<p>Tomasz Smarzewski<br \/><br \/><\/p>\n<p><strong style=\"font-style: inherit;\">Biologia<\/strong><\/p>\n<p>Ilona M\u0119drzak<br \/><br \/><\/p>\n<p><strong style=\"font-style: inherit;\">Fizyka<\/strong><\/p>\n<p>Renata Karaszewska<\/p>\n<p><strong style=\"font-style: inherit;\">Chemia<\/strong><\/p>\n<p>Renata Karaszewska<br \/>Maja Malesza<\/p>\n<p><strong style=\"font-style: inherit;\">Informatyka<\/strong><\/p>\n<p>Ma\u0142gorzata Antczak<\/p>\n<p>Rados\u0142aw Bala<\/p>\n<p>Renata Migocka<br \/><br \/><\/p>\n<p><strong>Technika<\/strong><\/p>\n<p>Ewa Gronkiewicz<\/p>\n<p>Andrzej Kijewski<\/p>\n<p>\u00a0<\/p>\n<p><strong>Wychowanie fizyczne<\/strong><\/p>\n<p>Rados\u0142aw Bala<\/p>\n<p>Wo\u017aniak Pawe\u0142<\/p>\n<p>Agnieszka Olejnik<\/p>\n<p>Monika Radosz<\/p>\n<p>Daria Nowicka<\/p>\n<p>Agnieszka Murak<\/p>\n<p>Grzegorz Maligranda\u00a0<\/p>\n<p><strong style=\"font-style: inherit;\">Trenerzy pi\u0142ki no\u017cnej<\/strong><\/p>\n<p>Pawe\u0142 Wo\u017aniak<br \/><br \/><\/p>\n<p><strong style=\"font-style: inherit;\">Religia<\/strong><\/p>\n<p>Miros\u0142aw Burzy\u0144ski<\/p>\n<p>Jan \u0141ukowski<\/p>\n<p>Pawe\u0142 Rawicki<br \/><br \/><\/p>\n<p><strong style=\"font-style: inherit;\">Edukacja wczesnoszkolna<\/strong><\/p>\n<p>Ma\u0142gorzata Antczak<\/p>\n<p>Aleksandra Brzezicka<\/p>\n<p>Renata Damek<\/p>\n<p>Ma\u0142gorzata D\u0105browska<\/p>\n<p>Iwona Grosicka<\/p>\n<p>Agnieszka Lebioda<\/p>\n<p>Aleksandra Pawlak<\/p>\n<p>Magdalena Pionke<\/p>\n<p>Ma\u0142gorzata Mazur<\/p>\n<p>Jadwiga Przyw\u00f3ska<\/p>\n<p>Anna Rudnicka<\/p>\n<p>Olga Staniszewska<\/p>\n<p>Marta Zubrzycka<\/p>\n<p>Hanna Weso\u0142owska<\/p>\n<p>Marzenna M\u0142odowska<\/p>\n<p>Marta Duda<\/p>\n<p>Daria Kucharzak<\/p>\n<p>Justyna Awdziej<\/p>\n<p>Iwona Ciesielska<\/p>\n<p>\u00a0<\/p>\n<p><strong style=\"font-style: inherit;\">Doradztwo zawodowe<\/strong><\/p>\n<p>Edyta Fa\u0142kowska<br \/><br \/><\/p>\n<p><strong style=\"font-style: inherit;\">\u015awietlica<\/strong><\/p>\n<p>Beata Boratyn<\/p>\n<p>Ma\u0142gorzata Cury\u0142o<\/p>\n<p>Zofia Czernis<\/p>\n<p>Marta Chanas-Nowicka<\/p>\n<p>Roksana Wojciechowska<\/p>\n<p>Jadwiga Paradowska<\/p>\n<p>Ma\u0142gorzata Kulpi\u0144ska<\/p>\n<p>Karolina Bartosz<\/p>\n<p>Pawe\u0142 Olchowy<\/p>\n<p>Barbara Pszcz\u00f3\u0142kowska<\/p>\n<p>Joanna Uramowska<\/p>\n<p>Agnieszka W\u0142odarczyk<\/p>\n<p>Patrycja Pater<\/p>\n<p>Katarzyna Burnat<\/p>\n<p>El\u017cbieta Rudnicka<\/p>\n<p>Aleksandra Mirek<\/p>\n<p>Marta D\u0105browska<\/p>\n<p>\u00a0<\/p>\n<p><strong style=\"font-style: inherit;\">Biblioteka szkolna<\/strong><\/p>\n<p>Danuta S\u0142otwi\u0144ska<br \/><br \/><\/p>\n<p><strong style=\"font-style: inherit;\">Nauczyciel wspomagaj\u0105cy<\/strong><\/p>\n<p>Anna Sutowicz<\/p>\n<p>Roksana Wojciechowska<\/p>\n<p>Maria Zglenicka<\/p>\n<p>Marta Egierska<\/p>\n<p>Sylwia Buty\u0144ska<\/p>\n<p>Ewelina D\u0105browska<\/p>\n<p>Olga Olijarczuk<\/p>\n<p>Maria Sarnecka\u00a0<\/p>\n<p><strong style=\"font-style: inherit;\">Pedagog<\/strong><\/p>\n<p>Edyta Fa\u0142kowska<\/p>\n<p><strong style=\"font-style: inherit;\">Psycholog<\/strong><\/p>\n<p>Natalia Chudzi\u0144ska\u00a0<\/p>\n<p>Agata Stok\u0142osa<\/p>\n<p><strong style=\"font-style: inherit;\">Pedagog specjalny<\/strong><\/p>\n<p>Katarzyna Wiertel<\/p>\n<p>Anna Ka\u0142ka<\/p>\n<p><strong style=\"font-style: inherit;\">Logopeda<\/strong><\/p>\n<p>Agata \u015acis\u0142owska<\/p>\n<p>Katarzyna Wiertel<\/p>\n","protected":false},"excerpt":{"rendered":"<p>J\u0119zyk polski Dorota Bugajska Krzysztof Derl\u0119ga Aleksandra Fal\u0119cka Ma\u0142gorzata Ko\u017alarska Inez Szubelak-B\u0142aszczok Nina Ma\u0107kowiak Matematyka Jaros\u0142aw Poleszczuk Marta Durska Gabriela Kowalska Zbigniew Galas Anna Musztyfaga Ewa Ostrowska J\u0119zyk angielski Agnieszka Bogali\u0144ska Natalia Hoffman-Hulak O\u0142ena Tymczenko Joanna \u015awiackiewicz Anna Przybylska Justyna Purcelewska Ma\u0142gorzata Golnik J\u0119zyk niemiecki Anna \u00a0Matkowska Anna Przybylska Beata\u2026<\/p>\n<p> <a class=\"continue-reading-link\" href=\"https:\/\/sp4-wroclaw.pl\/?page_id=10\"><span>Czytaj dalej<\/span><i class=\"crycon-right-dir\"><\/i><\/a> <\/p>\n","protected":false},"author":1,"featured_media":0,"parent":0,"menu_order":0,"comment_status":"closed","ping_status":"closed","template":"","meta":{"footnotes":""},"class_list":["post-10","page","type-page","status-publish","hentry"],"aioseo_notices":[],"_links":{"self":[{"href":"https:\/\/sp4-wroclaw.pl\/index.php?rest_route=\/wp\/v2\/pages\/10","targetHints":{"allow":["GET"]}}],"collection":[{"href":"https:\/\/sp4-wroclaw.pl\/index.php?rest_route=\/wp\/v2\/pages"}],"about":[{"href":"https:\/\/sp4-wroclaw.pl\/index.php?rest_route=\/wp\/v2\/types\/page"}],"author":[{"embeddable":true,"href":"https:\/\/sp4-wroclaw.pl\/index.php?rest_route=\/wp\/v2\/users\/1"}],"replies":[{"embeddable":true,"href":"https:\/\/sp4-wroclaw.pl\/index.php?rest_route=%2Fwp%2Fv2%2Fcomments&post=10"}],"version-history":[{"count":69,"href":"https:\/\/sp4-wroclaw.pl\/index.php?rest_route=\/wp\/v2\/pages\/10\/revisions"}],"predecessor-version":[{"id":16346,"href":"https:\/\/sp4-wroclaw.pl\/index.php?rest_route=\/wp\/v2\/pages\/10\/revisions\/16346"}],"wp:attachment":[{"href":"https:\/\/sp4-wroclaw.pl\/index.php?rest_route=%2Fwp%2Fv2%2Fmedia&parent=10"}],"curies":[{"name":"wp","href":"https:\/\/api.w.org\/{rel}","templated":true}]}}