{"id":11490,"date":"2023-08-31T05:49:16","date_gmt":"2023-08-31T05:49:16","guid":{"rendered":"https:\/\/sp4-wroclaw.pl\/?page_id=11490"},"modified":"2024-09-02T11:53:40","modified_gmt":"2024-09-02T11:53:40","slug":"aktualnosci-swietlicy-2023-24","status":"publish","type":"page","link":"https:\/\/sp4-wroclaw.pl\/?page_id=11490","title":{"rendered":"Archiwum : Aktualno\u015bci \u015awietlicy 2023\/24"},"content":{"rendered":"\n\n\n<figure class=\"wp-block-embed is-type-wp-embed is-provider-osadzona-tresc wp-block-embed-osadzona-tresc\"><div class=\"wp-block-embed__wrapper\">\n<blockquote class=\"wp-embedded-content\" data-secret=\"qcO8T6Fl5s\"><a href=\"https:\/\/sp4-wroclaw.pl\/?page_id=13590\">Apteczka turystyczna<\/a><\/blockquote><iframe loading=\"lazy\" class=\"wp-embedded-content\" sandbox=\"allow-scripts\" security=\"restricted\" style=\"position: absolute; clip: rect(1px, 1px, 1px, 1px);\" title=\"&#8222;Apteczka turystyczna&#8221; &#8212; \" src=\"https:\/\/sp4-wroclaw.pl\/?page_id=13590&#038;embed=true#?secret=5bjZjSmjiA#?secret=qcO8T6Fl5s\" data-secret=\"qcO8T6Fl5s\" width=\"600\" height=\"338\" frameborder=\"0\" marginwidth=\"0\" marginheight=\"0\" scrolling=\"no\"><\/iframe>\n<\/div><\/figure>\n\n\n\n<figure class=\"wp-block-embed is-type-wp-embed is-provider-osadzona-tresc wp-block-embed-osadzona-tresc\"><div class=\"wp-block-embed__wrapper\">\n<blockquote class=\"wp-embedded-content\" data-secret=\"OxXzTCdG7P\"><a href=\"https:\/\/sp4-wroclaw.pl\/?page_id=13499\">,,Wiosna w maju-kolorowa \u0142\u0105ka&#x1f338;&#x1f33c;&#x1f33a;\u201d<\/a><\/blockquote><iframe loading=\"lazy\" class=\"wp-embedded-content\" sandbox=\"allow-scripts\" security=\"restricted\" style=\"position: absolute; clip: rect(1px, 1px, 1px, 1px);\" title=\"&#8222;,,Wiosna w maju-kolorowa \u0142\u0105ka&#x1f338;&#x1f33c;&#x1f33a;\u201d&#8221; &#8212; \" src=\"https:\/\/sp4-wroclaw.pl\/?page_id=13499&#038;embed=true#?secret=lmepnof1aA#?secret=OxXzTCdG7P\" data-secret=\"OxXzTCdG7P\" width=\"600\" height=\"338\" frameborder=\"0\" marginwidth=\"0\" marginheight=\"0\" scrolling=\"no\"><\/iframe>\n<\/div><\/figure>\n\n\n\n<figure class=\"wp-block-embed is-type-wp-embed is-provider-osadzona-tresc wp-block-embed-osadzona-tresc\"><div class=\"wp-block-embed__wrapper\">\n<blockquote class=\"wp-embedded-content\" data-secret=\"6M53wAXM3D\"><a href=\"https:\/\/sp4-wroclaw.pl\/?page_id=13489\">360 kartek na 30-lecie szko\u0142y<\/a><\/blockquote><iframe loading=\"lazy\" class=\"wp-embedded-content\" sandbox=\"allow-scripts\" security=\"restricted\" style=\"position: absolute; clip: rect(1px, 1px, 1px, 1px);\" title=\"&#8222;360 kartek na 30-lecie szko\u0142y&#8221; &#8212; \" src=\"https:\/\/sp4-wroclaw.pl\/?page_id=13489&#038;embed=true#?secret=BQ2k9poFTA#?secret=6M53wAXM3D\" data-secret=\"6M53wAXM3D\" width=\"600\" height=\"338\" frameborder=\"0\" marginwidth=\"0\" marginheight=\"0\" scrolling=\"no\"><\/iframe>\n<\/div><\/figure>\n\n\n\n<p><blockquote class=\"wp-embedded-content\" data-secret=\"Rl0KbLyQa1\"><a href=\"https:\/\/sp4-wroclaw.pl\/?page_id=13340\">&#8222;Pisanka wielkanocna&#8221;<\/a><\/blockquote><iframe loading=\"lazy\" class=\"wp-embedded-content\" sandbox=\"allow-scripts\" security=\"restricted\" style=\"position: absolute; clip: rect(1px, 1px, 1px, 1px);\" title=\"&#8222;&#8222;Pisanka wielkanocna&#8221;&#8221; &#8212; \" src=\"https:\/\/sp4-wroclaw.pl\/?page_id=13340&#038;embed=true#?secret=jOycw59lAQ#?secret=Rl0KbLyQa1\" data-secret=\"Rl0KbLyQa1\" width=\"600\" height=\"338\" frameborder=\"0\" marginwidth=\"0\" marginheight=\"0\" scrolling=\"no\"><\/iframe><\/p>\n\n\n\n<figure class=\"wp-block-embed is-type-wp-embed is-provider-osadzona-tresc wp-block-embed-osadzona-tresc\"><div class=\"wp-block-embed__wrapper\">\n<blockquote class=\"wp-embedded-content\" data-secret=\"zkRbxHlXBB\"><a href=\"https:\/\/sp4-wroclaw.pl\/?page_id=13317\">Wyniki konkursu na stroik wielkanocny<\/a><\/blockquote><iframe loading=\"lazy\" class=\"wp-embedded-content\" sandbox=\"allow-scripts\" security=\"restricted\" style=\"position: absolute; clip: rect(1px, 1px, 1px, 1px);\" title=\"&#8222;Wyniki konkursu na stroik wielkanocny&#8221; &#8212; \" src=\"https:\/\/sp4-wroclaw.pl\/?page_id=13317&#038;embed=true#?secret=ifinK9PGTc#?secret=zkRbxHlXBB\" data-secret=\"zkRbxHlXBB\" width=\"600\" height=\"338\" frameborder=\"0\" marginwidth=\"0\" marginheight=\"0\" scrolling=\"no\"><\/iframe>\n<\/div><\/figure>\n\n\n\n<figure class=\"wp-block-embed is-type-wp-embed is-provider-osadzona-tresc wp-block-embed-osadzona-tresc\"><div class=\"wp-block-embed__wrapper\">\n<blockquote class=\"wp-embedded-content\" data-secret=\"oyHJBdXv7t\"><a href=\"https:\/\/sp4-wroclaw.pl\/?p=13313\">Kartki wielkanocne&#x1f423; dla ma\u0142ych pacjent\u00f3w<\/a><\/blockquote><iframe loading=\"lazy\" class=\"wp-embedded-content\" sandbox=\"allow-scripts\" security=\"restricted\" style=\"position: absolute; clip: rect(1px, 1px, 1px, 1px);\" title=\"&#8222;Kartki wielkanocne&#x1f423; dla ma\u0142ych pacjent\u00f3w&#8221; &#8212; \" src=\"https:\/\/sp4-wroclaw.pl\/?p=13313&#038;embed=true#?secret=QmWBwWLVt8#?secret=oyHJBdXv7t\" data-secret=\"oyHJBdXv7t\" width=\"600\" height=\"338\" frameborder=\"0\" marginwidth=\"0\" marginheight=\"0\" scrolling=\"no\"><\/iframe>\n<\/div><\/figure>\n\n\n\n<figure class=\"wp-block-embed is-type-wp-embed is-provider-osadzona-tresc wp-block-embed-osadzona-tresc\"><div class=\"wp-block-embed__wrapper\">\n<blockquote class=\"wp-embedded-content\" data-secret=\"lC0nUbctQX\"><a href=\"https:\/\/sp4-wroclaw.pl\/?p=13303\">Gra na instrumentach Orffa<\/a><\/blockquote><iframe loading=\"lazy\" class=\"wp-embedded-content\" sandbox=\"allow-scripts\" security=\"restricted\" style=\"position: absolute; clip: rect(1px, 1px, 1px, 1px);\" title=\"&#8222;Gra na instrumentach Orffa&#8221; &#8212; \" src=\"https:\/\/sp4-wroclaw.pl\/?p=13303&#038;embed=true#?secret=mGiHXLCnPK#?secret=lC0nUbctQX\" data-secret=\"lC0nUbctQX\" width=\"600\" height=\"338\" frameborder=\"0\" marginwidth=\"0\" marginheight=\"0\" scrolling=\"no\"><\/iframe>\n<\/div><\/figure>\n\n\n\n<figure class=\"wp-block-embed is-type-wp-embed is-provider-osadzona-tresc wp-block-embed-osadzona-tresc\"><div class=\"wp-block-embed__wrapper\">\n<blockquote class=\"wp-embedded-content\" data-secret=\"rbuTeCOa8H\"><a href=\"https:\/\/sp4-wroclaw.pl\/?page_id=13158\">\u015awiatowy Dzie\u0144 Kota w naszej \u015bwietlicy<\/a><\/blockquote><iframe loading=\"lazy\" class=\"wp-embedded-content\" sandbox=\"allow-scripts\" security=\"restricted\" style=\"position: absolute; clip: rect(1px, 1px, 1px, 1px);\" title=\"&#8222;\u015awiatowy Dzie\u0144 Kota w naszej \u015bwietlicy&#8221; &#8212; \" src=\"https:\/\/sp4-wroclaw.pl\/?page_id=13158&#038;embed=true#?secret=pHfmGhFB0v#?secret=rbuTeCOa8H\" data-secret=\"rbuTeCOa8H\" width=\"600\" height=\"338\" frameborder=\"0\" marginwidth=\"0\" marginheight=\"0\" scrolling=\"no\"><\/iframe>\n<\/div><\/figure>\n\n\n\n\n\n<figure class=\"wp-block-embed is-type-wp-embed is-provider-osadzona-tresc wp-block-embed-osadzona-tresc\"><div class=\"wp-block-embed__wrapper\">\n<blockquote class=\"wp-embedded-content\" data-secret=\"4uhqFZZmua\"><a href=\"https:\/\/sp4-wroclaw.pl\/?page_id=13084\">\u015awiatowy Dzie\u0144 Kota<\/a><\/blockquote><iframe loading=\"lazy\" class=\"wp-embedded-content\" sandbox=\"allow-scripts\" security=\"restricted\" style=\"position: absolute; clip: rect(1px, 1px, 1px, 1px);\" title=\"&#8222;\u015awiatowy Dzie\u0144 Kota&#8221; &#8212; \" src=\"https:\/\/sp4-wroclaw.pl\/?page_id=13084&#038;embed=true#?secret=hGk3QcHN65#?secret=4uhqFZZmua\" data-secret=\"4uhqFZZmua\" width=\"600\" height=\"338\" frameborder=\"0\" marginwidth=\"0\" marginheight=\"0\" scrolling=\"no\"><\/iframe>\n<\/div><\/figure>\n\n\n\n<p><blockquote class=\"wp-embedded-content\" data-secret=\"3xLLVeLRcK\"><a href=\"https:\/\/sp4-wroclaw.pl\/?page_id=12981\">\u015awietliczaki na tropie&#8230; przys\u0142\u00f3w<\/a><\/blockquote><iframe loading=\"lazy\" class=\"wp-embedded-content\" sandbox=\"allow-scripts\" security=\"restricted\" style=\"position: absolute; clip: rect(1px, 1px, 1px, 1px);\" title=\"&#8222;\u015awietliczaki na tropie&#8230; przys\u0142\u00f3w&#8221; &#8212; \" src=\"https:\/\/sp4-wroclaw.pl\/?page_id=12981&#038;embed=true#?secret=n0jnUgThOe#?secret=3xLLVeLRcK\" data-secret=\"3xLLVeLRcK\" width=\"600\" height=\"338\" frameborder=\"0\" marginwidth=\"0\" marginheight=\"0\" scrolling=\"no\"><\/iframe><\/p>\n\n\n\n<figure class=\"wp-block-embed is-type-wp-embed is-provider-osadzona-tresc wp-block-embed-osadzona-tresc\"><div class=\"wp-block-embed__wrapper\">\n<blockquote class=\"wp-embedded-content\" data-secret=\"DewowpREqY\"><a href=\"https:\/\/sp4-wroclaw.pl\/?page_id=12892\">Wykonanie upomink\u00f3w z okazji Dnia Babci i Dziadka.<\/a><\/blockquote><iframe loading=\"lazy\" class=\"wp-embedded-content\" sandbox=\"allow-scripts\" security=\"restricted\" style=\"position: absolute; clip: rect(1px, 1px, 1px, 1px);\" title=\"&#8222;Wykonanie upomink\u00f3w z okazji Dnia Babci i Dziadka.&#8221; &#8212; \" src=\"https:\/\/sp4-wroclaw.pl\/?page_id=12892&#038;embed=true#?secret=M41lJ4XuCA#?secret=DewowpREqY\" data-secret=\"DewowpREqY\" width=\"600\" height=\"338\" frameborder=\"0\" marginwidth=\"0\" marginheight=\"0\" scrolling=\"no\"><\/iframe>\n<\/div><\/figure>\n\n\n\n<figure class=\"wp-block-embed is-type-wp-embed is-provider-osadzona-tresc wp-block-embed-osadzona-tresc\"><div class=\"wp-block-embed__wrapper\">\n<blockquote class=\"wp-embedded-content\" data-secret=\"quJjcFAm8O\"><a href=\"https:\/\/sp4-wroclaw.pl\/?page_id=12879\">\u015awiatowy Dzie\u0144 Wiedzy o Pingwinach<\/a><\/blockquote><iframe loading=\"lazy\" class=\"wp-embedded-content\" sandbox=\"allow-scripts\" security=\"restricted\" style=\"position: absolute; clip: rect(1px, 1px, 1px, 1px);\" title=\"&#8222;\u015awiatowy Dzie\u0144 Wiedzy o Pingwinach&#8221; &#8212; \" src=\"https:\/\/sp4-wroclaw.pl\/?page_id=12879&#038;embed=true#?secret=qSf5AfmPjJ#?secret=quJjcFAm8O\" data-secret=\"quJjcFAm8O\" width=\"600\" height=\"338\" frameborder=\"0\" marginwidth=\"0\" marginheight=\"0\" scrolling=\"no\"><\/iframe>\n<\/div><\/figure>\n\n\n\n<figure class=\"wp-block-embed is-type-wp-embed is-provider-osadzona-tresc wp-block-embed-osadzona-tresc\"><div class=\"wp-block-embed__wrapper\">\n<blockquote class=\"wp-embedded-content\" data-secret=\"o3V1jBR11F\"><a href=\"https:\/\/sp4-wroclaw.pl\/?p=12853\">Zaj\u0119cia \u015bwietlicowe w klasie 2f &#8211; karmniki dla ptak\u00f3w<\/a><\/blockquote><iframe loading=\"lazy\" class=\"wp-embedded-content\" sandbox=\"allow-scripts\" security=\"restricted\" style=\"position: absolute; clip: rect(1px, 1px, 1px, 1px);\" title=\"&#8222;Zaj\u0119cia \u015bwietlicowe w klasie 2f &#8211; karmniki dla ptak\u00f3w&#8221; &#8212; \" src=\"https:\/\/sp4-wroclaw.pl\/?p=12853&#038;embed=true#?secret=GYJkueyudI#?secret=o3V1jBR11F\" data-secret=\"o3V1jBR11F\" width=\"600\" height=\"338\" frameborder=\"0\" marginwidth=\"0\" marginheight=\"0\" scrolling=\"no\"><\/iframe>\n<\/div><\/figure>\n\n\n\n<figure class=\"wp-block-embed is-type-wp-embed is-provider-osadzona-tresc wp-block-embed-osadzona-tresc\"><div class=\"wp-block-embed__wrapper\">\n<blockquote class=\"wp-embedded-content\" data-secret=\"B2KuVLDQPp\"><a href=\"https:\/\/sp4-wroclaw.pl\/?p=12822\">\u201eKsi\u0105\u017ckowa magia \u015bwi\u0105t\u201d \u2013 rozstrzygni\u0119cie konkursu<\/a><\/blockquote><iframe loading=\"lazy\" class=\"wp-embedded-content\" sandbox=\"allow-scripts\" security=\"restricted\" style=\"position: absolute; clip: rect(1px, 1px, 1px, 1px);\" title=\"&#8222;\u201eKsi\u0105\u017ckowa magia \u015bwi\u0105t\u201d \u2013 rozstrzygni\u0119cie konkursu&#8221; &#8212; \" src=\"https:\/\/sp4-wroclaw.pl\/?p=12822&#038;embed=true#?secret=HttCrigZRg#?secret=B2KuVLDQPp\" data-secret=\"B2KuVLDQPp\" width=\"600\" height=\"338\" frameborder=\"0\" marginwidth=\"0\" marginheight=\"0\" scrolling=\"no\"><\/iframe>\n<\/div><\/figure>\n\n\n\n<figure class=\"wp-block-embed is-type-wp-embed is-provider-osadzona-tresc wp-block-embed-osadzona-tresc\"><div class=\"wp-block-embed__wrapper\">\n<blockquote class=\"wp-embedded-content\" data-secret=\"zycKKOUGxx\"><a href=\"https:\/\/sp4-wroclaw.pl\/?p=12612\">Warsztaty plastyczne klasy 3F podczas pobytu w \u015bwietlicy<\/a><\/blockquote><iframe loading=\"lazy\" class=\"wp-embedded-content\" sandbox=\"allow-scripts\" security=\"restricted\" style=\"position: absolute; clip: rect(1px, 1px, 1px, 1px);\" title=\"&#8222;Warsztaty plastyczne klasy 3F podczas pobytu w \u015bwietlicy&#8221; &#8212; \" src=\"https:\/\/sp4-wroclaw.pl\/?p=12612&#038;embed=true#?secret=CeRuCQsUrW#?secret=zycKKOUGxx\" data-secret=\"zycKKOUGxx\" width=\"600\" height=\"338\" frameborder=\"0\" marginwidth=\"0\" marginheight=\"0\" scrolling=\"no\"><\/iframe>\n<\/div><\/figure>\n\n\n\n<p><\/p>\n\n\n\n<figure class=\"wp-block-embed is-type-wp-embed is-provider-osadzona-tresc wp-block-embed-osadzona-tresc\"><div class=\"wp-block-embed__wrapper\">\n<blockquote class=\"wp-embedded-content\" data-secret=\"dTcPhfm49o\"><a href=\"https:\/\/sp4-wroclaw.pl\/?p=12602\">\u201eKa\u017cdy inny \u2013 wszyscy r\u00f3wni\u201d \u2013<\/a><\/blockquote><iframe loading=\"lazy\" class=\"wp-embedded-content\" sandbox=\"allow-scripts\" security=\"restricted\" style=\"position: absolute; clip: rect(1px, 1px, 1px, 1px);\" title=\"&#8222;\u201eKa\u017cdy inny \u2013 wszyscy r\u00f3wni\u201d \u2013&#8221; &#8212; \" src=\"https:\/\/sp4-wroclaw.pl\/?p=12602&#038;embed=true#?secret=jx94EMRtEL#?secret=dTcPhfm49o\" data-secret=\"dTcPhfm49o\" width=\"600\" height=\"338\" frameborder=\"0\" marginwidth=\"0\" marginheight=\"0\" scrolling=\"no\"><\/iframe>\n<\/div><\/figure>\n\n\n\n<figure class=\"wp-block-embed is-type-wp-embed is-provider-osadzona-tresc wp-block-embed-osadzona-tresc\"><div class=\"wp-block-embed__wrapper\">\n<blockquote class=\"wp-embedded-content\" data-secret=\"V4Yp4vPjjj\"><a href=\"https:\/\/sp4-wroclaw.pl\/?p=12608\">Wyniki Mi\u0119dzy\u015bwietlicowych Konkurs\u00f3w Plastycznych<\/a><\/blockquote><iframe loading=\"lazy\" class=\"wp-embedded-content\" sandbox=\"allow-scripts\" security=\"restricted\" style=\"position: absolute; clip: rect(1px, 1px, 1px, 1px);\" title=\"&#8222;Wyniki Mi\u0119dzy\u015bwietlicowych Konkurs\u00f3w Plastycznych&#8221; &#8212; \" src=\"https:\/\/sp4-wroclaw.pl\/?p=12608&#038;embed=true#?secret=IBXgBBUt3F#?secret=V4Yp4vPjjj\" data-secret=\"V4Yp4vPjjj\" width=\"600\" height=\"338\" frameborder=\"0\" marginwidth=\"0\" marginheight=\"0\" scrolling=\"no\"><\/iframe>\n<\/div><\/figure>\n\n\n\n<figure class=\"wp-block-embed is-type-wp-embed is-provider-osadzona-tresc wp-block-embed-osadzona-tresc\"><div class=\"wp-block-embed__wrapper\">\n<blockquote class=\"wp-embedded-content\" data-secret=\"QW5xyAWNEy\"><a href=\"https:\/\/sp4-wroclaw.pl\/?p=12597\">Spotkanie z le\u015bnikiem<\/a><\/blockquote><iframe loading=\"lazy\" class=\"wp-embedded-content\" sandbox=\"allow-scripts\" security=\"restricted\" style=\"position: absolute; clip: rect(1px, 1px, 1px, 1px);\" title=\"&#8222;Spotkanie z le\u015bnikiem&#8221; &#8212; \" src=\"https:\/\/sp4-wroclaw.pl\/?p=12597&#038;embed=true#?secret=zfCWAvltli#?secret=QW5xyAWNEy\" data-secret=\"QW5xyAWNEy\" width=\"600\" height=\"338\" frameborder=\"0\" marginwidth=\"0\" marginheight=\"0\" scrolling=\"no\"><\/iframe>\n<\/div><\/figure>\n\n\n\n<figure class=\"wp-block-embed is-type-wp-embed is-provider-osadzona-tresc wp-block-embed-osadzona-tresc\"><div class=\"wp-block-embed__wrapper\">\n<blockquote class=\"wp-embedded-content\" data-secret=\"Rk4SBQzxUh\"><a href=\"https:\/\/sp4-wroclaw.pl\/?p=12491\">Dzia\u0142ania plastyczne 3f w ramach zaj\u0119\u0107 \u015bwietlicowych<\/a><\/blockquote><iframe loading=\"lazy\" class=\"wp-embedded-content\" sandbox=\"allow-scripts\" security=\"restricted\" style=\"position: absolute; clip: rect(1px, 1px, 1px, 1px);\" title=\"&#8222;Dzia\u0142ania plastyczne 3f w ramach zaj\u0119\u0107 \u015bwietlicowych&#8221; &#8212; \" src=\"https:\/\/sp4-wroclaw.pl\/?p=12491&#038;embed=true#?secret=ifPpf58qKD#?secret=Rk4SBQzxUh\" data-secret=\"Rk4SBQzxUh\" width=\"600\" height=\"338\" frameborder=\"0\" marginwidth=\"0\" marginheight=\"0\" scrolling=\"no\"><\/iframe>\n<\/div><\/figure>\n\n\n\n<figure class=\"wp-block-embed is-type-wp-embed is-provider-osadzona-tresc wp-block-embed-osadzona-tresc\"><div class=\"wp-block-embed__wrapper\">\n<blockquote class=\"wp-embedded-content\" data-secret=\"DPDYd0p7KO\"><a href=\"https:\/\/sp4-wroclaw.pl\/?page_id=12359\">&#8222;Emocje&#8221;<\/a><\/blockquote><iframe loading=\"lazy\" class=\"wp-embedded-content\" sandbox=\"allow-scripts\" security=\"restricted\" style=\"position: absolute; clip: rect(1px, 1px, 1px, 1px);\" title=\"&#8222;&#8222;Emocje&#8221;&#8221; &#8212; \" src=\"https:\/\/sp4-wroclaw.pl\/?page_id=12359&#038;embed=true#?secret=eMf4VTCihf#?secret=DPDYd0p7KO\" data-secret=\"DPDYd0p7KO\" width=\"600\" height=\"338\" frameborder=\"0\" marginwidth=\"0\" marginheight=\"0\" scrolling=\"no\"><\/iframe>\n<\/div><\/figure>\n\n\n\n<figure class=\"wp-block-embed is-type-wp-embed is-provider-osadzona-tresc wp-block-embed-osadzona-tresc\"><div class=\"wp-block-embed__wrapper\">\n<blockquote class=\"wp-embedded-content\" data-secret=\"G8sjBtXoDB\"><a href=\"https:\/\/sp4-wroclaw.pl\/?p=12345\">&#8222;Ka\u017cdy inny &#8211; wszyscy r\u00f3wni&#8221;<\/a><\/blockquote><iframe loading=\"lazy\" class=\"wp-embedded-content\" sandbox=\"allow-scripts\" security=\"restricted\" style=\"position: absolute; clip: rect(1px, 1px, 1px, 1px);\" title=\"&#8222;&#8222;Ka\u017cdy inny &#8211; wszyscy r\u00f3wni&#8221;&#8221; &#8212; \" src=\"https:\/\/sp4-wroclaw.pl\/?p=12345&#038;embed=true#?secret=EtJCelswYd#?secret=G8sjBtXoDB\" data-secret=\"G8sjBtXoDB\" width=\"600\" height=\"338\" frameborder=\"0\" marginwidth=\"0\" marginheight=\"0\" scrolling=\"no\"><\/iframe>\n<\/div><\/figure>\n\n\n\n<figure class=\"wp-block-embed is-type-wp-embed is-provider-osadzona-tresc wp-block-embed-osadzona-tresc\"><div class=\"wp-block-embed__wrapper\">\n<blockquote class=\"wp-embedded-content\" data-secret=\"ti3NRbBqkr\"><a href=\"https:\/\/sp4-wroclaw.pl\/?p=12304\">Kartki \u017cyczliwo\u015bci<\/a><\/blockquote><iframe loading=\"lazy\" class=\"wp-embedded-content\" sandbox=\"allow-scripts\" security=\"restricted\" style=\"position: absolute; clip: rect(1px, 1px, 1px, 1px);\" title=\"&#8222;Kartki \u017cyczliwo\u015bci&#8221; &#8212; \" src=\"https:\/\/sp4-wroclaw.pl\/?p=12304&#038;embed=true#?secret=6cu47nFNU0#?secret=ti3NRbBqkr\" data-secret=\"ti3NRbBqkr\" width=\"600\" height=\"338\" frameborder=\"0\" marginwidth=\"0\" marginheight=\"0\" scrolling=\"no\"><\/iframe>\n<\/div><\/figure>\n\n\n\n<figure class=\"wp-block-embed is-type-wp-embed is-provider-osadzona-tresc wp-block-embed-osadzona-tresc\"><div class=\"wp-block-embed__wrapper\">\n<blockquote class=\"wp-embedded-content\" data-secret=\"aIf9HyJOW9\"><a href=\"https:\/\/sp4-wroclaw.pl\/?p=12193\">&#8222;Wielkie serca&#8221; i Og\u00f3lnopolski Tydzie\u0144 Szcz\u0119\u015bcia<\/a><\/blockquote><iframe loading=\"lazy\" class=\"wp-embedded-content\" sandbox=\"allow-scripts\" security=\"restricted\" style=\"position: absolute; clip: rect(1px, 1px, 1px, 1px);\" title=\"&#8222;&#8222;Wielkie serca&#8221; i Og\u00f3lnopolski Tydzie\u0144 Szcz\u0119\u015bcia&#8221; &#8212; \" src=\"https:\/\/sp4-wroclaw.pl\/?p=12193&#038;embed=true#?secret=bt8zRAh6MK#?secret=aIf9HyJOW9\" data-secret=\"aIf9HyJOW9\" width=\"600\" height=\"338\" frameborder=\"0\" marginwidth=\"0\" marginheight=\"0\" scrolling=\"no\"><\/iframe>\n<\/div><\/figure>\n\n\n\n<figure class=\"wp-block-embed is-type-wp-embed is-provider-osadzona-tresc wp-block-embed-osadzona-tresc\"><div class=\"wp-block-embed__wrapper\">\n<blockquote class=\"wp-embedded-content\" data-secret=\"252ZIMFBhr\"><a href=\"https:\/\/sp4-wroclaw.pl\/?p=12182\">Spotkanie z policjantami<\/a><\/blockquote><iframe loading=\"lazy\" class=\"wp-embedded-content\" sandbox=\"allow-scripts\" security=\"restricted\" style=\"position: absolute; clip: rect(1px, 1px, 1px, 1px);\" title=\"&#8222;Spotkanie z policjantami&#8221; &#8212; \" src=\"https:\/\/sp4-wroclaw.pl\/?p=12182&#038;embed=true#?secret=s5uA62zW8G#?secret=252ZIMFBhr\" data-secret=\"252ZIMFBhr\" width=\"600\" height=\"338\" frameborder=\"0\" marginwidth=\"0\" marginheight=\"0\" scrolling=\"no\"><\/iframe>\n<\/div><\/figure>\n\n\n\n<figure class=\"wp-block-embed is-type-wp-embed is-provider-osadzona-tresc wp-block-embed-osadzona-tresc\"><div class=\"wp-block-embed__wrapper\">\n<blockquote class=\"wp-embedded-content\" data-secret=\"6CLd2jNO4t\"><a href=\"https:\/\/sp4-wroclaw.pl\/?page_id=12175\">,, \u015awietliczaki na tropie&#8230; przys\u0142\u00f3w\u201d<\/a><\/blockquote><iframe loading=\"lazy\" class=\"wp-embedded-content\" sandbox=\"allow-scripts\" security=\"restricted\" style=\"position: absolute; clip: rect(1px, 1px, 1px, 1px);\" title=\"&#8222;,, \u015awietliczaki na tropie&#8230; przys\u0142\u00f3w\u201d&#8221; &#8212; \" src=\"https:\/\/sp4-wroclaw.pl\/?page_id=12175&#038;embed=true#?secret=PnNGVlXTdK#?secret=6CLd2jNO4t\" data-secret=\"6CLd2jNO4t\" width=\"600\" height=\"338\" frameborder=\"0\" marginwidth=\"0\" marginheight=\"0\" scrolling=\"no\"><\/iframe>\n<\/div><\/figure>\n\n\n\n<figure class=\"wp-block-embed is-type-wp-embed is-provider-osadzona-tresc wp-block-embed-osadzona-tresc\"><div class=\"wp-block-embed__wrapper\">\n<blockquote class=\"wp-embedded-content\" data-secret=\"z0uarhFY6A\"><a href=\"https:\/\/sp4-wroclaw.pl\/?p=12106\">Og\u00f3lnopolski Projekt Edukacyjny \u201e\u015awietliczaki na tropie\u2026 przys\u0142\u00f3w\u201d<\/a><\/blockquote><iframe loading=\"lazy\" class=\"wp-embedded-content\" sandbox=\"allow-scripts\" security=\"restricted\" style=\"position: absolute; clip: rect(1px, 1px, 1px, 1px);\" title=\"&#8222;Og\u00f3lnopolski Projekt Edukacyjny \u201e\u015awietliczaki na tropie\u2026 przys\u0142\u00f3w\u201d&#8221; &#8212; \" src=\"https:\/\/sp4-wroclaw.pl\/?p=12106&#038;embed=true#?secret=mSLmrEcM20#?secret=z0uarhFY6A\" data-secret=\"z0uarhFY6A\" width=\"600\" height=\"338\" frameborder=\"0\" marginwidth=\"0\" marginheight=\"0\" scrolling=\"no\"><\/iframe>\n<\/div><\/figure>\n\n\n\n<figure class=\"wp-block-embed is-type-wp-embed is-provider-osadzona-tresc wp-block-embed-osadzona-tresc\"><div class=\"wp-block-embed__wrapper\">\n<blockquote class=\"wp-embedded-content\" data-secret=\"ixNxjjEKfh\"><a href=\"https:\/\/sp4-wroclaw.pl\/?page_id=11907\">&#8222;Ka\u017cdy inny-wszyscy r\u00f3wni\u2019&#8221;<\/a><\/blockquote><iframe loading=\"lazy\" class=\"wp-embedded-content\" sandbox=\"allow-scripts\" security=\"restricted\" style=\"position: absolute; clip: rect(1px, 1px, 1px, 1px);\" title=\"&#8222;&#8222;Ka\u017cdy inny-wszyscy r\u00f3wni\u2019&#8221;&#8221; &#8212; \" src=\"https:\/\/sp4-wroclaw.pl\/?page_id=11907&#038;embed=true#?secret=359aviXtXl#?secret=ixNxjjEKfh\" data-secret=\"ixNxjjEKfh\" width=\"600\" height=\"338\" frameborder=\"0\" marginwidth=\"0\" marginheight=\"0\" scrolling=\"no\"><\/iframe>\n<\/div><\/figure>\n\n\n\n<figure class=\"wp-block-embed is-type-wp-embed is-provider-osadzona-tresc wp-block-embed-osadzona-tresc\"><div class=\"wp-block-embed__wrapper\">\n<blockquote class=\"wp-embedded-content\" data-secret=\"8ao2im6xsG\"><a href=\"https:\/\/sp4-wroclaw.pl\/?page_id=11666\">LOGORYTMIKA<\/a><\/blockquote><iframe loading=\"lazy\" class=\"wp-embedded-content\" sandbox=\"allow-scripts\" security=\"restricted\" style=\"position: absolute; clip: rect(1px, 1px, 1px, 1px);\" title=\"&#8222;LOGORYTMIKA&#8221; &#8212; \" src=\"https:\/\/sp4-wroclaw.pl\/?page_id=11666&#038;embed=true#?secret=7QJrx09PUF#?secret=8ao2im6xsG\" data-secret=\"8ao2im6xsG\" width=\"600\" height=\"338\" frameborder=\"0\" marginwidth=\"0\" marginheight=\"0\" scrolling=\"no\"><\/iframe>\n<\/div><\/figure>\n\n\n\n<p><blockquote class=\"wp-embedded-content\" data-secret=\"gUkb9YMbDU\"><a href=\"https:\/\/sp4-wroclaw.pl\/?page_id=11582\">Og\u00f3lnopolski Projekt Edukacyjno-Spo\u0142eczny \u201eKa\u017cdy inny &#8211; wszyscy r\u00f3wni\u201d<\/a><\/blockquote><iframe loading=\"lazy\" class=\"wp-embedded-content\" sandbox=\"allow-scripts\" security=\"restricted\" style=\"position: absolute; clip: rect(1px, 1px, 1px, 1px);\" title=\"&#8222;Og\u00f3lnopolski Projekt Edukacyjno-Spo\u0142eczny \u201eKa\u017cdy inny &#8211; wszyscy r\u00f3wni\u201d&#8221; &#8212; \" src=\"https:\/\/sp4-wroclaw.pl\/?page_id=11582&#038;embed=true#?secret=f8O51EzFfF#?secret=gUkb9YMbDU\" data-secret=\"gUkb9YMbDU\" width=\"600\" height=\"338\" frameborder=\"0\" marginwidth=\"0\" marginheight=\"0\" scrolling=\"no\"><\/iframe><\/p>\n\n\n\n<p><blockquote class=\"wp-embedded-content\" data-secret=\"uDdw6f5QUH\"><a href=\"https:\/\/sp4-wroclaw.pl\/?page_id=11585\">Akcja \u201eKredkobranie\u201d Fundacji Ignatianum<\/a><\/blockquote><iframe loading=\"lazy\" class=\"wp-embedded-content\" sandbox=\"allow-scripts\" security=\"restricted\" style=\"position: absolute; clip: rect(1px, 1px, 1px, 1px);\" title=\"&#8222;Akcja \u201eKredkobranie\u201d Fundacji Ignatianum&#8221; &#8212; \" src=\"https:\/\/sp4-wroclaw.pl\/?page_id=11585&#038;embed=true#?secret=LTmRS8YiR0#?secret=uDdw6f5QUH\" data-secret=\"uDdw6f5QUH\" width=\"600\" height=\"338\" frameborder=\"0\" marginwidth=\"0\" marginheight=\"0\" scrolling=\"no\"><\/iframe><\/p>\n\n\n\n<p><\/p>\n\n\n\n<p><\/p>\n\n\n\n<p><\/p>\n\n\n\n\n\n\n\n\n\n\n\n\n\n\n\n<pre class=\"wp-block-code\"><code><\/code><\/pre>\n","protected":false},"excerpt":{"rendered":"<p>&#8222;Pisanka wielkanocna&#8221; \u015awietliczaki na tropie&#8230; przys\u0142\u00f3w Og\u00f3lnopolski Projekt Edukacyjno-Spo\u0142eczny \u201eKa\u017cdy inny &#8211; wszyscy r\u00f3wni\u201d Akcja \u201eKredkobranie\u201d Fundacji Ignatianum<\/p>\n<p> <a class=\"continue-reading-link\" href=\"https:\/\/sp4-wroclaw.pl\/?page_id=11490\"><span>Czytaj dalej<\/span><i class=\"crycon-right-dir\"><\/i><\/a> <\/p>\n","protected":false},"author":1,"featured_media":0,"parent":0,"menu_order":0,"comment_status":"closed","ping_status":"closed","template":"","meta":{"footnotes":""},"class_list":["post-11490","page","type-page","status-publish","hentry"],"aioseo_notices":[],"_links":{"self":[{"href":"https:\/\/sp4-wroclaw.pl\/index.php?rest_route=\/wp\/v2\/pages\/11490","targetHints":{"allow":["GET"]}}],"collection":[{"href":"https:\/\/sp4-wroclaw.pl\/index.php?rest_route=\/wp\/v2\/pages"}],"about":[{"href":"https:\/\/sp4-wroclaw.pl\/index.php?rest_route=\/wp\/v2\/types\/page"}],"author":[{"embeddable":true,"href":"https:\/\/sp4-wroclaw.pl\/index.php?rest_route=\/wp\/v2\/users\/1"}],"replies":[{"embeddable":true,"href":"https:\/\/sp4-wroclaw.pl\/index.php?rest_route=%2Fwp%2Fv2%2Fcomments&post=11490"}],"version-history":[{"count":36,"href":"https:\/\/sp4-wroclaw.pl\/index.php?rest_route=\/wp\/v2\/pages\/11490\/revisions"}],"predecessor-version":[{"id":13774,"href":"https:\/\/sp4-wroclaw.pl\/index.php?rest_route=\/wp\/v2\/pages\/11490\/revisions\/13774"}],"wp:attachment":[{"href":"https:\/\/sp4-wroclaw.pl\/index.php?rest_route=%2Fwp%2Fv2%2Fmedia&parent=11490"}],"curies":[{"name":"wp","href":"https:\/\/api.w.org\/{rel}","templated":true}]}}