{"id":11666,"date":"2023-09-18T20:18:48","date_gmt":"2023-09-18T20:18:48","guid":{"rendered":"https:\/\/sp4-wroclaw.pl\/?page_id=11666"},"modified":"2023-09-18T20:18:48","modified_gmt":"2023-09-18T20:18:48","slug":"logorytmika","status":"publish","type":"page","link":"https:\/\/sp4-wroclaw.pl\/?page_id=11666","title":{"rendered":"LOGORYTMIKA"},"content":{"rendered":"\n\n\n<p>Logorytmika jest metod\u0105 wspomagaj\u0105c\u0105 wszechstronny rozw\u00f3j dziecka. Dzi\u0119ki po\u0142\u0105czeniu ruchu, muzyki i s\u0142owa oddzia\u0142uje na sfer\u0119 s\u0142uchow\u0105 i ruchow\u0105&#x1f46f;&#x200d;&#x2642;&#xfe0f;. Uczniowie z klasy 1d na pierwszych zaj\u0119ciach z logorytmiki wykonywali \u0107wiczenia s\u0142uchowo-ruchowe&#x1f941;. Du\u017co rado\u015bci dostarczy\u0142y naszym \u015bwietliczakom zabawy muzyczno-ruchowe z wykorzystaniem domina.<\/p>\n<p>\u00a0<\/p>\n\n\n\n<figure class=\"wp-block-video\"><video height=\"720\" style=\"aspect-ratio: 1280 \/ 720;\" width=\"1280\" controls src=\"https:\/\/sp4-wroclaw.pl\/wp-content\/uploads\/2023\/09\/video_256148.mp4\"><\/video><\/figure>\n","protected":false},"excerpt":{"rendered":"<p>Logorytmika jest metod\u0105 wspomagaj\u0105c\u0105 wszechstronny rozw\u00f3j dziecka. Dzi\u0119ki po\u0142\u0105czeniu ruchu, muzyki i s\u0142owa oddzia\u0142uje na sfer\u0119 s\u0142uchow\u0105 i ruchow\u0105&#x1f46f;&#x200d;&#x2642;&#xfe0f;. Uczniowie z klasy 1d na pierwszych zaj\u0119ciach z logorytmiki wykonywali \u0107wiczenia s\u0142uchowo-ruchowe&#x1f941;. Du\u017co rado\u015bci dostarczy\u0142y naszym \u015bwietliczakom zabawy muzyczno-ruchowe z wykorzystaniem domina. \u00a0<\/p>\n<p> <a class=\"continue-reading-link\" href=\"https:\/\/sp4-wroclaw.pl\/?page_id=11666\"><span>Czytaj dalej<\/span><i class=\"crycon-right-dir\"><\/i><\/a> <\/p>\n","protected":false},"author":1,"featured_media":0,"parent":0,"menu_order":0,"comment_status":"closed","ping_status":"closed","template":"","meta":{"footnotes":""},"class_list":["post-11666","page","type-page","status-publish","hentry"],"aioseo_notices":[],"_links":{"self":[{"href":"https:\/\/sp4-wroclaw.pl\/index.php?rest_route=\/wp\/v2\/pages\/11666","targetHints":{"allow":["GET"]}}],"collection":[{"href":"https:\/\/sp4-wroclaw.pl\/index.php?rest_route=\/wp\/v2\/pages"}],"about":[{"href":"https:\/\/sp4-wroclaw.pl\/index.php?rest_route=\/wp\/v2\/types\/page"}],"author":[{"embeddable":true,"href":"https:\/\/sp4-wroclaw.pl\/index.php?rest_route=\/wp\/v2\/users\/1"}],"replies":[{"embeddable":true,"href":"https:\/\/sp4-wroclaw.pl\/index.php?rest_route=%2Fwp%2Fv2%2Fcomments&post=11666"}],"version-history":[{"count":1,"href":"https:\/\/sp4-wroclaw.pl\/index.php?rest_route=\/wp\/v2\/pages\/11666\/revisions"}],"predecessor-version":[{"id":11668,"href":"https:\/\/sp4-wroclaw.pl\/index.php?rest_route=\/wp\/v2\/pages\/11666\/revisions\/11668"}],"wp:attachment":[{"href":"https:\/\/sp4-wroclaw.pl\/index.php?rest_route=%2Fwp%2Fv2%2Fmedia&parent=11666"}],"curies":[{"name":"wp","href":"https:\/\/api.w.org\/{rel}","templated":true}]}}