{"id":11907,"date":"2023-10-11T10:19:12","date_gmt":"2023-10-11T10:19:12","guid":{"rendered":"https:\/\/sp4-wroclaw.pl\/?page_id=11907"},"modified":"2023-10-11T10:19:12","modified_gmt":"2023-10-11T10:19:12","slug":"kazdy-inny-wszyscy-rowni","status":"publish","type":"page","link":"https:\/\/sp4-wroclaw.pl\/?page_id=11907","title":{"rendered":"&#8222;Ka\u017cdy inny-wszyscy r\u00f3wni\u2019&#8221;"},"content":{"rendered":"\n\n\n<p>Nasza szko\u0142a realizuje Og\u00f3lnopolski Projekt Edukacyjno-Spo\u0142eczny ,,Ka\u017cdy inny-wszyscy r\u00f3wni\u2019\u2019, w ramach kt\u00f3rego uczniowie zapoznaj\u0105 si\u0119 z ro\u017cnymi niepe\u0142nosprawno\u015bciami i chorobami. Uczymy si\u0119 tolerancji wobec os\u00f3b ze specjalnymi potrzebami edukacyjnymi. W klasie 1d zorganizowali\u015bmy zaj\u0119cia \u015bwietlicowe ,,bez m\u00f3wienia\u2019\u2019 podczas kt\u00f3rych komunikowali\u015bmy si\u0119 ze sob\u0105 w spos\u00f3b niewerbalny.<\/p>\n<p>\u00a0<\/p>\n\n\n\n<figure class=\"wp-block-video\"><\/figure>\n","protected":false},"excerpt":{"rendered":"<p>Nasza szko\u0142a realizuje Og\u00f3lnopolski Projekt Edukacyjno-Spo\u0142eczny ,,Ka\u017cdy inny-wszyscy r\u00f3wni\u2019\u2019, w ramach kt\u00f3rego uczniowie zapoznaj\u0105 si\u0119 z ro\u017cnymi niepe\u0142nosprawno\u015bciami i chorobami. Uczymy si\u0119 tolerancji wobec os\u00f3b ze specjalnymi potrzebami edukacyjnymi. W klasie 1d zorganizowali\u015bmy zaj\u0119cia \u015bwietlicowe ,,bez m\u00f3wienia\u2019\u2019 podczas kt\u00f3rych komunikowali\u015bmy si\u0119 ze sob\u0105 w spos\u00f3b niewerbalny. \u00a0<\/p>\n<p> <a class=\"continue-reading-link\" href=\"https:\/\/sp4-wroclaw.pl\/?page_id=11907\"><span>Czytaj dalej<\/span><i class=\"crycon-right-dir\"><\/i><\/a> <\/p>\n","protected":false},"author":1,"featured_media":0,"parent":0,"menu_order":0,"comment_status":"closed","ping_status":"closed","template":"","meta":{"footnotes":""},"class_list":["post-11907","page","type-page","status-publish","hentry"],"aioseo_notices":[],"_links":{"self":[{"href":"https:\/\/sp4-wroclaw.pl\/index.php?rest_route=\/wp\/v2\/pages\/11907","targetHints":{"allow":["GET"]}}],"collection":[{"href":"https:\/\/sp4-wroclaw.pl\/index.php?rest_route=\/wp\/v2\/pages"}],"about":[{"href":"https:\/\/sp4-wroclaw.pl\/index.php?rest_route=\/wp\/v2\/types\/page"}],"author":[{"embeddable":true,"href":"https:\/\/sp4-wroclaw.pl\/index.php?rest_route=\/wp\/v2\/users\/1"}],"replies":[{"embeddable":true,"href":"https:\/\/sp4-wroclaw.pl\/index.php?rest_route=%2Fwp%2Fv2%2Fcomments&post=11907"}],"version-history":[{"count":1,"href":"https:\/\/sp4-wroclaw.pl\/index.php?rest_route=\/wp\/v2\/pages\/11907\/revisions"}],"predecessor-version":[{"id":11908,"href":"https:\/\/sp4-wroclaw.pl\/index.php?rest_route=\/wp\/v2\/pages\/11907\/revisions\/11908"}],"wp:attachment":[{"href":"https:\/\/sp4-wroclaw.pl\/index.php?rest_route=%2Fwp%2Fv2%2Fmedia&parent=11907"}],"curies":[{"name":"wp","href":"https:\/\/api.w.org\/{rel}","templated":true}]}}