{"id":12,"date":"2017-07-24T14:47:07","date_gmt":"2017-07-24T14:47:07","guid":{"rendered":"http:\/\/sp4-wroclaw.pl\/?page_id=12"},"modified":"2026-03-16T15:17:27","modified_gmt":"2026-03-16T15:17:27","slug":"pedagog","status":"publish","type":"page","link":"https:\/\/sp4-wroclaw.pl\/?page_id=12","title":{"rendered":"PEDAGOG"},"content":{"rendered":"<p><a href=\"http:\/\/sp4-wroclaw.pl\/wp-content\/uploads\/2017\/07\/p1.jpg\"><img loading=\"lazy\" decoding=\"async\" class=\"alignleft size-full wp-image-320\" src=\"http:\/\/sp4-wroclaw.pl\/wp-content\/uploads\/2017\/07\/p1.jpg\" alt=\"\" width=\"432\" height=\"113\" srcset=\"https:\/\/sp4-wroclaw.pl\/wp-content\/uploads\/2017\/07\/p1.jpg 432w, https:\/\/sp4-wroclaw.pl\/wp-content\/uploads\/2017\/07\/p1-300x78.jpg 300w, https:\/\/sp4-wroclaw.pl\/wp-content\/uploads\/2017\/07\/p1-150x39.jpg 150w\" sizes=\"auto, (max-width: 432px) 100vw, 432px\" \/><\/a><\/p>\n<p><strong>Pedagog szkolny\u00a0 Edyta Fa\u0142kowska<\/strong><\/p>\n<p><strong>telefon:<\/strong> <span style=\"color: #00ccff;\">71-798-69-03 wew. 140<\/span><\/p>\n<p><strong>gabinet:<\/strong> \u00a0<span style=\"color: #00ccff;\">130 A (I pi\u0119tro), wewn\u0119trzny 140<\/span><\/p>\n<table class=\" alignleft\" style=\"border-color: #0d2dba; background-color: #fafafa; width: 70.5731%; height: 352px;\" border=\"0\">\n<tbody>\n<tr style=\"height: 142px;\">\n<td style=\"width: 330px; height: 142px;\">DNI TYGODNIA<\/td>\n<td style=\"width: 442px; height: 142px;\">PEDAGOGEdyta Fa\u0142kowska<\/td>\n<\/tr>\n<tr style=\"height: 118px;\">\n<td style=\"width: 330px; height: 118px;\">PONIEDZIA\u0141EK<\/td>\n<td style=\"width: 442px; height: 118px;\"><span style=\"color: #00ccff;\">8.30-11.50<\/span><span style=\"color: #00ccff;\">13:40-15:40<\/span><\/td>\n<\/tr>\n<tr style=\"height: 23px;\">\n<td style=\"width: 330px; height: 23px;\">WTOREK<\/td>\n<td style=\"width: 442px; height: 23px;\"><span style=\"color: #00ccff;\">10.30-14:40<\/span><\/td>\n<\/tr>\n<tr style=\"height: 23px;\">\n<td style=\"width: 330px; height: 23px;\">\u015aRODA<\/td>\n<td style=\"width: 442px; height: 23px;\"><span style=\"color: #00ccff;\">9:30-14.40<\/span><\/td>\n<\/tr>\n<tr style=\"height: 23px;\">\n<td style=\"width: 330px; height: 23px;\">CZWARTEK<\/td>\n<td style=\"width: 442px; height: 23px;\"><span style=\"color: #00ccff;\">10:30-11.50<\/span><span style=\"color: #00ccff;\">13:30-14:40<\/span><\/td>\n<\/tr>\n<tr style=\"height: 23px;\">\n<td style=\"width: 330px; height: 23px;\">PI\u0104TEK<\/td>\n<td style=\"width: 442px; height: 23px;\"><span style=\"color: #00ccff;\">9:30- 11:50<\/span><span style=\"color: #00ccff;\">12:35-15:15<\/span><\/td>\n<\/tr>\n<\/tbody>\n<\/table>\n<p>Kilka s\u0142\u00f3w o mnie&#8230;<br \/>\nJestem absolwentk\u0105 Wy\u017cszej Szko\u0142y Pedagogicznej im. Tadeusza Kotarbi\u0144skiego w Zielonej G\u00f3rze o kierunku pedagogika opieku\u0144czo-wychowawcza. Uko\u0144czy\u0142am r\u00f3wnie\u017c Podyplomowe Studia w zakresie socjoterapii w Dolno\u015bl\u0105skiej Szkole Wy\u017cszej Edukacji w Instytucie Pedagogiki Specjalnej. Uko\u0144czy\u0142am kurs kwalifikacyjny z Wychowania do \u017cycia w rodzinie oraz kurs kwalifikacyjny z zakresu Organizacji i Zarz\u0105dzania O\u015bwiat\u0105. Jestem wieloletnim koordynatorem ds. promocji zdrowia Wroc\u0142awskiego Programu Przedszkoli i Szk\u00f3\u0142 Promuj\u0105cych Zdrowie. Uko\u0144czy\u0142am liczne szkolenia oraz kursy w zakresie profilaktyki uzale\u017cnie\u0144, bezpiecze\u0144stwa w szkole oraz pierwszej pomocy. Bior\u0119 udzia\u0142 w posiedzeniach zespo\u0142u interdyscyplinarnego ds. przemocy w rodzinie. Na bie\u017c\u0105co poszerzam swoj\u0105 wiedz\u0119 we wszystkich obszarach mojej pracy. Prac\u0119 zawodow\u0105 z dzie\u0107mi rozpocz\u0119\u0142am wiele lat temu. Jest ona dla mnie pasj\u0105 i nadaje sens \u017cyciu.<br \/>\nPedagog szkolny to osoba, kt\u00f3ra ma na celu uzupe\u0142nianie, pog\u0142\u0119bianie i rozszerzanie dzia\u0142alno\u015bci wychowawczo-dydaktycznej prowadzonej w szkole.<\/p>\n<p>Pedagog szkolny wsp\u00f3\u0142pracuje z nauczycielami, dyrekcj\u0105 szko\u0142y, rodzicami, instytucjami s\u0142u\u017c\u0105cymi pomoc\u0105 dziecku i rodzinie (Poradnie Psychologiczno \u2013 Pedagogiczne, Policja, O\u015brodki Pomocy Spo\u0142ecznej, S\u0105dy Rodzinne, Plac\u00f3wki Opieku\u0144czo \u2013 Wychowawcze).<\/p>\n<p style=\"text-align: center;\"><em>G\u0142<\/em><em>\u00f3wnym partnerem w pracy pedagoga jest <strong><span style=\"color: #ff0000;\">UCZE\u0143<\/span>!<\/strong><\/em><\/p>\n<p><strong>Zadania pedagoga szkolnego to mi\u0119dzy innymi:<\/strong><\/p>\n<ul>\n<li>Diagnozowanie \u015brodowiska uczniowskiego i rozpoznawanie indywidualnych potrzeb uczni\u00f3w,<\/li>\n<li>Organizowanie i prowadzenie r\u00f3\u017cnych form pomocy psychologiczno \u2013 pedagogicznej dla uczni\u00f3w, rodzic\u00f3w i nauczycieli,<\/li>\n<li>Podejmowanie i wspieranie dzia\u0142a\u0144 wychowawczych i profilaktycznych,<\/li>\n<li>Wspieranie dzia\u0142a\u0144 wychowawczych i opieku\u0144czych nauczycieli,<\/li>\n<li>Dzia\u0142anie na rzecz zorganizowania opieki i pomocy materialnej uczniom znajduj\u0105cym si\u0119 w trudnej sytuacji.<\/li>\n<\/ul>\n<p><strong>Czego <\/strong><strong>najcz\u0119\u015bciej<\/strong><strong> oczekuje ucze\u0144 w kontaktach z pedagogiem?<\/strong><\/p>\n<p>Najcz\u0119\u015bciej poruszane problemy to:<\/p>\n<p>&#8211; trudno\u015bci w nauce<\/p>\n<p>brak akceptacji przez grup\u0119 r\u00f3wie\u015bnicz\u0105<\/p>\n<p>&#8211; k\u0142opoty osobiste i rodzinne<\/p>\n<p>&#8211; niska samoocena<\/p>\n<p>&#8211; potrzeba rozwijania indywidualnych zdolno\u015bci<\/p>\n<p>&#8211; okres dojrzewania<\/p>\n<table>\n<tbody>\n<tr>\n<td width=\"17\"><strong>. <\/strong><\/td>\n<td width=\"299\"><span style=\"color: #ff0000;\"><strong>Uczniu, zwr\u00f3\u0107 si\u0119 do pedagoga gdy:\u00a0<\/strong><\/span>\u2022 czujesz, \u017ce nikt Ci\u0119 nie rozumie, jeste\u015b samotny<br \/>\n\u2022 nie potrafisz porozumie\u0107 si\u0119 z nauczycielem<br \/>\n\u2022 masz problemy rodzinne<br \/>\n\u2022 chcesz podzieli\u0107 si\u0119 swoj\u0105 rado\u015bci\u0105, sukcesem<br \/>\n\u2022 chcia\u0142by\u015b pom\u00f3c innym, ale nie wiesz w jaki spos\u00f3b<br \/>\n\u2022 masz ciekawe pomys\u0142y, kt\u00f3rymi chcesz si\u0119 podzieli\u0107<strong>Przyjd\u017a tak\u017ce z ka\u017cd\u0105 sprawa, z kt<\/strong><strong>\u00f3r\u0105 sam nie potrafisz sobie poradzi\u0107. <\/strong><\/p>\n<p><strong>PRZYJD\u0179. POSTARAM SI\u0118 POM<\/strong><strong>\u00d3C.<\/strong><\/td>\n<td width=\"299\"><span style=\"color: #ff0000;\"><strong>Rodzicu zwr\u00f3\u0107 si\u0119 do pedagoga, gdy:<\/strong><\/span><strong>\u00a0<\/strong>\u2022 niepokoi Ci\u0119 zachowanie dziecka<br \/>\n\u2022 zauwa\u017casz u dziecka problemy w uczeniu si\u0119<br \/>\n\u2022 chcesz porozmawia\u0107 o dziecku i twoich z nim relacjach<br \/>\n\u2022 poturbujesz wsparcia w procesie wychowania<br \/>\n\u2022 masz pytania i nie wiesz do kogo zwr\u00f3ci\u0107 si\u0119 po pomoc<br \/>\n\u2022 znajdujesz si\u0119 w trudnej sytuacji materialnej.<strong>ZAPRASZAM. POSTARAM SI\u0118 POM<\/strong><strong>\u00d3C. <\/strong><\/td>\n<\/tr>\n<\/tbody>\n<\/table>\n<p><img loading=\"lazy\" decoding=\"async\" class=\"size-full wp-image-236 aligncenter\" src=\"http:\/\/sp4-wroclaw.pl\/wp-content\/uploads\/2017\/09\/zdj2a-1.bmp\" alt=\"\" width=\"500\" height=\"375\" srcset=\"https:\/\/sp4-wroclaw.pl\/wp-content\/uploads\/2017\/09\/zdj2a-1.bmp 500w, https:\/\/sp4-wroclaw.pl\/wp-content\/uploads\/2017\/09\/zdj2a-1-300x225.jpg 300w, https:\/\/sp4-wroclaw.pl\/wp-content\/uploads\/2017\/09\/zdj2a-1-150x113.jpg 150w\" sizes=\"auto, (max-width: 500px) 100vw, 500px\" \/><\/p>\n<p><strong>Pedagog prowadzi dla uczni\u00f3w terapi\u0119 pedagogiczn\u0105 indywidualn\u0105 i w grupach.<\/strong><\/p>\n<p><img loading=\"lazy\" decoding=\"async\" class=\"size-full wp-image-235 aligncenter\" src=\"http:\/\/sp4-wroclaw.pl\/wp-content\/uploads\/2017\/09\/zdj3a.bmp\" alt=\"\" width=\"502\" height=\"416\" srcset=\"https:\/\/sp4-wroclaw.pl\/wp-content\/uploads\/2017\/09\/zdj3a.bmp 502w, https:\/\/sp4-wroclaw.pl\/wp-content\/uploads\/2017\/09\/zdj3a-300x249.jpg 300w, https:\/\/sp4-wroclaw.pl\/wp-content\/uploads\/2017\/09\/zdj3a-150x124.jpg 150w\" sizes=\"auto, (max-width: 502px) 100vw, 502px\" \/><\/p>\n<p><strong>Apel Twojego dziecka<\/strong><br \/>\nnapisany przez Janusza Korczaka<\/p>\n<p><strong>Nie psuj mnie.<\/strong> Dobrze wiem, \u017ce nie powinienem mie\u0107 tego wszystkiego, czego si\u0119 domagam. To tylko pr\u00f3ba z mojej strony.<br \/>\n<strong>Nie b\u00f3j si\u0119 stanowczo\u015bci.<\/strong> W\u0142a\u015bnie tego potrzebuj\u0119 &#8211; poczucia bezpiecze\u0144stwa.<br \/>\n<strong>Nie bagatelizuj moich z\u0142ych nawyk\u00f3w.<\/strong> Tylko Ty mo\u017cesz pom\u00f3c mi zwalczy\u0107 z\u0142o, p\u00f3ki jeszcze jest to mo\u017cliwe.<br \/>\n<strong>Nie r\u00f3b ze mnie wi\u0119kszego dziecka ni\u017c jestem.<\/strong> To sprawia, \u017ce przyjmuj\u0119 postaw\u0119 g\u0142upio doros\u0142\u0105, \u017ceby udowodni\u0107, \u017ce jestem du\u017cy.<br \/>\n<strong>Nie zwracaj mi uwagi przy innych ludziach, je\u015bli nie jest to konieczne.<\/strong> O wiele bardziej przejmuj\u0119 si\u0119 tym, co m\u00f3wisz, je\u015bli rozmawiamy w cztery oczy.<br \/>\n<strong>Nie chro\u0144 mnie przed konsekwencjami.<\/strong> Czasami dobrze jest nauczy\u0107 si\u0119 rzeczy bolesnych i nieprzyjemnych.<br \/>\n<strong>Nie wmawiaj mi, \u017ce b\u0142\u0119dy kt\u00f3re pope\u0142niam s\u0105 grzechem.<\/strong> To zagra\u017ca mojemu poczuciu warto\u015bci.<br \/>\n<strong>Nie przejmuj si\u0119 za bardzo, gdy m\u00f3wi\u0119, \u017ce ci\u0119 nienawidz\u0119.<\/strong> Czasami m\u00f3wi\u0119 to, by przyci\u0105gn\u0105\u0107 Twoj\u0105 uwag\u0119.<br \/>\n<strong>Nie zrz\u0119d\u017a<\/strong>. W przeciwnym razie musz\u0119 si\u0119 przed Tob\u0105 broni\u0107 i zrobi\u0119 si\u0119 g\u0142uchy.<br \/>\n<strong>Nie dawaj mi obietnic bez pokrycia.<\/strong> Czuj\u0119 si\u0119 przera\u017aliwie zawiedziony, kiedy nic z tego wszystkiego nie wychodzi.<br \/>\n<strong>Nie zapominaj, \u017ce jeszcze trudno mi jest precyzyjnie wyrazi\u0107 my\u015bli.<\/strong> To dlatego nie zawsze si\u0119 rozumiemy.<br \/>\n<strong>Nie sprawdzaj z uporem maniaka mojej uczciwo\u015bci.<\/strong> Zbyt \u0142atwo strach zmusza mnie do k\u0142amstwa.<br \/>\n<strong>Nie b\u0105d\u017a niekonsekwentny.<\/strong> To mnie og\u0142upia i trac\u0119 ca\u0142\u0105 swoj\u0105 wiar\u0119 w Ciebie.<br \/>\n<strong>Nie odtr\u0105caj mnie, gdy dr\u0119cz\u0119 Ci\u0119 pytaniami.<\/strong> Mo\u017ce si\u0119 wkr\u00f3tce okaza\u0107, \u017ce zamiast prosi\u0107 Ci\u0119 o wyja\u015bnienia, poszukam ich gdzie indziej.<br \/>\n<strong>Nie wmawiaj mi, \u017ce moje l\u0119ki s\u0105 g\u0142upie.<\/strong> One po prostu s\u0105.<br \/>\n<strong>Nie r\u00f3b z siebie nieskazitelnego idea\u0142u.<\/strong> Prawda na Tw\u00f3j temat by\u0142aby w przysz\u0142o\u015bci nie do zniesienia.<br \/>\n<strong>Nie wyobra\u017caj sobie, \u017ce przepraszaj\u0105c mnie, stracisz autorytet.<\/strong> Za uczciw\u0105 gr\u0119 umiem podzi\u0119kowa\u0107 mi\u0142o\u015bci\u0105, o jakiej Ci si\u0119 nie \u015bni\u0142o.<br \/>\n<strong>Nie zapominaj, \u017ce uwielbiam wszelkiego rodzaju eksperymenty.<\/strong> To po prostu m\u00f3j spos\u00f3b na \u017cycie, wi\u0119c przymknij na to oczy.<br \/>\n<strong>Nie b\u0105d\u017a \u015blepy i przyznaj, \u017ce ja te\u017c rosn\u0119.<\/strong> Wiem, jak trudno dotrzymywa\u0107 mi kroku w tym galopie, ale zr\u00f3b co mo\u017cesz, \u017ceby si\u0119 uda\u0142o.<br \/>\n<strong>Nie b\u00f3j si\u0119 mi\u0142o\u015bci.<\/strong> Nigdy.<\/p>\n","protected":false},"excerpt":{"rendered":"<p>Pedagog szkolny\u00a0 Edyta Fa\u0142kowska telefon: 71-798-69-03 wew. 140 gabinet: \u00a0130 A (I pi\u0119tro), wewn\u0119trzny 140 DNI TYGODNIA PEDAGOGEdyta Fa\u0142kowska PONIEDZIA\u0141EK 8.30-11.5013:40-15:40 WTOREK 10.30-14:40 \u015aRODA 9:30-14.40 CZWARTEK 10:30-11.5013:30-14:40 PI\u0104TEK 9:30- 11:5012:35-15:15 Kilka s\u0142\u00f3w o mnie&#8230; Jestem absolwentk\u0105 Wy\u017cszej Szko\u0142y Pedagogicznej im. Tadeusza Kotarbi\u0144skiego w Zielonej G\u00f3rze o kierunku pedagogika opieku\u0144czo-wychowawcza. Uko\u0144czy\u0142am\u2026<\/p>\n<p> <a class=\"continue-reading-link\" href=\"https:\/\/sp4-wroclaw.pl\/?page_id=12\"><span>Czytaj dalej<\/span><i class=\"crycon-right-dir\"><\/i><\/a> <\/p>\n","protected":false},"author":1,"featured_media":0,"parent":0,"menu_order":0,"comment_status":"closed","ping_status":"closed","template":"","meta":{"footnotes":""},"class_list":["post-12","page","type-page","status-publish","hentry"],"aioseo_notices":[],"_links":{"self":[{"href":"https:\/\/sp4-wroclaw.pl\/index.php?rest_route=\/wp\/v2\/pages\/12","targetHints":{"allow":["GET"]}}],"collection":[{"href":"https:\/\/sp4-wroclaw.pl\/index.php?rest_route=\/wp\/v2\/pages"}],"about":[{"href":"https:\/\/sp4-wroclaw.pl\/index.php?rest_route=\/wp\/v2\/types\/page"}],"author":[{"embeddable":true,"href":"https:\/\/sp4-wroclaw.pl\/index.php?rest_route=\/wp\/v2\/users\/1"}],"replies":[{"embeddable":true,"href":"https:\/\/sp4-wroclaw.pl\/index.php?rest_route=%2Fwp%2Fv2%2Fcomments&post=12"}],"version-history":[{"count":32,"href":"https:\/\/sp4-wroclaw.pl\/index.php?rest_route=\/wp\/v2\/pages\/12\/revisions"}],"predecessor-version":[{"id":17672,"href":"https:\/\/sp4-wroclaw.pl\/index.php?rest_route=\/wp\/v2\/pages\/12\/revisions\/17672"}],"wp:attachment":[{"href":"https:\/\/sp4-wroclaw.pl\/index.php?rest_route=%2Fwp%2Fv2%2Fmedia&parent=12"}],"curies":[{"name":"wp","href":"https:\/\/api.w.org\/{rel}","templated":true}]}}