{"id":12175,"date":"2023-10-22T17:07:18","date_gmt":"2023-10-22T17:07:18","guid":{"rendered":"https:\/\/sp4-wroclaw.pl\/?page_id=12175"},"modified":"2023-10-22T17:07:18","modified_gmt":"2023-10-22T17:07:18","slug":"swietliczaki-na-tropie-przyslow","status":"publish","type":"page","link":"https:\/\/sp4-wroclaw.pl\/?page_id=12175","title":{"rendered":",, \u015awietliczaki na tropie&#8230; przys\u0142\u00f3w\u201d"},"content":{"rendered":"\n\n\n<p>Do tej pory uczniowie w ciekawy spos\u00f3b omawiali znaczenia nast\u0119puj\u0105cych \u00a0przys\u0142\u00f3w:\u00a0<\/p>\n<p>\u00a0<\/p>\n\n\n\n<figure class=\"wp-block-image size-large is-resized\"><img loading=\"lazy\" decoding=\"async\" src=\"https:\/\/sp4-wroclaw.pl\/wp-content\/uploads\/2023\/10\/IMG_4923-1024x768.jpg\" alt=\"\" class=\"wp-image-12177\" width=\"465\" height=\"349\" srcset=\"https:\/\/sp4-wroclaw.pl\/wp-content\/uploads\/2023\/10\/IMG_4923-1024x768.jpg 1024w, https:\/\/sp4-wroclaw.pl\/wp-content\/uploads\/2023\/10\/IMG_4923-300x225.jpg 300w, https:\/\/sp4-wroclaw.pl\/wp-content\/uploads\/2023\/10\/IMG_4923-768x576.jpg 768w, https:\/\/sp4-wroclaw.pl\/wp-content\/uploads\/2023\/10\/IMG_4923-1536x1152.jpg 1536w, https:\/\/sp4-wroclaw.pl\/wp-content\/uploads\/2023\/10\/IMG_4923-2048x1536.jpg 2048w, https:\/\/sp4-wroclaw.pl\/wp-content\/uploads\/2023\/10\/IMG_4923-150x113.jpg 150w\" sizes=\"auto, (max-width: 465px) 100vw, 465px\" \/><figcaption>,,Kiedy wrzesie\u0144, to ju\u017c jesie\u0144, wtedy jab\u0142ek pe\u0142na kiesze\u0144\u201d (dary jesieni)<\/figcaption><\/figure>\n\n\n\n<figure class=\"wp-block-image size-large is-resized\"><img loading=\"lazy\" decoding=\"async\" src=\"https:\/\/sp4-wroclaw.pl\/wp-content\/uploads\/2023\/10\/IMG_4934-768x1024.jpg\" alt=\"\" class=\"wp-image-12176\" width=\"326\" height=\"435\" srcset=\"https:\/\/sp4-wroclaw.pl\/wp-content\/uploads\/2023\/10\/IMG_4934-768x1024.jpg 768w, https:\/\/sp4-wroclaw.pl\/wp-content\/uploads\/2023\/10\/IMG_4934-225x300.jpg 225w, https:\/\/sp4-wroclaw.pl\/wp-content\/uploads\/2023\/10\/IMG_4934-1152x1536.jpg 1152w, https:\/\/sp4-wroclaw.pl\/wp-content\/uploads\/2023\/10\/IMG_4934-1536x2048.jpg 1536w, https:\/\/sp4-wroclaw.pl\/wp-content\/uploads\/2023\/10\/IMG_4934-113x150.jpg 113w, https:\/\/sp4-wroclaw.pl\/wp-content\/uploads\/2023\/10\/IMG_4934-scaled.jpg 1920w\" sizes=\"auto, (max-width: 326px) 100vw, 326px\" \/><figcaption>,,Kiedy wrzesie\u0144, to ju\u017c jesie\u0144, wtedy jab\u0142ek pe\u0142na kiesze\u0144\u201d (dary jesieni)<\/figcaption><\/figure>\n\n\n\n<figure class=\"wp-block-image size-large is-resized\"><img loading=\"lazy\" decoding=\"async\" src=\"https:\/\/sp4-wroclaw.pl\/wp-content\/uploads\/2023\/10\/image1-1024x768.jpeg\" alt=\"\" class=\"wp-image-12178\" width=\"533\" height=\"400\" srcset=\"https:\/\/sp4-wroclaw.pl\/wp-content\/uploads\/2023\/10\/image1-1024x768.jpeg 1024w, https:\/\/sp4-wroclaw.pl\/wp-content\/uploads\/2023\/10\/image1-300x225.jpeg 300w, https:\/\/sp4-wroclaw.pl\/wp-content\/uploads\/2023\/10\/image1-768x576.jpeg 768w, https:\/\/sp4-wroclaw.pl\/wp-content\/uploads\/2023\/10\/image1-1536x1152.jpeg 1536w, https:\/\/sp4-wroclaw.pl\/wp-content\/uploads\/2023\/10\/image1-2048x1536.jpeg 2048w, https:\/\/sp4-wroclaw.pl\/wp-content\/uploads\/2023\/10\/image1-150x113.jpeg 150w\" sizes=\"auto, (max-width: 533px) 100vw, 533px\" \/><figcaption>,,Po burzy zawsze wychodzi s\u0142o\u0144ce\u201d<\/figcaption><\/figure>\n\n\n\n<figure class=\"wp-block-image size-large is-resized\"><img loading=\"lazy\" decoding=\"async\" src=\"https:\/\/sp4-wroclaw.pl\/wp-content\/uploads\/2023\/10\/image2-768x1024.jpeg\" alt=\"\" class=\"wp-image-12179\" width=\"520\" height=\"693\" srcset=\"https:\/\/sp4-wroclaw.pl\/wp-content\/uploads\/2023\/10\/image2-768x1024.jpeg 768w, https:\/\/sp4-wroclaw.pl\/wp-content\/uploads\/2023\/10\/image2-225x300.jpeg 225w, https:\/\/sp4-wroclaw.pl\/wp-content\/uploads\/2023\/10\/image2-1152x1536.jpeg 1152w, https:\/\/sp4-wroclaw.pl\/wp-content\/uploads\/2023\/10\/image2-1536x2048.jpeg 1536w, https:\/\/sp4-wroclaw.pl\/wp-content\/uploads\/2023\/10\/image2-113x150.jpeg 113w, https:\/\/sp4-wroclaw.pl\/wp-content\/uploads\/2023\/10\/image2-scaled.jpeg 1920w\" sizes=\"auto, (max-width: 520px) 100vw, 520px\" \/><figcaption>,,Wybiera\u0107 si\u0119 jak s\u00f3jka za morze\u201d<\/figcaption><\/figure>\n","protected":false},"excerpt":{"rendered":"<p>Do tej pory uczniowie w ciekawy spos\u00f3b omawiali znaczenia nast\u0119puj\u0105cych \u00a0przys\u0142\u00f3w:\u00a0 \u00a0<\/p>\n<p> <a class=\"continue-reading-link\" href=\"https:\/\/sp4-wroclaw.pl\/?page_id=12175\"><span>Czytaj dalej<\/span><i class=\"crycon-right-dir\"><\/i><\/a> <\/p>\n","protected":false},"author":1,"featured_media":0,"parent":0,"menu_order":0,"comment_status":"closed","ping_status":"closed","template":"","meta":{"footnotes":""},"class_list":["post-12175","page","type-page","status-publish","hentry"],"aioseo_notices":[],"_links":{"self":[{"href":"https:\/\/sp4-wroclaw.pl\/index.php?rest_route=\/wp\/v2\/pages\/12175","targetHints":{"allow":["GET"]}}],"collection":[{"href":"https:\/\/sp4-wroclaw.pl\/index.php?rest_route=\/wp\/v2\/pages"}],"about":[{"href":"https:\/\/sp4-wroclaw.pl\/index.php?rest_route=\/wp\/v2\/types\/page"}],"author":[{"embeddable":true,"href":"https:\/\/sp4-wroclaw.pl\/index.php?rest_route=\/wp\/v2\/users\/1"}],"replies":[{"embeddable":true,"href":"https:\/\/sp4-wroclaw.pl\/index.php?rest_route=%2Fwp%2Fv2%2Fcomments&post=12175"}],"version-history":[{"count":1,"href":"https:\/\/sp4-wroclaw.pl\/index.php?rest_route=\/wp\/v2\/pages\/12175\/revisions"}],"predecessor-version":[{"id":12180,"href":"https:\/\/sp4-wroclaw.pl\/index.php?rest_route=\/wp\/v2\/pages\/12175\/revisions\/12180"}],"wp:attachment":[{"href":"https:\/\/sp4-wroclaw.pl\/index.php?rest_route=%2Fwp%2Fv2%2Fmedia&parent=12175"}],"curies":[{"name":"wp","href":"https:\/\/api.w.org\/{rel}","templated":true}]}}