{"id":12359,"date":"2023-11-15T07:33:18","date_gmt":"2023-11-15T07:33:18","guid":{"rendered":"https:\/\/sp4-wroclaw.pl\/?page_id=12359"},"modified":"2023-11-15T07:33:18","modified_gmt":"2023-11-15T07:33:18","slug":"emocje","status":"publish","type":"page","link":"https:\/\/sp4-wroclaw.pl\/?page_id=12359","title":{"rendered":"&#8222;Emocje&#8221;"},"content":{"rendered":"\n<p>W przedostatnim tygodniu pa\u017adziernika na zaj\u0119ciach \u015bwietlicowych zajmowali\u015bmy si\u0119 emocjami. Szczeg\u00f3lnie du\u017co uwagi po\u015bwi\u0119cili\u015bmy z\u0142o\u015bci, sytuacjach, kt\u00f3re j\u0105 wywo\u0142uj\u0105 oraz sposobach radzenia sobie z negatywnymi emocjami. Czytali\u015bmy bajk\u0119 terapeutyczn\u0105 pt. ,, Wielka Zielona Z\u0142o\u015b\u0107\u201d, kt\u00f3rej tytu\u0142ow\u0105 bohaterk\u0119 uczniowie klasy 1D starali si\u0119 ulepi\u0107 z plasteliny.<\/p>\n\n\n\n<figure class=\"wp-block-image size-large\"><img loading=\"lazy\" decoding=\"async\" width=\"1024\" height=\"1024\" src=\"https:\/\/sp4-wroclaw.pl\/wp-content\/uploads\/2023\/11\/photo-output-1024x1024.jpeg\" alt=\"\" class=\"wp-image-12360\" srcset=\"https:\/\/sp4-wroclaw.pl\/wp-content\/uploads\/2023\/11\/photo-output-1024x1024.jpeg 1024w, https:\/\/sp4-wroclaw.pl\/wp-content\/uploads\/2023\/11\/photo-output-300x300.jpeg 300w, https:\/\/sp4-wroclaw.pl\/wp-content\/uploads\/2023\/11\/photo-output-150x150.jpeg 150w, https:\/\/sp4-wroclaw.pl\/wp-content\/uploads\/2023\/11\/photo-output-768x768.jpeg 768w, https:\/\/sp4-wroclaw.pl\/wp-content\/uploads\/2023\/11\/photo-output-1536x1536.jpeg 1536w, https:\/\/sp4-wroclaw.pl\/wp-content\/uploads\/2023\/11\/photo-output-2048x2048.jpeg 2048w\" sizes=\"auto, (max-width: 1024px) 100vw, 1024px\" \/><\/figure>\n","protected":false},"excerpt":{"rendered":"<p>W przedostatnim tygodniu pa\u017adziernika na zaj\u0119ciach \u015bwietlicowych zajmowali\u015bmy si\u0119 emocjami. Szczeg\u00f3lnie du\u017co uwagi po\u015bwi\u0119cili\u015bmy z\u0142o\u015bci, sytuacjach, kt\u00f3re j\u0105 wywo\u0142uj\u0105 oraz sposobach radzenia sobie z negatywnymi emocjami. Czytali\u015bmy bajk\u0119 terapeutyczn\u0105 pt. ,, Wielka Zielona Z\u0142o\u015b\u0107\u201d, kt\u00f3rej tytu\u0142ow\u0105 bohaterk\u0119 uczniowie klasy 1D starali si\u0119 ulepi\u0107 z plasteliny.<\/p>\n<p> <a class=\"continue-reading-link\" href=\"https:\/\/sp4-wroclaw.pl\/?page_id=12359\"><span>Czytaj dalej<\/span><i class=\"crycon-right-dir\"><\/i><\/a> <\/p>\n","protected":false},"author":1,"featured_media":0,"parent":0,"menu_order":0,"comment_status":"closed","ping_status":"closed","template":"","meta":{"footnotes":""},"class_list":["post-12359","page","type-page","status-publish","hentry"],"aioseo_notices":[],"_links":{"self":[{"href":"https:\/\/sp4-wroclaw.pl\/index.php?rest_route=\/wp\/v2\/pages\/12359","targetHints":{"allow":["GET"]}}],"collection":[{"href":"https:\/\/sp4-wroclaw.pl\/index.php?rest_route=\/wp\/v2\/pages"}],"about":[{"href":"https:\/\/sp4-wroclaw.pl\/index.php?rest_route=\/wp\/v2\/types\/page"}],"author":[{"embeddable":true,"href":"https:\/\/sp4-wroclaw.pl\/index.php?rest_route=\/wp\/v2\/users\/1"}],"replies":[{"embeddable":true,"href":"https:\/\/sp4-wroclaw.pl\/index.php?rest_route=%2Fwp%2Fv2%2Fcomments&post=12359"}],"version-history":[{"count":1,"href":"https:\/\/sp4-wroclaw.pl\/index.php?rest_route=\/wp\/v2\/pages\/12359\/revisions"}],"predecessor-version":[{"id":12361,"href":"https:\/\/sp4-wroclaw.pl\/index.php?rest_route=\/wp\/v2\/pages\/12359\/revisions\/12361"}],"wp:attachment":[{"href":"https:\/\/sp4-wroclaw.pl\/index.php?rest_route=%2Fwp%2Fv2%2Fmedia&parent=12359"}],"curies":[{"name":"wp","href":"https:\/\/api.w.org\/{rel}","templated":true}]}}