{"id":12981,"date":"2024-02-05T10:22:16","date_gmt":"2024-02-05T10:22:16","guid":{"rendered":"https:\/\/sp4-wroclaw.pl\/?page_id=12981"},"modified":"2024-02-05T10:22:18","modified_gmt":"2024-02-05T10:22:18","slug":"swietliczaki-na-tropie-przyslow-2","status":"publish","type":"page","link":"https:\/\/sp4-wroclaw.pl\/?page_id=12981","title":{"rendered":"\u015awietliczaki na tropie&#8230; przys\u0142\u00f3w"},"content":{"rendered":"\n\n\n<p>W ramach projektu realizowanego przez nasz\u0105 szkol\u0119 pt.,, \u015awietliczaki na tropie&#8230; przys\u0142\u00f3w\u201d uczniowie z klasy 1d poznawali znaczenie przys\u0142owia: &nbsp;Co dwie g\u0142owy to nie jedna.<\/p>\n\n\n\n<p>\u015awietliczaki bra\u0142y udzia\u0142 w zaj\u0119ciach, na kt\u00f3rych zajmowali\u015bmy si\u0119 \u015bwiatem fauny. W grupach budowali\u015bmy z klock\u00f3w clics nasze ulubione zwierz\u0119ta. Nast\u0119pnie stworzyli\u015bmy ilustrowany quiz, kt\u00f3ry mia\u0142 za zadanie poszerzy\u0107 wiedz\u0119 na temat zwierz\u0105t.<\/p>\n\n\n\n<p><\/p>\n\n\n\n<figure class=\"wp-block-image size-large\"><img loading=\"lazy\" decoding=\"async\" width=\"768\" height=\"1024\" src=\"https:\/\/sp4-wroclaw.pl\/wp-content\/uploads\/2024\/02\/IMG_5102-768x1024.jpg\" alt=\"\" class=\"wp-image-12982\" srcset=\"https:\/\/sp4-wroclaw.pl\/wp-content\/uploads\/2024\/02\/IMG_5102-768x1024.jpg 768w, https:\/\/sp4-wroclaw.pl\/wp-content\/uploads\/2024\/02\/IMG_5102-225x300.jpg 225w, https:\/\/sp4-wroclaw.pl\/wp-content\/uploads\/2024\/02\/IMG_5102-1152x1536.jpg 1152w, https:\/\/sp4-wroclaw.pl\/wp-content\/uploads\/2024\/02\/IMG_5102-1536x2048.jpg 1536w, https:\/\/sp4-wroclaw.pl\/wp-content\/uploads\/2024\/02\/IMG_5102-113x150.jpg 113w, https:\/\/sp4-wroclaw.pl\/wp-content\/uploads\/2024\/02\/IMG_5102-scaled.jpg 1920w\" sizes=\"auto, (max-width: 768px) 100vw, 768px\" \/><\/figure>\n\n\n\n<figure class=\"wp-block-image size-large\"><img loading=\"lazy\" decoding=\"async\" width=\"1024\" height=\"1024\" src=\"https:\/\/sp4-wroclaw.pl\/wp-content\/uploads\/2024\/02\/photo-output-2-1024x1024.jpeg\" alt=\"\" class=\"wp-image-12983\" srcset=\"https:\/\/sp4-wroclaw.pl\/wp-content\/uploads\/2024\/02\/photo-output-2-1024x1024.jpeg 1024w, https:\/\/sp4-wroclaw.pl\/wp-content\/uploads\/2024\/02\/photo-output-2-300x300.jpeg 300w, https:\/\/sp4-wroclaw.pl\/wp-content\/uploads\/2024\/02\/photo-output-2-150x150.jpeg 150w, https:\/\/sp4-wroclaw.pl\/wp-content\/uploads\/2024\/02\/photo-output-2-768x768.jpeg 768w, https:\/\/sp4-wroclaw.pl\/wp-content\/uploads\/2024\/02\/photo-output-2-1536x1536.jpeg 1536w, https:\/\/sp4-wroclaw.pl\/wp-content\/uploads\/2024\/02\/photo-output-2.jpeg 2048w\" sizes=\"auto, (max-width: 1024px) 100vw, 1024px\" \/><\/figure>\n\n\n\n<figure class=\"wp-block-image size-large\"><img loading=\"lazy\" decoding=\"async\" width=\"1024\" height=\"1024\" src=\"https:\/\/sp4-wroclaw.pl\/wp-content\/uploads\/2024\/02\/photo-output-1024x1024.jpeg\" alt=\"\" class=\"wp-image-12984\" srcset=\"https:\/\/sp4-wroclaw.pl\/wp-content\/uploads\/2024\/02\/photo-output-1024x1024.jpeg 1024w, https:\/\/sp4-wroclaw.pl\/wp-content\/uploads\/2024\/02\/photo-output-300x300.jpeg 300w, https:\/\/sp4-wroclaw.pl\/wp-content\/uploads\/2024\/02\/photo-output-150x150.jpeg 150w, https:\/\/sp4-wroclaw.pl\/wp-content\/uploads\/2024\/02\/photo-output-768x768.jpeg 768w, https:\/\/sp4-wroclaw.pl\/wp-content\/uploads\/2024\/02\/photo-output-1536x1536.jpeg 1536w, https:\/\/sp4-wroclaw.pl\/wp-content\/uploads\/2024\/02\/photo-output.jpeg 2048w\" sizes=\"auto, (max-width: 1024px) 100vw, 1024px\" \/><\/figure>\n","protected":false},"excerpt":{"rendered":"<p>W ramach projektu realizowanego przez nasz\u0105 szkol\u0119 pt.,, \u015awietliczaki na tropie&#8230; przys\u0142\u00f3w\u201d uczniowie z klasy 1d poznawali znaczenie przys\u0142owia: &nbsp;Co dwie g\u0142owy to nie jedna. \u015awietliczaki bra\u0142y udzia\u0142 w zaj\u0119ciach, na kt\u00f3rych zajmowali\u015bmy si\u0119 \u015bwiatem fauny. W grupach budowali\u015bmy z klock\u00f3w clics nasze ulubione zwierz\u0119ta. Nast\u0119pnie stworzyli\u015bmy ilustrowany quiz, kt\u00f3ry\u2026<\/p>\n<p> <a class=\"continue-reading-link\" href=\"https:\/\/sp4-wroclaw.pl\/?page_id=12981\"><span>Czytaj dalej<\/span><i class=\"crycon-right-dir\"><\/i><\/a> <\/p>\n","protected":false},"author":1,"featured_media":0,"parent":0,"menu_order":0,"comment_status":"closed","ping_status":"closed","template":"","meta":{"footnotes":""},"class_list":["post-12981","page","type-page","status-publish","hentry"],"aioseo_notices":[],"_links":{"self":[{"href":"https:\/\/sp4-wroclaw.pl\/index.php?rest_route=\/wp\/v2\/pages\/12981","targetHints":{"allow":["GET"]}}],"collection":[{"href":"https:\/\/sp4-wroclaw.pl\/index.php?rest_route=\/wp\/v2\/pages"}],"about":[{"href":"https:\/\/sp4-wroclaw.pl\/index.php?rest_route=\/wp\/v2\/types\/page"}],"author":[{"embeddable":true,"href":"https:\/\/sp4-wroclaw.pl\/index.php?rest_route=\/wp\/v2\/users\/1"}],"replies":[{"embeddable":true,"href":"https:\/\/sp4-wroclaw.pl\/index.php?rest_route=%2Fwp%2Fv2%2Fcomments&post=12981"}],"version-history":[{"count":1,"href":"https:\/\/sp4-wroclaw.pl\/index.php?rest_route=\/wp\/v2\/pages\/12981\/revisions"}],"predecessor-version":[{"id":12985,"href":"https:\/\/sp4-wroclaw.pl\/index.php?rest_route=\/wp\/v2\/pages\/12981\/revisions\/12985"}],"wp:attachment":[{"href":"https:\/\/sp4-wroclaw.pl\/index.php?rest_route=%2Fwp%2Fv2%2Fmedia&parent=12981"}],"curies":[{"name":"wp","href":"https:\/\/api.w.org\/{rel}","templated":true}]}}