{"id":13317,"date":"2024-03-25T13:21:45","date_gmt":"2024-03-25T13:21:45","guid":{"rendered":"https:\/\/sp4-wroclaw.pl\/?page_id=13317"},"modified":"2024-03-25T13:22:36","modified_gmt":"2024-03-25T13:22:36","slug":"wyniki-konkursu-na-stroik-wielkanocny","status":"publish","type":"page","link":"https:\/\/sp4-wroclaw.pl\/?page_id=13317","title":{"rendered":"Wyniki konkursu na stroik wielkanocny"},"content":{"rendered":"\n<p>Szkolne Ko\u0142o Wolontariatu \u201eWielkie Serca\u201d zorganizowa\u0142o w okresie przed\u015bwi\u0105tecznym konkurs na wykonanie stroika wielkanocnego.<\/p>\n<p>Gratulujemy serdecznie wyr\u00f3\u017cnionym:<br \/>I miejsce- Michalina Prorok z klasy 2d i Maja Prorok z klasy 2d<br \/>II miejsce- Jagoda Gajda z klasy 3b i Mateusz Hunter z klasy 3f<br \/>III miejsce- Joanna S\u0142aby z klasy 8a i Gabriela Chrystowicz z klasy 3c<\/p>\n<p>Zach\u0119camy wszystkich uczni\u00f3w naszej szko\u0142y do uczestnictwa w konkursach plastycznych i rozwijania swoich talent\u00f3w na niwie artystycznej.<\/p>\n<p>Anna Ka\u0142ka<\/p>\n<p>\u00a0<\/p>\n\n\n\n<figure class=\"wp-block-image size-large\"><img loading=\"lazy\" decoding=\"async\" width=\"1024\" height=\"768\" src=\"https:\/\/sp4-wroclaw.pl\/wp-content\/uploads\/2024\/03\/55ddd9ef-9fe3-44eb-af90-0af515eef942-1024x768.jpg\" alt=\"\" class=\"wp-image-13318\" srcset=\"https:\/\/sp4-wroclaw.pl\/wp-content\/uploads\/2024\/03\/55ddd9ef-9fe3-44eb-af90-0af515eef942-1024x768.jpg 1024w, https:\/\/sp4-wroclaw.pl\/wp-content\/uploads\/2024\/03\/55ddd9ef-9fe3-44eb-af90-0af515eef942-300x225.jpg 300w, https:\/\/sp4-wroclaw.pl\/wp-content\/uploads\/2024\/03\/55ddd9ef-9fe3-44eb-af90-0af515eef942-768x576.jpg 768w, https:\/\/sp4-wroclaw.pl\/wp-content\/uploads\/2024\/03\/55ddd9ef-9fe3-44eb-af90-0af515eef942-1536x1152.jpg 1536w, https:\/\/sp4-wroclaw.pl\/wp-content\/uploads\/2024\/03\/55ddd9ef-9fe3-44eb-af90-0af515eef942-150x113.jpg 150w, https:\/\/sp4-wroclaw.pl\/wp-content\/uploads\/2024\/03\/55ddd9ef-9fe3-44eb-af90-0af515eef942.jpg 2000w\" sizes=\"auto, (max-width: 1024px) 100vw, 1024px\" \/><\/figure>\n","protected":false},"excerpt":{"rendered":"<p>Szkolne Ko\u0142o Wolontariatu \u201eWielkie Serca\u201d zorganizowa\u0142o w okresie przed\u015bwi\u0105tecznym konkurs na wykonanie stroika wielkanocnego. Gratulujemy serdecznie wyr\u00f3\u017cnionym:I miejsce- Michalina Prorok z klasy 2d i Maja Prorok z klasy 2dII miejsce- Jagoda Gajda z klasy 3b i Mateusz Hunter z klasy 3fIII miejsce- Joanna S\u0142aby z klasy 8a i Gabriela Chrystowicz\u2026<\/p>\n<p> <a class=\"continue-reading-link\" href=\"https:\/\/sp4-wroclaw.pl\/?page_id=13317\"><span>Czytaj dalej<\/span><i class=\"crycon-right-dir\"><\/i><\/a> <\/p>\n","protected":false},"author":1,"featured_media":0,"parent":0,"menu_order":0,"comment_status":"closed","ping_status":"closed","template":"","meta":{"footnotes":""},"class_list":["post-13317","page","type-page","status-publish","hentry"],"aioseo_notices":[],"_links":{"self":[{"href":"https:\/\/sp4-wroclaw.pl\/index.php?rest_route=\/wp\/v2\/pages\/13317","targetHints":{"allow":["GET"]}}],"collection":[{"href":"https:\/\/sp4-wroclaw.pl\/index.php?rest_route=\/wp\/v2\/pages"}],"about":[{"href":"https:\/\/sp4-wroclaw.pl\/index.php?rest_route=\/wp\/v2\/types\/page"}],"author":[{"embeddable":true,"href":"https:\/\/sp4-wroclaw.pl\/index.php?rest_route=\/wp\/v2\/users\/1"}],"replies":[{"embeddable":true,"href":"https:\/\/sp4-wroclaw.pl\/index.php?rest_route=%2Fwp%2Fv2%2Fcomments&post=13317"}],"version-history":[{"count":1,"href":"https:\/\/sp4-wroclaw.pl\/index.php?rest_route=\/wp\/v2\/pages\/13317\/revisions"}],"predecessor-version":[{"id":13319,"href":"https:\/\/sp4-wroclaw.pl\/index.php?rest_route=\/wp\/v2\/pages\/13317\/revisions\/13319"}],"wp:attachment":[{"href":"https:\/\/sp4-wroclaw.pl\/index.php?rest_route=%2Fwp%2Fv2%2Fmedia&parent=13317"}],"curies":[{"name":"wp","href":"https:\/\/api.w.org\/{rel}","templated":true}]}}