{"id":13340,"date":"2024-04-04T12:02:10","date_gmt":"2024-04-04T12:02:10","guid":{"rendered":"https:\/\/sp4-wroclaw.pl\/?page_id=13340"},"modified":"2026-05-11T06:58:13","modified_gmt":"2026-05-11T06:58:13","slug":"pisanka-wielkanocna","status":"publish","type":"page","link":"https:\/\/sp4-wroclaw.pl\/?page_id=13340","title":{"rendered":"&#8222;Pisanka wielkanocna&#8221;"},"content":{"rendered":"\n<p>Na tegoroczny konkurs pt. &#8222;Pisanka wielkanocna&#8221; wp\u0142yn\u0119\u0142o mn\u00f3stwo prac. Autorzy wykazali si\u0119 du\u017c\u0105 kreatywno\u015bci\u0105. Jury oceni\u0142o pisanki pod wzgl\u0119dem og\u00f3lnych wra\u017ce\u0144 artystycznych, oryginalno\u015bci pomys\u0142u i doboru materia\u0142\u00f3w. Nagrodzono nast\u0119puj\u0105cych uczni\u00f3w:<\/p>\n\n\n\n<p>1 miejsce&nbsp;<\/p>\n\n\n\n<p>Kuba Kubicki 1b<\/p>\n\n\n\n<p>Aleksandra Palacz 1a<\/p>\n\n\n\n<p>2 miejsce<\/p>\n\n\n\n<p>Nina Wypch\u0142o 1b<\/p>\n\n\n\n<p>Pawe\u0142 Walas 1b<\/p>\n\n\n\n<p>Milena Dziedzic 2c<\/p>\n\n\n\n<p>3 miejsce<\/p>\n\n\n\n<p>Szymon Lizak 1b<\/p>\n\n\n\n<p>Malwina Du\u017a 3f<\/p>\n\n\n\n<p>Nila Majka 3f<\/p>\n\n\n\n<p>Wyr\u00f3\u017cnienia<\/p>\n\n\n\n<p>Aleksandra Kurzawska 1a<\/p>\n\n\n\n<p>Ewa Bartkowiak 1b<\/p>\n\n\n\n<p>Micha\u0142 Tyszka 1e<\/p>\n\n\n\n<p>Zofia komar 1a<\/p>\n\n\n\n<p>Dzi\u0119kujemy za tak liczny udzia\u0142 i cieszymy si\u0119, \u017ce tradycja ozdabiania pisanek nadal pozostaje \u017cywa.<\/p>\n\n\n\n<p>Organizatorzy: Nina Ma\u0107kowiak, Joanna Uramowska, Pawe\u0142 Olchowy.<\/p>\n\n\n\n<figure class=\"wp-block-gallery has-nested-images columns-default is-cropped wp-block-gallery-1 is-layout-flex wp-block-gallery-is-layout-flex\">\n<figure class=\"wp-block-image size-large\"><img loading=\"lazy\" decoding=\"async\" width=\"1024\" height=\"1024\" data-id=\"13344\" src=\"https:\/\/sp4-wroclaw.pl\/wp-content\/uploads\/2024\/04\/IMG20240321110415-1024x1024.jpg\" alt=\"\" class=\"wp-image-13344\" srcset=\"https:\/\/sp4-wroclaw.pl\/wp-content\/uploads\/2024\/04\/IMG20240321110415-1024x1024.jpg 1024w, https:\/\/sp4-wroclaw.pl\/wp-content\/uploads\/2024\/04\/IMG20240321110415-300x300.jpg 300w, https:\/\/sp4-wroclaw.pl\/wp-content\/uploads\/2024\/04\/IMG20240321110415-150x150.jpg 150w, https:\/\/sp4-wroclaw.pl\/wp-content\/uploads\/2024\/04\/IMG20240321110415-768x768.jpg 768w, https:\/\/sp4-wroclaw.pl\/wp-content\/uploads\/2024\/04\/IMG20240321110415-1536x1536.jpg 1536w, https:\/\/sp4-wroclaw.pl\/wp-content\/uploads\/2024\/04\/IMG20240321110415-2048x2048.jpg 2048w\" sizes=\"auto, (max-width: 1024px) 100vw, 1024px\" \/><\/figure>\n\n\n\n<figure class=\"wp-block-image size-large\"><img loading=\"lazy\" decoding=\"async\" width=\"1024\" height=\"1024\" data-id=\"13345\" src=\"https:\/\/sp4-wroclaw.pl\/wp-content\/uploads\/2024\/04\/IMG20240321110426-1024x1024.jpg\" alt=\"\" class=\"wp-image-13345\" srcset=\"https:\/\/sp4-wroclaw.pl\/wp-content\/uploads\/2024\/04\/IMG20240321110426-1024x1024.jpg 1024w, https:\/\/sp4-wroclaw.pl\/wp-content\/uploads\/2024\/04\/IMG20240321110426-300x300.jpg 300w, https:\/\/sp4-wroclaw.pl\/wp-content\/uploads\/2024\/04\/IMG20240321110426-150x150.jpg 150w, https:\/\/sp4-wroclaw.pl\/wp-content\/uploads\/2024\/04\/IMG20240321110426-768x768.jpg 768w, https:\/\/sp4-wroclaw.pl\/wp-content\/uploads\/2024\/04\/IMG20240321110426-1536x1536.jpg 1536w, https:\/\/sp4-wroclaw.pl\/wp-content\/uploads\/2024\/04\/IMG20240321110426-2048x2048.jpg 2048w\" sizes=\"auto, (max-width: 1024px) 100vw, 1024px\" \/><\/figure>\n\n\n\n<figure class=\"wp-block-image size-large\"><img loading=\"lazy\" decoding=\"async\" width=\"1024\" height=\"1024\" data-id=\"13346\" src=\"https:\/\/sp4-wroclaw.pl\/wp-content\/uploads\/2024\/04\/IMG20240321110447-1024x1024.jpg\" alt=\"\" class=\"wp-image-13346\" srcset=\"https:\/\/sp4-wroclaw.pl\/wp-content\/uploads\/2024\/04\/IMG20240321110447-1024x1024.jpg 1024w, https:\/\/sp4-wroclaw.pl\/wp-content\/uploads\/2024\/04\/IMG20240321110447-300x300.jpg 300w, https:\/\/sp4-wroclaw.pl\/wp-content\/uploads\/2024\/04\/IMG20240321110447-150x150.jpg 150w, https:\/\/sp4-wroclaw.pl\/wp-content\/uploads\/2024\/04\/IMG20240321110447-768x768.jpg 768w, https:\/\/sp4-wroclaw.pl\/wp-content\/uploads\/2024\/04\/IMG20240321110447-1536x1536.jpg 1536w, https:\/\/sp4-wroclaw.pl\/wp-content\/uploads\/2024\/04\/IMG20240321110447-2048x2048.jpg 2048w\" sizes=\"auto, (max-width: 1024px) 100vw, 1024px\" \/><\/figure>\n\n\n\n<figure class=\"wp-block-image size-large\"><img loading=\"lazy\" decoding=\"async\" width=\"1024\" height=\"1024\" data-id=\"13343\" src=\"https:\/\/sp4-wroclaw.pl\/wp-content\/uploads\/2024\/04\/IMG20240321110519-1024x1024.jpg\" alt=\"\" class=\"wp-image-13343\" srcset=\"https:\/\/sp4-wroclaw.pl\/wp-content\/uploads\/2024\/04\/IMG20240321110519-1024x1024.jpg 1024w, https:\/\/sp4-wroclaw.pl\/wp-content\/uploads\/2024\/04\/IMG20240321110519-300x300.jpg 300w, https:\/\/sp4-wroclaw.pl\/wp-content\/uploads\/2024\/04\/IMG20240321110519-150x150.jpg 150w, https:\/\/sp4-wroclaw.pl\/wp-content\/uploads\/2024\/04\/IMG20240321110519-768x768.jpg 768w, https:\/\/sp4-wroclaw.pl\/wp-content\/uploads\/2024\/04\/IMG20240321110519-1536x1536.jpg 1536w, https:\/\/sp4-wroclaw.pl\/wp-content\/uploads\/2024\/04\/IMG20240321110519-2048x2048.jpg 2048w\" sizes=\"auto, (max-width: 1024px) 100vw, 1024px\" \/><\/figure>\n\n\n\n<figure class=\"wp-block-image size-large\"><img loading=\"lazy\" decoding=\"async\" width=\"1024\" height=\"1024\" data-id=\"13342\" src=\"https:\/\/sp4-wroclaw.pl\/wp-content\/uploads\/2024\/04\/IMG20240321110551-1024x1024.jpg\" alt=\"\" class=\"wp-image-13342\" srcset=\"https:\/\/sp4-wroclaw.pl\/wp-content\/uploads\/2024\/04\/IMG20240321110551-1024x1024.jpg 1024w, https:\/\/sp4-wroclaw.pl\/wp-content\/uploads\/2024\/04\/IMG20240321110551-300x300.jpg 300w, https:\/\/sp4-wroclaw.pl\/wp-content\/uploads\/2024\/04\/IMG20240321110551-150x150.jpg 150w, https:\/\/sp4-wroclaw.pl\/wp-content\/uploads\/2024\/04\/IMG20240321110551-768x768.jpg 768w, https:\/\/sp4-wroclaw.pl\/wp-content\/uploads\/2024\/04\/IMG20240321110551-1536x1536.jpg 1536w, https:\/\/sp4-wroclaw.pl\/wp-content\/uploads\/2024\/04\/IMG20240321110551-2048x2048.jpg 2048w\" sizes=\"auto, (max-width: 1024px) 100vw, 1024px\" \/><\/figure>\n\n\n\n<figure class=\"wp-block-image size-large\"><img loading=\"lazy\" decoding=\"async\" width=\"1024\" height=\"1024\" data-id=\"13341\" src=\"https:\/\/sp4-wroclaw.pl\/wp-content\/uploads\/2024\/04\/IMG20240321110602-1024x1024.jpg\" alt=\"\" class=\"wp-image-13341\" srcset=\"https:\/\/sp4-wroclaw.pl\/wp-content\/uploads\/2024\/04\/IMG20240321110602-1024x1024.jpg 1024w, https:\/\/sp4-wroclaw.pl\/wp-content\/uploads\/2024\/04\/IMG20240321110602-300x300.jpg 300w, https:\/\/sp4-wroclaw.pl\/wp-content\/uploads\/2024\/04\/IMG20240321110602-150x150.jpg 150w, https:\/\/sp4-wroclaw.pl\/wp-content\/uploads\/2024\/04\/IMG20240321110602-768x768.jpg 768w, https:\/\/sp4-wroclaw.pl\/wp-content\/uploads\/2024\/04\/IMG20240321110602-1536x1536.jpg 1536w, https:\/\/sp4-wroclaw.pl\/wp-content\/uploads\/2024\/04\/IMG20240321110602-2048x2048.jpg 2048w\" sizes=\"auto, (max-width: 1024px) 100vw, 1024px\" \/><\/figure>\n<\/figure>\n","protected":false},"excerpt":{"rendered":"<p>Na tegoroczny konkurs pt. &#8222;Pisanka wielkanocna&#8221; wp\u0142yn\u0119\u0142o mn\u00f3stwo prac. Autorzy wykazali si\u0119 du\u017c\u0105 kreatywno\u015bci\u0105. Jury oceni\u0142o pisanki pod wzgl\u0119dem og\u00f3lnych wra\u017ce\u0144 artystycznych, oryginalno\u015bci pomys\u0142u i doboru materia\u0142\u00f3w. Nagrodzono nast\u0119puj\u0105cych uczni\u00f3w: 1 miejsce&nbsp; Kuba Kubicki 1b Aleksandra Palacz 1a 2 miejsce Nina Wypch\u0142o 1b Pawe\u0142 Walas 1b Milena Dziedzic 2c 3\u2026<\/p>\n<p> <a class=\"continue-reading-link\" href=\"https:\/\/sp4-wroclaw.pl\/?page_id=13340\"><span>Czytaj dalej<\/span><i class=\"crycon-right-dir\"><\/i><\/a> <\/p>\n","protected":false},"author":1,"featured_media":0,"parent":0,"menu_order":0,"comment_status":"closed","ping_status":"closed","template":"","meta":{"footnotes":""},"class_list":["post-13340","page","type-page","status-publish","hentry"],"aioseo_notices":[],"_links":{"self":[{"href":"https:\/\/sp4-wroclaw.pl\/index.php?rest_route=\/wp\/v2\/pages\/13340","targetHints":{"allow":["GET"]}}],"collection":[{"href":"https:\/\/sp4-wroclaw.pl\/index.php?rest_route=\/wp\/v2\/pages"}],"about":[{"href":"https:\/\/sp4-wroclaw.pl\/index.php?rest_route=\/wp\/v2\/types\/page"}],"author":[{"embeddable":true,"href":"https:\/\/sp4-wroclaw.pl\/index.php?rest_route=\/wp\/v2\/users\/1"}],"replies":[{"embeddable":true,"href":"https:\/\/sp4-wroclaw.pl\/index.php?rest_route=%2Fwp%2Fv2%2Fcomments&post=13340"}],"version-history":[{"count":1,"href":"https:\/\/sp4-wroclaw.pl\/index.php?rest_route=\/wp\/v2\/pages\/13340\/revisions"}],"predecessor-version":[{"id":13347,"href":"https:\/\/sp4-wroclaw.pl\/index.php?rest_route=\/wp\/v2\/pages\/13340\/revisions\/13347"}],"wp:attachment":[{"href":"https:\/\/sp4-wroclaw.pl\/index.php?rest_route=%2Fwp%2Fv2%2Fmedia&parent=13340"}],"curies":[{"name":"wp","href":"https:\/\/api.w.org\/{rel}","templated":true}]}}