{"id":13362,"date":"2024-04-09T07:39:57","date_gmt":"2024-04-09T07:39:57","guid":{"rendered":"https:\/\/sp4-wroclaw.pl\/?page_id=13362"},"modified":"2024-04-09T07:39:59","modified_gmt":"2024-04-09T07:39:59","slug":"smiech-to-zdrowie","status":"publish","type":"page","link":"https:\/\/sp4-wroclaw.pl\/?page_id=13362","title":{"rendered":",,\u015amiech to zdrowie&#8217;"},"content":{"rendered":"\n<p>W 1 tygodniu kwietnia tematem przewodnim zaj\u0119\u0107 \u015bwietlicowych jest ,,\u015amiech to zdrowie&#8221;. \u015awietliczaki z klasy 1d poznawa\u0142y znaczenie powiedzenia ,\u015bwiat na opak\u2019, kt\u00f3re spr\u00f3bowali\u015bmy przedstawi\u0107 przy u\u017cyciu klock\u00f3w kreativ box. Powsta\u0142y bardzo kreatywne prace. Brawo!<\/p>\n\n\n\n<p><\/p>\n\n\n\n<figure class=\"wp-block-video\"><video height=\"1080\" style=\"aspect-ratio: 1440 \/ 1080;\" width=\"1440\" controls src=\"https:\/\/sp4-wroclaw.pl\/wp-content\/uploads\/2024\/04\/459B0A87-BD74-4D93-9324-DC636D59BD2F.mov\"><\/video><\/figure>\n","protected":false},"excerpt":{"rendered":"<p>W 1 tygodniu kwietnia tematem przewodnim zaj\u0119\u0107 \u015bwietlicowych jest ,,\u015amiech to zdrowie&#8221;. \u015awietliczaki z klasy 1d poznawa\u0142y znaczenie powiedzenia ,\u015bwiat na opak\u2019, kt\u00f3re spr\u00f3bowali\u015bmy przedstawi\u0107 przy u\u017cyciu klock\u00f3w kreativ box. Powsta\u0142y bardzo kreatywne prace. Brawo!<\/p>\n<p> <a class=\"continue-reading-link\" href=\"https:\/\/sp4-wroclaw.pl\/?page_id=13362\"><span>Czytaj dalej<\/span><i class=\"crycon-right-dir\"><\/i><\/a> <\/p>\n","protected":false},"author":1,"featured_media":0,"parent":0,"menu_order":0,"comment_status":"closed","ping_status":"closed","template":"","meta":{"footnotes":""},"class_list":["post-13362","page","type-page","status-publish","hentry"],"aioseo_notices":[],"_links":{"self":[{"href":"https:\/\/sp4-wroclaw.pl\/index.php?rest_route=\/wp\/v2\/pages\/13362","targetHints":{"allow":["GET"]}}],"collection":[{"href":"https:\/\/sp4-wroclaw.pl\/index.php?rest_route=\/wp\/v2\/pages"}],"about":[{"href":"https:\/\/sp4-wroclaw.pl\/index.php?rest_route=\/wp\/v2\/types\/page"}],"author":[{"embeddable":true,"href":"https:\/\/sp4-wroclaw.pl\/index.php?rest_route=\/wp\/v2\/users\/1"}],"replies":[{"embeddable":true,"href":"https:\/\/sp4-wroclaw.pl\/index.php?rest_route=%2Fwp%2Fv2%2Fcomments&post=13362"}],"version-history":[{"count":1,"href":"https:\/\/sp4-wroclaw.pl\/index.php?rest_route=\/wp\/v2\/pages\/13362\/revisions"}],"predecessor-version":[{"id":13364,"href":"https:\/\/sp4-wroclaw.pl\/index.php?rest_route=\/wp\/v2\/pages\/13362\/revisions\/13364"}],"wp:attachment":[{"href":"https:\/\/sp4-wroclaw.pl\/index.php?rest_route=%2Fwp%2Fv2%2Fmedia&parent=13362"}],"curies":[{"name":"wp","href":"https:\/\/api.w.org\/{rel}","templated":true}]}}