{"id":13489,"date":"2024-05-08T21:36:59","date_gmt":"2024-05-08T21:36:59","guid":{"rendered":"https:\/\/sp4-wroclaw.pl\/?page_id=13489"},"modified":"2024-05-08T21:37:00","modified_gmt":"2024-05-08T21:37:00","slug":"360-kartek-na-30-lecie-szkoly","status":"publish","type":"page","link":"https:\/\/sp4-wroclaw.pl\/?page_id=13489","title":{"rendered":"360 kartek na 30-lecie szko\u0142y"},"content":{"rendered":"\n<p>\u015awietlica klas 1c, 1d i 3a uczestniczy\u0142a w projekcie \u201e 360 kartek na 30-lecie szko\u0142y\u201d<br>zorganizowanym przez Zesp\u00f3\u0142 Szk\u00f3\u0142 w Kamionce. Celem projektu by\u0142o zebranie 360 poczt\u00f3wek<br>z \u017cyczeniami urodzinowymi z ca\u0142ej Polski. Nasze \u015bwietliczaki opr\u00f3cz wys\u0142ania tradycyjnych<br>poczt\u00f3wek z \u017cyczeniami, wykona\u0142y w\u0142asne poczt\u00f3wki autorskie oraz inne prace plastyczne z<br>okazji \u015bwi\u0119ta szko\u0142y , kt\u00f3ra zorganizowa\u0142a ciekawy projekt by uczci\u0107 30-lecie istnienia swojej<br>szko\u0142y.<br>Nauczyciele \u015bwietlicy :<br>Justyna Kopa\u0142a, Zofia Czernis, Barbara Pszcz\u00f3\u0142kowska<\/p>\n\n\n\n<p><\/p>\n\n\n\n<figure class=\"wp-block-image size-large\"><img loading=\"lazy\" decoding=\"async\" width=\"1024\" height=\"768\" src=\"https:\/\/sp4-wroclaw.pl\/wp-content\/uploads\/2024\/05\/01-1024x768.jpg\" alt=\"\" class=\"wp-image-13496\" srcset=\"https:\/\/sp4-wroclaw.pl\/wp-content\/uploads\/2024\/05\/01-1024x768.jpg 1024w, https:\/\/sp4-wroclaw.pl\/wp-content\/uploads\/2024\/05\/01-300x225.jpg 300w, https:\/\/sp4-wroclaw.pl\/wp-content\/uploads\/2024\/05\/01-768x576.jpg 768w, https:\/\/sp4-wroclaw.pl\/wp-content\/uploads\/2024\/05\/01-1536x1152.jpg 1536w, https:\/\/sp4-wroclaw.pl\/wp-content\/uploads\/2024\/05\/01-2048x1536.jpg 2048w, https:\/\/sp4-wroclaw.pl\/wp-content\/uploads\/2024\/05\/01-150x113.jpg 150w\" sizes=\"auto, (max-width: 1024px) 100vw, 1024px\" \/><\/figure>\n\n\n\n<figure class=\"wp-block-image size-large\"><img loading=\"lazy\" decoding=\"async\" width=\"1024\" height=\"768\" src=\"https:\/\/sp4-wroclaw.pl\/wp-content\/uploads\/2024\/05\/02-1024x768.jpg\" alt=\"\" class=\"wp-image-13490\" srcset=\"https:\/\/sp4-wroclaw.pl\/wp-content\/uploads\/2024\/05\/02-1024x768.jpg 1024w, https:\/\/sp4-wroclaw.pl\/wp-content\/uploads\/2024\/05\/02-300x225.jpg 300w, https:\/\/sp4-wroclaw.pl\/wp-content\/uploads\/2024\/05\/02-768x576.jpg 768w, https:\/\/sp4-wroclaw.pl\/wp-content\/uploads\/2024\/05\/02-1536x1152.jpg 1536w, https:\/\/sp4-wroclaw.pl\/wp-content\/uploads\/2024\/05\/02-150x113.jpg 150w, https:\/\/sp4-wroclaw.pl\/wp-content\/uploads\/2024\/05\/02.jpg 2000w\" sizes=\"auto, (max-width: 1024px) 100vw, 1024px\" \/><\/figure>\n\n\n\n<figure class=\"wp-block-gallery has-nested-images columns-default is-cropped wp-block-gallery-1 is-layout-flex wp-block-gallery-is-layout-flex\">\n<figure class=\"wp-block-image size-large\"><img loading=\"lazy\" decoding=\"async\" width=\"768\" height=\"1024\" data-id=\"13494\" src=\"https:\/\/sp4-wroclaw.pl\/wp-content\/uploads\/2024\/05\/04-768x1024.jpg\" alt=\"\" class=\"wp-image-13494\" srcset=\"https:\/\/sp4-wroclaw.pl\/wp-content\/uploads\/2024\/05\/04-768x1024.jpg 768w, https:\/\/sp4-wroclaw.pl\/wp-content\/uploads\/2024\/05\/04-225x300.jpg 225w, https:\/\/sp4-wroclaw.pl\/wp-content\/uploads\/2024\/05\/04-1152x1536.jpg 1152w, https:\/\/sp4-wroclaw.pl\/wp-content\/uploads\/2024\/05\/04-113x150.jpg 113w, https:\/\/sp4-wroclaw.pl\/wp-content\/uploads\/2024\/05\/04.jpg 1500w\" sizes=\"auto, (max-width: 768px) 100vw, 768px\" \/><\/figure>\n\n\n\n<figure class=\"wp-block-image size-large\"><img loading=\"lazy\" decoding=\"async\" width=\"769\" height=\"1024\" data-id=\"13495\" src=\"https:\/\/sp4-wroclaw.pl\/wp-content\/uploads\/2024\/05\/10-769x1024.jpg\" alt=\"\" class=\"wp-image-13495\" srcset=\"https:\/\/sp4-wroclaw.pl\/wp-content\/uploads\/2024\/05\/10-769x1024.jpg 769w, https:\/\/sp4-wroclaw.pl\/wp-content\/uploads\/2024\/05\/10-225x300.jpg 225w, https:\/\/sp4-wroclaw.pl\/wp-content\/uploads\/2024\/05\/10-768x1022.jpg 768w, https:\/\/sp4-wroclaw.pl\/wp-content\/uploads\/2024\/05\/10-1154x1536.jpg 1154w, https:\/\/sp4-wroclaw.pl\/wp-content\/uploads\/2024\/05\/10-1538x2048.jpg 1538w, https:\/\/sp4-wroclaw.pl\/wp-content\/uploads\/2024\/05\/10-113x150.jpg 113w, https:\/\/sp4-wroclaw.pl\/wp-content\/uploads\/2024\/05\/10.jpg 1878w\" sizes=\"auto, (max-width: 769px) 100vw, 769px\" \/><\/figure>\n\n\n\n<figure class=\"wp-block-image size-large\"><img loading=\"lazy\" decoding=\"async\" width=\"755\" height=\"1024\" data-id=\"13493\" src=\"https:\/\/sp4-wroclaw.pl\/wp-content\/uploads\/2024\/05\/03-755x1024.jpg\" alt=\"\" class=\"wp-image-13493\" srcset=\"https:\/\/sp4-wroclaw.pl\/wp-content\/uploads\/2024\/05\/03-755x1024.jpg 755w, https:\/\/sp4-wroclaw.pl\/wp-content\/uploads\/2024\/05\/03-221x300.jpg 221w, https:\/\/sp4-wroclaw.pl\/wp-content\/uploads\/2024\/05\/03-768x1042.jpg 768w, https:\/\/sp4-wroclaw.pl\/wp-content\/uploads\/2024\/05\/03-1132x1536.jpg 1132w, https:\/\/sp4-wroclaw.pl\/wp-content\/uploads\/2024\/05\/03-111x150.jpg 111w, https:\/\/sp4-wroclaw.pl\/wp-content\/uploads\/2024\/05\/03.jpg 1474w\" sizes=\"auto, (max-width: 755px) 100vw, 755px\" \/><\/figure>\n\n\n\n<figure class=\"wp-block-image size-large\"><img loading=\"lazy\" decoding=\"async\" width=\"769\" height=\"1024\" data-id=\"13492\" src=\"https:\/\/sp4-wroclaw.pl\/wp-content\/uploads\/2024\/05\/09-769x1024.jpg\" alt=\"\" class=\"wp-image-13492\" srcset=\"https:\/\/sp4-wroclaw.pl\/wp-content\/uploads\/2024\/05\/09-769x1024.jpg 769w, https:\/\/sp4-wroclaw.pl\/wp-content\/uploads\/2024\/05\/09-225x300.jpg 225w, https:\/\/sp4-wroclaw.pl\/wp-content\/uploads\/2024\/05\/09-768x1022.jpg 768w, https:\/\/sp4-wroclaw.pl\/wp-content\/uploads\/2024\/05\/09-1154x1536.jpg 1154w, https:\/\/sp4-wroclaw.pl\/wp-content\/uploads\/2024\/05\/09-1538x2048.jpg 1538w, https:\/\/sp4-wroclaw.pl\/wp-content\/uploads\/2024\/05\/09-113x150.jpg 113w, https:\/\/sp4-wroclaw.pl\/wp-content\/uploads\/2024\/05\/09.jpg 1878w\" sizes=\"auto, (max-width: 769px) 100vw, 769px\" \/><\/figure>\n\n\n\n<figure class=\"wp-block-image size-large\"><img loading=\"lazy\" decoding=\"async\" width=\"771\" height=\"1024\" data-id=\"13491\" src=\"https:\/\/sp4-wroclaw.pl\/wp-content\/uploads\/2024\/05\/06-771x1024.jpg\" alt=\"\" class=\"wp-image-13491\" srcset=\"https:\/\/sp4-wroclaw.pl\/wp-content\/uploads\/2024\/05\/06-771x1024.jpg 771w, https:\/\/sp4-wroclaw.pl\/wp-content\/uploads\/2024\/05\/06-226x300.jpg 226w, https:\/\/sp4-wroclaw.pl\/wp-content\/uploads\/2024\/05\/06-768x1020.jpg 768w, https:\/\/sp4-wroclaw.pl\/wp-content\/uploads\/2024\/05\/06-1157x1536.jpg 1157w, https:\/\/sp4-wroclaw.pl\/wp-content\/uploads\/2024\/05\/06-113x150.jpg 113w, https:\/\/sp4-wroclaw.pl\/wp-content\/uploads\/2024\/05\/06.jpg 1506w\" sizes=\"auto, (max-width: 771px) 100vw, 771px\" \/><\/figure>\n<\/figure>\n","protected":false},"excerpt":{"rendered":"<p>\u015awietlica klas 1c, 1d i 3a uczestniczy\u0142a w projekcie \u201e 360 kartek na 30-lecie szko\u0142y\u201dzorganizowanym przez Zesp\u00f3\u0142 Szk\u00f3\u0142 w Kamionce. Celem projektu by\u0142o zebranie 360 poczt\u00f3wekz \u017cyczeniami urodzinowymi z ca\u0142ej Polski. Nasze \u015bwietliczaki opr\u00f3cz wys\u0142ania tradycyjnychpoczt\u00f3wek z \u017cyczeniami, wykona\u0142y w\u0142asne poczt\u00f3wki autorskie oraz inne prace plastyczne zokazji \u015bwi\u0119ta szko\u0142y ,\u2026<\/p>\n<p> <a class=\"continue-reading-link\" href=\"https:\/\/sp4-wroclaw.pl\/?page_id=13489\"><span>Czytaj dalej<\/span><i class=\"crycon-right-dir\"><\/i><\/a> <\/p>\n","protected":false},"author":2,"featured_media":13496,"parent":0,"menu_order":0,"comment_status":"closed","ping_status":"closed","template":"","meta":{"footnotes":""},"class_list":["post-13489","page","type-page","status-publish","has-post-thumbnail","hentry"],"aioseo_notices":[],"_links":{"self":[{"href":"https:\/\/sp4-wroclaw.pl\/index.php?rest_route=\/wp\/v2\/pages\/13489","targetHints":{"allow":["GET"]}}],"collection":[{"href":"https:\/\/sp4-wroclaw.pl\/index.php?rest_route=\/wp\/v2\/pages"}],"about":[{"href":"https:\/\/sp4-wroclaw.pl\/index.php?rest_route=\/wp\/v2\/types\/page"}],"author":[{"embeddable":true,"href":"https:\/\/sp4-wroclaw.pl\/index.php?rest_route=\/wp\/v2\/users\/2"}],"replies":[{"embeddable":true,"href":"https:\/\/sp4-wroclaw.pl\/index.php?rest_route=%2Fwp%2Fv2%2Fcomments&post=13489"}],"version-history":[{"count":1,"href":"https:\/\/sp4-wroclaw.pl\/index.php?rest_route=\/wp\/v2\/pages\/13489\/revisions"}],"predecessor-version":[{"id":13497,"href":"https:\/\/sp4-wroclaw.pl\/index.php?rest_route=\/wp\/v2\/pages\/13489\/revisions\/13497"}],"wp:featuredmedia":[{"embeddable":true,"href":"https:\/\/sp4-wroclaw.pl\/index.php?rest_route=\/wp\/v2\/media\/13496"}],"wp:attachment":[{"href":"https:\/\/sp4-wroclaw.pl\/index.php?rest_route=%2Fwp%2Fv2%2Fmedia&parent=13489"}],"curies":[{"name":"wp","href":"https:\/\/api.w.org\/{rel}","templated":true}]}}