{"id":13499,"date":"2024-05-12T17:15:10","date_gmt":"2024-05-12T17:15:10","guid":{"rendered":"https:\/\/sp4-wroclaw.pl\/?page_id=13499"},"modified":"2024-05-12T17:15:11","modified_gmt":"2024-05-12T17:15:11","slug":"wiosna-w-maju-kolorowa-laka%f0%9f%8c%b8%f0%9f%8c%bc%f0%9f%8c%ba","status":"publish","type":"page","link":"https:\/\/sp4-wroclaw.pl\/?page_id=13499","title":{"rendered":",,Wiosna w maju-kolorowa \u0142\u0105ka&#x1f338;&#x1f33c;&#x1f33a;\u201d"},"content":{"rendered":"\n\n\n<p>W drugim tygodniu maja tematem przewodnim zaj\u0119\u0107 \u015bwietlicowych jest ,,Wiosna w maju-kolorowa \u0142\u0105ka&#x1f338;&#x1f33c;&#x1f33a;\u201d. \u015awietliczaki z klasy 1d na wiosennej \u0142\u0105ce szuka\u0142y kolorowych ptak\u00f3w&#x1f426;&#x1f424;&#x1f427;. Pracowali\u015bmy z kolorowankami 3D, kt\u00f3re w szczeg\u00f3lny spos\u00f3b umo\u017cliwiaj\u0105 rozwijanie wyobra\u017ani tw\u00f3rczej, a przede wszystkim sprawiaj\u0105 dzieciom du\u017co rado\u015bci.<\/p>\n<p>\u00a0<\/p>\n\n\n\n<figure class=\"wp-block-video\"><video height=\"1080\" style=\"aspect-ratio: 1440 \/ 1080;\" width=\"1440\" controls src=\"https:\/\/sp4-wroclaw.pl\/wp-content\/uploads\/2024\/05\/8220A45C-5CBA-433E-920C-2C1E53E199B2.mov\"><\/video><\/figure>\n","protected":false},"excerpt":{"rendered":"<p>W drugim tygodniu maja tematem przewodnim zaj\u0119\u0107 \u015bwietlicowych jest ,,Wiosna w maju-kolorowa \u0142\u0105ka&#x1f338;&#x1f33c;&#x1f33a;\u201d. \u015awietliczaki z klasy 1d na wiosennej \u0142\u0105ce szuka\u0142y kolorowych ptak\u00f3w&#x1f426;&#x1f424;&#x1f427;. Pracowali\u015bmy z kolorowankami 3D, kt\u00f3re w szczeg\u00f3lny spos\u00f3b umo\u017cliwiaj\u0105 rozwijanie wyobra\u017ani tw\u00f3rczej, a przede wszystkim sprawiaj\u0105 dzieciom du\u017co rado\u015bci. \u00a0<\/p>\n<p> <a class=\"continue-reading-link\" href=\"https:\/\/sp4-wroclaw.pl\/?page_id=13499\"><span>Czytaj dalej<\/span><i class=\"crycon-right-dir\"><\/i><\/a> <\/p>\n","protected":false},"author":1,"featured_media":0,"parent":0,"menu_order":0,"comment_status":"closed","ping_status":"closed","template":"","meta":{"footnotes":""},"class_list":["post-13499","page","type-page","status-publish","hentry"],"aioseo_notices":[],"_links":{"self":[{"href":"https:\/\/sp4-wroclaw.pl\/index.php?rest_route=\/wp\/v2\/pages\/13499","targetHints":{"allow":["GET"]}}],"collection":[{"href":"https:\/\/sp4-wroclaw.pl\/index.php?rest_route=\/wp\/v2\/pages"}],"about":[{"href":"https:\/\/sp4-wroclaw.pl\/index.php?rest_route=\/wp\/v2\/types\/page"}],"author":[{"embeddable":true,"href":"https:\/\/sp4-wroclaw.pl\/index.php?rest_route=\/wp\/v2\/users\/1"}],"replies":[{"embeddable":true,"href":"https:\/\/sp4-wroclaw.pl\/index.php?rest_route=%2Fwp%2Fv2%2Fcomments&post=13499"}],"version-history":[{"count":1,"href":"https:\/\/sp4-wroclaw.pl\/index.php?rest_route=\/wp\/v2\/pages\/13499\/revisions"}],"predecessor-version":[{"id":13501,"href":"https:\/\/sp4-wroclaw.pl\/index.php?rest_route=\/wp\/v2\/pages\/13499\/revisions\/13501"}],"wp:attachment":[{"href":"https:\/\/sp4-wroclaw.pl\/index.php?rest_route=%2Fwp%2Fv2%2Fmedia&parent=13499"}],"curies":[{"name":"wp","href":"https:\/\/api.w.org\/{rel}","templated":true}]}}