{"id":14,"date":"2017-07-24T14:47:28","date_gmt":"2017-07-24T14:47:28","guid":{"rendered":"http:\/\/sp4-wroclaw.pl\/?page_id=14"},"modified":"2026-03-16T15:20:24","modified_gmt":"2026-03-16T15:20:24","slug":"opieka-medyczna","status":"publish","type":"page","link":"https:\/\/sp4-wroclaw.pl\/?page_id=14","title":{"rendered":"OPIEKA MEDYCZNA"},"content":{"rendered":"<p>Dyrektor Szko\u0142y Podstawowej Nr 4 im. gen. Stanis\u0142awa Maczka we Wroc\u0142awiu informuje, \u017ce szko\u0142a zapewnia profilaktyczn\u0105 opiek\u0119 zdrowotn\u0105 i stomatologiczn\u0105 na poni\u017cszych zasadach:<\/p>\n<ol>\n<li>Profilaktyczn\u0105 opiek\u0119 zdrowotn\u0105 sprawuje piel\u0119gniarka \u015brodowiska nauczania i wychowania \/higienistka szkolna<\/li>\n<\/ol>\n<p><strong>Pani Agnieszka Foks<\/strong><\/p>\n<ol start=\"2\">\n<li>Gabinet piel\u0119gniarki\/higienistki mie\u015bci si\u0119 w budynku szkolnym<br \/>na I pi\u0119trze, pok\u00f3j 120, wewn\u0119trzny 170<\/li>\n<li>Piel\u0119gniarka pracuje w godzinach:<\/li>\n<\/ol>\n<p><strong>\u00a0Poniedzia\u0142ek, \u015broda i pi\u0105tek: 7:50 \u2013 14:20<\/strong><\/p>\n<p>4. \u015awiadczenia og\u00f3lnostomatologiczne realizuje<\/p>\n<p>lek. stom. <strong>ANNA SUMIS\u0141AWSKA<\/strong><\/p>\n<p>w godzinach :<\/p>\n<p>pon. 7.30-15.30, czw. 7.30-11.00<br \/>w gabinecie stomatologicznym (pok\u00f3j 121) przy ul. Powsta\u0144c\u00f3w \u015al\u0105skich 210-218<\/p>\n<p>5. W przypadku, gdyby\u015bcie Pa\u0144stwo nie \u017cyczyli sobie obj\u0119cia dziecka opiek\u0105 zdrowotn\u0105 i stomatologiczn\u0105 prosz\u0119 o z\u0142o\u017cenie \u201esprzeciwu\u201d od \u015bwiadczenia us\u0142ug medycznych, odpowiednio do \u015bwiadczeniobiorc\u00f3w realizuj\u0105cych opiek\u0119.<\/p>\n<p>6. Na ka\u017cde wykonywane \u015bwiadczenie og\u00f3lnostomatologiczne dziecko zg\u0142asza si\u0119 z pisemnym wyra\u017ceniem zgody przez rodzic\u00f3w.<\/p>\n<p><strong><em><u>Realizacja Programu w latach 2022-2023 polega\u0107 b\u0119dzie w szczeg\u00f3lno\u015bci na:<\/u><\/em><\/strong><\/p>\n<ul>\n<li>przeprowadzeniu kampanii informacyjno-promocyjnej Programu na terenie szko\u0142y, w kt\u00f3rej znajduje si\u0119 gabinet stomatologiczny oraz w szko\u0142ach znajduj\u0105cych si\u0119 w bliskiej okolicy,<\/li>\n<li>zamieszczeniu informacji o Programie w szczeg\u00f3lno\u015bci na stronie internetowej szko\u0142y posiadaj\u0105cej gabinet stomatologiczny, kt\u00f3ry b\u0119dzie realizowa\u0142 Program,<\/li>\n<li>zorganizowaniu i przeprowadzeniu spotka\u0144 informacyjno-edukacyjnych dotycz\u0105cych realizacji Programu z rodzicami, opiekunami prawnymi,\u00a0 nauczycielami uwzgl\u0119dniaj\u0105c aktualn\u0105 sytuacj\u0119 epidemiologiczn\u0105. Zaleca si\u0119 spotkania w grupach nie mniejszych ni\u017c 12 os\u00f3b w formie stacjonarnej lub online,<\/li>\n<li>zorganizowaniu i przeprowadzeniu zaj\u0119\u0107 edukacyjnych dla uczni\u00f3w. Dzia\u0142ania edukacyjne i profilaktyczne realizowane w ramach Programu musz\u0105 by\u0107 dostosowane do wieku dzieci i uwzgl\u0119dnia\u0107 aktualn\u0105 sytuacj\u0119 epidemiologiczn\u0105,<\/li>\n<li>uzyskaniu od rodzic\u00f3w\/opiekun\u00f3w prawnych pisemnej zgody na udzia\u0142 dziecka w Programie,<\/li>\n<li>prowadzeniu rejestracji na wizyt\u0119 w szkolnym gabinecie dentystycznym,<\/li>\n<li>przeprowadzeniu w szkolnym gabinecie dentystycznym indywidualnych zaj\u0119\u0107 edukacyjnych z dzieckiem i rodzicem z zakresu profilaktyki i higieny jamy ustnej ,<\/li>\n<li>przeprowadzeniu w szkolnym gabinecie dentystycznym badania stomatologicznego u ucznia z ocen\u0105 stanu uz\u0119bienia za pomoc\u0105 wska\u017anika intensywno\u015bci pr\u00f3chnicy dla z\u0119b\u00f3w sta\u0142ych, ocen\u0105 ortodontyczn\u0105, kontrol\u0105 higieny jamy ustnej oraz okre\u015bleniem potrzeb profilaktycznych i leczniczych,<\/li>\n<li>stabilizacji u dzieci pr\u00f3chnicy z\u0119b\u00f3w mlecznych poprzez atraumatyczne leczenie z\u0119b\u00f3w z wype\u0142nianiem glassjonomerem,<\/li>\n<li>lakowaniu z\u0119b\u00f3w poprzez stosowanie glassjonomeru jako tymczasowego laku szczelinowego, zabezpieczaj\u0105cego przed rozwojem pr\u00f3chnicy w wyrzynaj\u0105cych si\u0119 z\u0119bach trzonowych i monitorowanie jego retencji zgodnie z Programem,<\/li>\n<li>kontroli zalakowanych z\u0119b\u00f3w po\u0142\u0105czonej z uzupe\u0142nieniem laku,<\/li>\n<li>leczeniu pr\u00f3chnicy \u201epunktowej\u201d w z\u0119bach sta\u0142ych trzonowych i przedtrzonowcach poprzez wype\u0142nienie zapobiegawcze, obejmuj\u0105ce wype\u0142nienie ma\u0142ego ubytku kompozytem z jednoczesnym zalakowaniem s\u0105siaduj\u0105cych bruzd,<\/li>\n<li>wymianie laku tymczasowego na lak ostateczny kompozytowy,<\/li>\n<li>lakierowaniu z\u0119b\u00f3w,<\/li>\n<li>prowadzeniu dokumentacji medycznej,<\/li>\n<li>dokumentowaniu innych zada\u0144 Programu,<\/li>\n<li>opracowaniu sprawozda\u0144 cz\u0119\u015bciowych i ko\u0144cowych z realizacji Programu, prezentuj\u0105cych wyniki stopnia osi\u0105gni\u0119cia cel\u00f3w Programu,<\/li>\n<li>monitorowaniu i ewaluacji Programu,<\/li>\n<li>zabezpieczeniu i archiwizowaniu dokumentacji Programu, zgodnie z obowi\u0105zuj\u0105cymi przepisami prawa.<\/li>\n<\/ul>\n\n\n<figure class=\"wp-block-image size-large\"><img loading=\"lazy\" decoding=\"async\" width=\"1024\" height=\"722\" src=\"http:\/\/sp4-wroclaw.pl\/wp-content\/uploads\/2022\/02\/ulotka-1024x722.jpg\" alt=\"\" class=\"wp-image-8247\" srcset=\"https:\/\/sp4-wroclaw.pl\/wp-content\/uploads\/2022\/02\/ulotka-1024x722.jpg 1024w, https:\/\/sp4-wroclaw.pl\/wp-content\/uploads\/2022\/02\/ulotka-300x212.jpg 300w, https:\/\/sp4-wroclaw.pl\/wp-content\/uploads\/2022\/02\/ulotka-768x542.jpg 768w, https:\/\/sp4-wroclaw.pl\/wp-content\/uploads\/2022\/02\/ulotka-1536x1084.jpg 1536w, https:\/\/sp4-wroclaw.pl\/wp-content\/uploads\/2022\/02\/ulotka-2048x1445.jpg 2048w, https:\/\/sp4-wroclaw.pl\/wp-content\/uploads\/2022\/02\/ulotka-150x106.jpg 150w\" sizes=\"auto, (max-width: 1024px) 100vw, 1024px\" \/><\/figure>\n\n\n\n<figure class=\"wp-block-image size-large\"><img loading=\"lazy\" decoding=\"async\" width=\"1024\" height=\"722\" src=\"http:\/\/sp4-wroclaw.pl\/wp-content\/uploads\/2022\/02\/ulotka1-1024x722.jpg\" alt=\"\" class=\"wp-image-8248\" srcset=\"https:\/\/sp4-wroclaw.pl\/wp-content\/uploads\/2022\/02\/ulotka1-1024x722.jpg 1024w, https:\/\/sp4-wroclaw.pl\/wp-content\/uploads\/2022\/02\/ulotka1-300x212.jpg 300w, https:\/\/sp4-wroclaw.pl\/wp-content\/uploads\/2022\/02\/ulotka1-768x542.jpg 768w, https:\/\/sp4-wroclaw.pl\/wp-content\/uploads\/2022\/02\/ulotka1-1536x1084.jpg 1536w, https:\/\/sp4-wroclaw.pl\/wp-content\/uploads\/2022\/02\/ulotka1-2048x1445.jpg 2048w, https:\/\/sp4-wroclaw.pl\/wp-content\/uploads\/2022\/02\/ulotka1-150x106.jpg 150w\" sizes=\"auto, (max-width: 1024px) 100vw, 1024px\" \/><\/figure>\n\n\n\n<figure class=\"wp-block-image size-large\"><img loading=\"lazy\" decoding=\"async\" width=\"793\" height=\"1024\" src=\"http:\/\/sp4-wroclaw.pl\/wp-content\/uploads\/2022\/02\/ulotka3-1-793x1024.jpg\" alt=\"\" class=\"wp-image-8252\" srcset=\"https:\/\/sp4-wroclaw.pl\/wp-content\/uploads\/2022\/02\/ulotka3-1-793x1024.jpg 793w, https:\/\/sp4-wroclaw.pl\/wp-content\/uploads\/2022\/02\/ulotka3-1-232x300.jpg 232w, https:\/\/sp4-wroclaw.pl\/wp-content\/uploads\/2022\/02\/ulotka3-1-768x992.jpg 768w, https:\/\/sp4-wroclaw.pl\/wp-content\/uploads\/2022\/02\/ulotka3-1-1189x1536.jpg 1189w, https:\/\/sp4-wroclaw.pl\/wp-content\/uploads\/2022\/02\/ulotka3-1-116x150.jpg 116w, https:\/\/sp4-wroclaw.pl\/wp-content\/uploads\/2022\/02\/ulotka3-1.jpg 1220w\" sizes=\"auto, (max-width: 793px) 100vw, 793px\" \/><\/figure>\n","protected":false},"excerpt":{"rendered":"<p>Dyrektor Szko\u0142y Podstawowej Nr 4 im. gen. Stanis\u0142awa Maczka we Wroc\u0142awiu informuje, \u017ce szko\u0142a zapewnia profilaktyczn\u0105 opiek\u0119 zdrowotn\u0105 i stomatologiczn\u0105 na poni\u017cszych zasadach: Profilaktyczn\u0105 opiek\u0119 zdrowotn\u0105 sprawuje piel\u0119gniarka \u015brodowiska nauczania i wychowania \/higienistka szkolna Pani Agnieszka Foks Gabinet piel\u0119gniarki\/higienistki mie\u015bci si\u0119 w budynku szkolnymna I pi\u0119trze, pok\u00f3j 120, wewn\u0119trzny 170\u2026<\/p>\n<p> <a class=\"continue-reading-link\" href=\"https:\/\/sp4-wroclaw.pl\/?page_id=14\"><span>Czytaj dalej<\/span><i class=\"crycon-right-dir\"><\/i><\/a> <\/p>\n","protected":false},"author":1,"featured_media":0,"parent":0,"menu_order":0,"comment_status":"closed","ping_status":"closed","template":"","meta":{"footnotes":""},"class_list":["post-14","page","type-page","status-publish","hentry"],"aioseo_notices":[],"_links":{"self":[{"href":"https:\/\/sp4-wroclaw.pl\/index.php?rest_route=\/wp\/v2\/pages\/14","targetHints":{"allow":["GET"]}}],"collection":[{"href":"https:\/\/sp4-wroclaw.pl\/index.php?rest_route=\/wp\/v2\/pages"}],"about":[{"href":"https:\/\/sp4-wroclaw.pl\/index.php?rest_route=\/wp\/v2\/types\/page"}],"author":[{"embeddable":true,"href":"https:\/\/sp4-wroclaw.pl\/index.php?rest_route=\/wp\/v2\/users\/1"}],"replies":[{"embeddable":true,"href":"https:\/\/sp4-wroclaw.pl\/index.php?rest_route=%2Fwp%2Fv2%2Fcomments&post=14"}],"version-history":[{"count":15,"href":"https:\/\/sp4-wroclaw.pl\/index.php?rest_route=\/wp\/v2\/pages\/14\/revisions"}],"predecessor-version":[{"id":17675,"href":"https:\/\/sp4-wroclaw.pl\/index.php?rest_route=\/wp\/v2\/pages\/14\/revisions\/17675"}],"wp:attachment":[{"href":"https:\/\/sp4-wroclaw.pl\/index.php?rest_route=%2Fwp%2Fv2%2Fmedia&parent=14"}],"curies":[{"name":"wp","href":"https:\/\/api.w.org\/{rel}","templated":true}]}}