{"id":14306,"date":"2024-10-24T17:27:33","date_gmt":"2024-10-24T17:27:33","guid":{"rendered":"https:\/\/sp4-wroclaw.pl\/?page_id=14306"},"modified":"2024-10-24T17:28:16","modified_gmt":"2024-10-24T17:28:16","slug":"moj-dom-moje-miasto-moja-ojczyzna","status":"publish","type":"page","link":"https:\/\/sp4-wroclaw.pl\/?page_id=14306","title":{"rendered":",,M\u00f3j dom, moje miasto, moja ojczyzna&#8221;"},"content":{"rendered":"\n<p>Rynek, Zoo, Stadion Tarczy\u0144ski Arena, Wroclavia, Aquapark, restauracja Masala, Pixel Xl czy Szko\u0142a Podstawowa nr? Jakie jest najbardziej ulubione miejsce dzieci we Wroc\u0142awiu? Na plastycznych zaj\u0119ciach \u015bwietlicowych uczniowie z klasy 2d spr\u00f3bowali odpowiedzie\u0107 na to pytanie.<\/p>\n\n\n\n<p><\/p>\n\n\n\n<figure class=\"wp-block-video\"><video height=\"1080\" style=\"aspect-ratio: 1440 \/ 1080;\" width=\"1440\" controls src=\"https:\/\/sp4-wroclaw.pl\/wp-content\/uploads\/2024\/10\/video-output-913F5E76-3D8F-44C8-A079-5B96309DF072-1.mov\"><\/video><\/figure>\n","protected":false},"excerpt":{"rendered":"<p>Rynek, Zoo, Stadion Tarczy\u0144ski Arena, Wroclavia, Aquapark, restauracja Masala, Pixel Xl czy Szko\u0142a Podstawowa nr? Jakie jest najbardziej ulubione miejsce dzieci we Wroc\u0142awiu? Na plastycznych zaj\u0119ciach \u015bwietlicowych uczniowie z klasy 2d spr\u00f3bowali odpowiedzie\u0107 na to pytanie.<\/p>\n<p> <a class=\"continue-reading-link\" href=\"https:\/\/sp4-wroclaw.pl\/?page_id=14306\"><span>Czytaj dalej<\/span><i class=\"crycon-right-dir\"><\/i><\/a> <\/p>\n","protected":false},"author":2,"featured_media":0,"parent":0,"menu_order":0,"comment_status":"closed","ping_status":"closed","template":"","meta":{"footnotes":""},"class_list":["post-14306","page","type-page","status-publish","hentry"],"aioseo_notices":[],"_links":{"self":[{"href":"https:\/\/sp4-wroclaw.pl\/index.php?rest_route=\/wp\/v2\/pages\/14306","targetHints":{"allow":["GET"]}}],"collection":[{"href":"https:\/\/sp4-wroclaw.pl\/index.php?rest_route=\/wp\/v2\/pages"}],"about":[{"href":"https:\/\/sp4-wroclaw.pl\/index.php?rest_route=\/wp\/v2\/types\/page"}],"author":[{"embeddable":true,"href":"https:\/\/sp4-wroclaw.pl\/index.php?rest_route=\/wp\/v2\/users\/2"}],"replies":[{"embeddable":true,"href":"https:\/\/sp4-wroclaw.pl\/index.php?rest_route=%2Fwp%2Fv2%2Fcomments&post=14306"}],"version-history":[{"count":2,"href":"https:\/\/sp4-wroclaw.pl\/index.php?rest_route=\/wp\/v2\/pages\/14306\/revisions"}],"predecessor-version":[{"id":14310,"href":"https:\/\/sp4-wroclaw.pl\/index.php?rest_route=\/wp\/v2\/pages\/14306\/revisions\/14310"}],"wp:attachment":[{"href":"https:\/\/sp4-wroclaw.pl\/index.php?rest_route=%2Fwp%2Fv2%2Fmedia&parent=14306"}],"curies":[{"name":"wp","href":"https:\/\/api.w.org\/{rel}","templated":true}]}}