{"id":1594,"date":"2018-09-27T17:17:02","date_gmt":"2018-09-27T17:17:02","guid":{"rendered":"http:\/\/sp4-wroclaw.pl\/?page_id=1594"},"modified":"2018-09-27T17:17:23","modified_gmt":"2018-09-27T17:17:23","slug":"swietlica-2","status":"publish","type":"page","link":"https:\/\/sp4-wroclaw.pl\/?page_id=1594","title":{"rendered":"\u015awietlica"},"content":{"rendered":"<p><strong><em>Plan pracy \u015bwietlicy \u2013 Pa\u017adziernik<\/em><\/strong><\/p>\n<p><strong><em>\u00a0<\/em><\/strong><\/p>\n<p><strong><em>\u00a0<\/em><\/strong><\/p>\n<p>&nbsp;<\/p>\n<ol>\n<li><strong>Poznajemy nasze prawa i prawa innych.<\/strong><\/li>\n<\/ol>\n<ol>\n<li>Prezentacja Deklaracji Praw Dziecka .<\/li>\n<li>Rozmowa na temat praw i obowi\u0105zk\u00f3w dziecka, szanowania praw innych, tolerancji i szacunku do innych os\u00f3b.<\/li>\n<li>Ilustrowanie wybranych praw dziecka.<\/li>\n<li>Magiczne s\u0142owa \u2013 uk\u0142adanie krzy\u017c\u00f3wki.<\/li>\n<\/ol>\n<ol start=\"2\">\n<li><strong>\u015awi\u0119to naszych nauczycieli. Kto pracuje w szkole?<\/strong><\/li>\n<\/ol>\n<ol>\n<li>Rozmowa na temat pracy nauczyciela i innych os\u00f3b pracuj\u0105cych w szkole.<\/li>\n<li>Wykonanie upomink\u00f3w dla nauczycieli (laurki, orgiami \u2013 kwiatek).<\/li>\n<\/ol>\n<ol start=\"3\">\n<li><strong> Barwy i smaki jesieni.<\/strong><\/li>\n<\/ol>\n<ol>\n<li>Rozmowa na temat roli jesieni w \u017cyciu cz\u0142owieka, wykorzystanie jesiennych plon\u00f3w.<\/li>\n<li>Jesienna pogoda \u2013 babie lato, z\u0142ota jesie\u0144, szaruga jesienna.<\/li>\n<li>Prace plastyczne \u2013 \u201ePi\u0119kna polska jesie\u0144\u201d, \u201eDary jesieni\u201d.<\/li>\n<li>Czytanie wierszy na temat jesieni.<\/li>\n<li>Zrobienie gazetki \u015bciennej na temat jesieni.<\/li>\n<\/ol>\n<ol start=\"4\">\n<li><strong> Trzymaj si\u0119 prosto.<\/strong><\/li>\n<\/ol>\n<ol>\n<li>Wiedza to podstawa \u2013 rozmowa o rodzajach wad postawy i profilaktyce.<\/li>\n<li>Nauka piosenki \u201eGimnastyka\u201d<\/li>\n<li>Zabawy s\u0142owotw\u00f3rcze \u2013 tworzenie nowych wyraz\u00f3w z podanych s\u0142\u00f3w: gimnastyka, p\u0142askostopie, kr\u0119gos\u0142up, \u0107wiczenia.<\/li>\n<li>Pokaz \u0107wicze\u0144 na kr\u0119gos\u0142up z udzia\u0142em nauczyciela wychowania fizycznego.<\/li>\n<\/ol>\n<p><strong>5.Jesieni\u0105 dbamy o zdrowie.<\/strong><\/p>\n<ol>\n<li>Rozmowa na temat znaczenia spo\u017cywania owoc\u00f3w i warzyw, szczeg\u00f3lnie jesieni\u0105.<\/li>\n<li>W zdrowym ciele \u2013 zdrowy duch, wyja\u015bnienie powiedzenia.<\/li>\n<li>Wykonanie plakat\u00f3w \u00a0na temat zdrowego stylu \u017cycia<\/li>\n<li>Szare dni p\u00f3\u017anej jesieni, rola wiatru w \u017cyciu cz\u0142owieka i przyrody \u2013 czytanie wierszy i zabawy ruchowe.<\/li>\n<\/ol>\n","protected":false},"excerpt":{"rendered":"<p>Plan pracy \u015bwietlicy \u2013 Pa\u017adziernik \u00a0 \u00a0 &nbsp; Poznajemy nasze prawa i prawa innych. Prezentacja Deklaracji Praw Dziecka . Rozmowa na temat praw i obowi\u0105zk\u00f3w dziecka, szanowania praw innych, tolerancji i szacunku do innych os\u00f3b. Ilustrowanie wybranych praw dziecka. Magiczne s\u0142owa \u2013 uk\u0142adanie krzy\u017c\u00f3wki. \u015awi\u0119to naszych nauczycieli. Kto pracuje w\u2026<\/p>\n<p> <a class=\"continue-reading-link\" href=\"https:\/\/sp4-wroclaw.pl\/?page_id=1594\"><span>Czytaj dalej<\/span><i class=\"crycon-right-dir\"><\/i><\/a> <\/p>\n","protected":false},"author":1,"featured_media":0,"parent":0,"menu_order":0,"comment_status":"closed","ping_status":"closed","template":"","meta":{"footnotes":""},"class_list":["post-1594","page","type-page","status-publish","hentry"],"aioseo_notices":[],"_links":{"self":[{"href":"https:\/\/sp4-wroclaw.pl\/index.php?rest_route=\/wp\/v2\/pages\/1594","targetHints":{"allow":["GET"]}}],"collection":[{"href":"https:\/\/sp4-wroclaw.pl\/index.php?rest_route=\/wp\/v2\/pages"}],"about":[{"href":"https:\/\/sp4-wroclaw.pl\/index.php?rest_route=\/wp\/v2\/types\/page"}],"author":[{"embeddable":true,"href":"https:\/\/sp4-wroclaw.pl\/index.php?rest_route=\/wp\/v2\/users\/1"}],"replies":[{"embeddable":true,"href":"https:\/\/sp4-wroclaw.pl\/index.php?rest_route=%2Fwp%2Fv2%2Fcomments&post=1594"}],"version-history":[{"count":2,"href":"https:\/\/sp4-wroclaw.pl\/index.php?rest_route=\/wp\/v2\/pages\/1594\/revisions"}],"predecessor-version":[{"id":1596,"href":"https:\/\/sp4-wroclaw.pl\/index.php?rest_route=\/wp\/v2\/pages\/1594\/revisions\/1596"}],"wp:attachment":[{"href":"https:\/\/sp4-wroclaw.pl\/index.php?rest_route=%2Fwp%2Fv2%2Fmedia&parent=1594"}],"curies":[{"name":"wp","href":"https:\/\/api.w.org\/{rel}","templated":true}]}}