{"id":168,"date":"2017-09-18T13:34:00","date_gmt":"2017-09-18T13:34:00","guid":{"rendered":"http:\/\/sp4-wroclaw.pl\/?page_id=168"},"modified":"2023-09-14T20:17:22","modified_gmt":"2023-09-14T20:17:22","slug":"o-szkole","status":"publish","type":"page","link":"https:\/\/sp4-wroclaw.pl\/?page_id=168","title":{"rendered":"O SZKOLE"},"content":{"rendered":"<div style=\"text-align: justify;\">\n<p style=\"text-align: left;\">Szko\u0142a Podstawowa nr 4 im. gen. Stanis\u0142awa Maczka po\u0142o\u017cona jest w dzielnicy Krzyki, w s\u0105siedztwie jednego\u00a0z najwi\u0119kszych i najpi\u0119kniejszych park\u00f3w Wroc\u0142awia-Parku Po\u0142udniowego.<\/p>\n<p style=\"text-align: left;\">Uczniom naszej szko\u0142y zapewniamy nauk\u0119 na jedna zmian\u0119.<\/p>\n<p style=\"text-align: left;\">Nauczyciele zatrudnieni w SP nr 4 posiadaj\u0105 pe\u0142ne kwalifikacje do prowadzenia zaj\u0119\u0107 .<\/p>\n<p style=\"text-align: left;\">Gabinety edukacji wczesnoszkolnej zosta\u0142y odnowione i wyposa\u017cone w nowe meble.<\/p>\n<p style=\"text-align: left;\">Wyremontowane zosta\u0142y toalety. Powsta\u0142 plac zabaw dla dzieci.<\/p>\n<p style=\"text-align: left;\">Stworzona zosta\u0142a \u015bwietlica szkolna, w kt\u00f3rej dzieci mog\u0105 bezpiecznie sp\u0119dza\u0107 czas<\/p>\n<p style=\"text-align: left;\">zar\u00f3wno przed jak i po lekcjach.<\/p>\n<p style=\"text-align: left;\">W budynku naszej szko\u0142y znajduje si\u0119 44 filia Miejskiej Biblioteki Publicznej.<\/p>\n<p style=\"text-align: left;\">Wsp\u00f3\u0142pracujemy \u015bci\u015ble z MDK Krzyki.<\/p>\n<p style=\"text-align: left;\">Posiadamy 2 sale gimnastyczne oraz sal\u0119 do gimnastyki korekcyjnej.<\/p>\n<p style=\"text-align: left;\">Zapewniamy opiek\u0119 pedagoga, psychologa, logopedy oraz piel\u0119gniarki szkolnej.<\/p>\n<p style=\"text-align: left;\">Obiady do szko\u0142y dostarczane s\u0105 w formie cateringu.<\/p>\n<p style=\"text-align: left;\">Na terenie szko\u0142y istnieje mo\u017cliwo\u015b\u0107 korzystania z zaj\u0119\u0107 dodatkowych organizowanych przez<\/p>\n<p style=\"text-align: left;\">fundacj\u0119 ,,Nasz \u015awiat\u2019\u2019 i &#8222;Twoja ferajna&#8221;.<\/p>\n<p>Realizujemy projekty ,, Szko\u0142a w Mie\u015bcie\u2019\u2019 i ,,Edukacja w Miejscach Pami\u0119ci\u2019\u2019.<\/p>\n<\/div>\n<div style=\"text-align: left;\"><\/div>\n<div style=\"text-align: left;\"><\/div>\n<p style=\"text-align: justify;\">\n","protected":false},"excerpt":{"rendered":"<p>Szko\u0142a Podstawowa nr 4 im. gen. Stanis\u0142awa Maczka po\u0142o\u017cona jest w dzielnicy Krzyki, w s\u0105siedztwie jednego\u00a0z najwi\u0119kszych i najpi\u0119kniejszych park\u00f3w Wroc\u0142awia-Parku Po\u0142udniowego. Uczniom naszej szko\u0142y zapewniamy nauk\u0119 na jedna zmian\u0119. Nauczyciele zatrudnieni w SP nr 4 posiadaj\u0105 pe\u0142ne kwalifikacje do prowadzenia zaj\u0119\u0107 . Gabinety edukacji wczesnoszkolnej zosta\u0142y odnowione i wyposa\u017cone\u2026<\/p>\n<p> <a class=\"continue-reading-link\" href=\"https:\/\/sp4-wroclaw.pl\/?page_id=168\"><span>Czytaj dalej<\/span><i class=\"crycon-right-dir\"><\/i><\/a> <\/p>\n","protected":false},"author":1,"featured_media":0,"parent":0,"menu_order":0,"comment_status":"closed","ping_status":"closed","template":"","meta":{"footnotes":""},"class_list":["post-168","page","type-page","status-publish","hentry"],"aioseo_notices":[],"_links":{"self":[{"href":"https:\/\/sp4-wroclaw.pl\/index.php?rest_route=\/wp\/v2\/pages\/168","targetHints":{"allow":["GET"]}}],"collection":[{"href":"https:\/\/sp4-wroclaw.pl\/index.php?rest_route=\/wp\/v2\/pages"}],"about":[{"href":"https:\/\/sp4-wroclaw.pl\/index.php?rest_route=\/wp\/v2\/types\/page"}],"author":[{"embeddable":true,"href":"https:\/\/sp4-wroclaw.pl\/index.php?rest_route=\/wp\/v2\/users\/1"}],"replies":[{"embeddable":true,"href":"https:\/\/sp4-wroclaw.pl\/index.php?rest_route=%2Fwp%2Fv2%2Fcomments&post=168"}],"version-history":[{"count":8,"href":"https:\/\/sp4-wroclaw.pl\/index.php?rest_route=\/wp\/v2\/pages\/168\/revisions"}],"predecessor-version":[{"id":11608,"href":"https:\/\/sp4-wroclaw.pl\/index.php?rest_route=\/wp\/v2\/pages\/168\/revisions\/11608"}],"wp:attachment":[{"href":"https:\/\/sp4-wroclaw.pl\/index.php?rest_route=%2Fwp%2Fv2%2Fmedia&parent=168"}],"curies":[{"name":"wp","href":"https:\/\/api.w.org\/{rel}","templated":true}]}}