{"id":1697,"date":"2018-10-04T16:09:59","date_gmt":"2018-10-04T16:09:59","guid":{"rendered":"http:\/\/sp4-wroclaw.pl\/?page_id=1697"},"modified":"2026-03-16T15:18:57","modified_gmt":"2026-03-16T15:18:57","slug":"psycholog","status":"publish","type":"page","link":"https:\/\/sp4-wroclaw.pl\/?page_id=1697","title":{"rendered":"PSYCHOLOG"},"content":{"rendered":"<p>Psycholog:<strong> Agata Stok\u0142osa<\/strong><\/p>\n<div>Gabinet <strong>119B\u00a0<\/strong><\/div>\n<div><strong> 71 7986903\u00a0 wewn\u0119trzny 115<\/strong><\/div>\n<div><\/div>\n<div>Uko\u0144czy\u0142am studia psychologiczne na Uniwersytecie SWPS oraz przygotowanie pedagogiczne w WSB we Wroc\u0142awiu. W pracy z uczniami ceni\u0119 bezpieczn\u0105, opart\u0105 na zaufaniu relacj\u0119, kt\u00f3ra daje pocz\u0105tek wsp\u00f3\u0142pracy i nadaje kierunek rozwi\u0105zywaniu problem\u00f3w.<\/div>\n<div>Praca psychologa, to nie tylko dzia\u0142anie na rzecz prawid\u0142owego rozwoju i diagnozy potencjalnych mo\u017cliwo\u015bci lub trudno\u015bci uczni\u00f3w, to tak\u017ce wsp\u00f3\u0142praca z rodzicami i nauczycielami.<\/div>\n<div><\/div>\n<div>Zapraszam do kontaktu.<\/div>\n<div><\/div>\n<div>poniedzia\u0142ek <strong>9:45-12:45<\/strong><br \/>\nwtorek <strong style=\"font-size: revert; color: initial;\">9:30-11:30, <\/strong><strong style=\"font-size: revert; color: initial;\">12:45-13:45, 14:50-16:00<\/strong><strong style=\"font-size: revert; color: initial;\"><br \/>\n<\/strong>\u015broda <strong>10:00- 13:45<\/strong><br \/>\nczwartek <strong>11:30-16:30<\/strong><br \/>\npi\u0105tek <strong>8:30-14:35<\/strong><\/div>\n<div><\/div>\n<div>\n<hr \/>\n<\/div>\n<div><\/div>\n<div>\n<p><span style=\"font-size: revert; color: initial;\">Psycholog: <strong>Natalia Chudzi\u0144ska<\/strong><\/span><\/p>\n<\/div>\n<div>\n<p>Gabinet <strong>119B wewn\u0119trzny to 115<\/strong><\/p>\n<p>Uko\u0144czy\u0142am studia magisterskie z psychologii na Uniwersytecie SWPS. Stale doskonal\u0119 sw\u00f3j warsztat pracy uczestnicz\u0105c w kursach, konferencjach i szkoleniach, mi\u0119dzy innymi z zakresu interwencji kryzysowej. Jestem r\u00f3wnie\u017c certyfikowan\u0105 trenerk\u0105 TUS.<\/p>\n<p>W mojej pracy stawiam na budowanie atmosfery pe\u0142nej akceptacji, empatii i zaufania \u2013 tak, aby ka\u017cdy ucze\u0144 m\u00f3g\u0142 czu\u0107 si\u0119 bezpiecznie i rozwija\u0107 sw\u00f3j potencja\u0142. Kieruj\u0119 si\u0119 przekonaniem, \u017ce wszyscy maj\u0105 w sobie zasoby, kt\u00f3re mo\u017cna odkry\u0107 i wzmocni\u0107 przy odpowiednim wsparciu.Szczeg\u00f3lnie bliskie jest mi podej\u015bcie poznawczo-behawioralne, zw\u0142aszcza trzeciej fali.<br \/>\nPraca psychologa nie ogranicza si\u0119 jedynie do wspierania zdrowego rozwoju uczni\u00f3w i diagnozowania ich umiej\u0119tno\u015bci oraz trudno\u015bci, ale tak\u017ce obejmuje wsp\u00f3\u0142prac\u0119 z rodzicami i nauczycielami.<\/p>\n<p>Zapraszam do kontaktu!<br \/>\nNatalia Chudzi\u0144ska<br \/>\nPsycholog<\/p>\n<p>poniedzia\u0142ek <strong>11:50-16:15 <\/strong><br \/>\nwtorek <strong>14:30-16:30<\/strong><br \/>\n\u015broda <strong>8:00- 11:50<\/strong><br \/>\nczwartek <strong>8:00-11:30<\/strong><br \/>\npi\u0105tek <strong>8:55-10:40, <\/strong><strong>12:05-14:35<\/strong><\/p>\n<\/div>\n<div>\n<div><\/div>\n<\/div>\n","protected":false},"excerpt":{"rendered":"<p>Psycholog: Agata Stok\u0142osa Gabinet 119B\u00a0 71 7986903\u00a0 wewn\u0119trzny 115 Uko\u0144czy\u0142am studia psychologiczne na Uniwersytecie SWPS oraz przygotowanie pedagogiczne w WSB we Wroc\u0142awiu. W pracy z uczniami ceni\u0119 bezpieczn\u0105, opart\u0105 na zaufaniu relacj\u0119, kt\u00f3ra daje pocz\u0105tek wsp\u00f3\u0142pracy i nadaje kierunek rozwi\u0105zywaniu problem\u00f3w. Praca psychologa, to nie tylko dzia\u0142anie na rzecz prawid\u0142owego\u2026<\/p>\n<p> <a class=\"continue-reading-link\" href=\"https:\/\/sp4-wroclaw.pl\/?page_id=1697\"><span>Czytaj dalej<\/span><i class=\"crycon-right-dir\"><\/i><\/a> <\/p>\n","protected":false},"author":1,"featured_media":0,"parent":0,"menu_order":0,"comment_status":"closed","ping_status":"closed","template":"","meta":{"footnotes":""},"class_list":["post-1697","page","type-page","status-publish","hentry"],"aioseo_notices":[],"_links":{"self":[{"href":"https:\/\/sp4-wroclaw.pl\/index.php?rest_route=\/wp\/v2\/pages\/1697","targetHints":{"allow":["GET"]}}],"collection":[{"href":"https:\/\/sp4-wroclaw.pl\/index.php?rest_route=\/wp\/v2\/pages"}],"about":[{"href":"https:\/\/sp4-wroclaw.pl\/index.php?rest_route=\/wp\/v2\/types\/page"}],"author":[{"embeddable":true,"href":"https:\/\/sp4-wroclaw.pl\/index.php?rest_route=\/wp\/v2\/users\/1"}],"replies":[{"embeddable":true,"href":"https:\/\/sp4-wroclaw.pl\/index.php?rest_route=%2Fwp%2Fv2%2Fcomments&post=1697"}],"version-history":[{"count":32,"href":"https:\/\/sp4-wroclaw.pl\/index.php?rest_route=\/wp\/v2\/pages\/1697\/revisions"}],"predecessor-version":[{"id":17674,"href":"https:\/\/sp4-wroclaw.pl\/index.php?rest_route=\/wp\/v2\/pages\/1697\/revisions\/17674"}],"wp:attachment":[{"href":"https:\/\/sp4-wroclaw.pl\/index.php?rest_route=%2Fwp%2Fv2%2Fmedia&parent=1697"}],"curies":[{"name":"wp","href":"https:\/\/api.w.org\/{rel}","templated":true}]}}