{"id":187,"date":"2017-09-19T18:53:03","date_gmt":"2017-09-19T18:53:03","guid":{"rendered":"http:\/\/sp4-wroclaw.pl\/?page_id=187"},"modified":"2019-05-19T18:51:00","modified_gmt":"2019-05-19T18:51:00","slug":"klasy-sportowe","status":"publish","type":"page","link":"https:\/\/sp4-wroclaw.pl\/?page_id=187","title":{"rendered":"KLASY SPORTOWE"},"content":{"rendered":"<p><strong>Klasy p\u0142ywackie<\/strong><\/p>\n<p>3s &#8211; trener Pawe\u0142 Olejnik<\/p>\n<p><a href=\"http:\/\/sp4-wroclaw.pl\/?page_id=736\">[OPIS KLASY]<\/a><\/p>\n<p><strong>Klasy pi\u0142karskie<\/strong><\/p>\n<p>3p &#8211; trener Pawe\u0142 Wo\u017aniak, Rados\u0142aw Bala<\/p>\n<p><img loading=\"lazy\" decoding=\"async\" class=\"size-large wp-image-3518 alignleft\" src=\"http:\/\/sp4-wroclaw.pl\/wp-content\/uploads\/2017\/09\/20190322_LUC2624-kopia-1024x512.jpg\" alt=\"\" width=\"900\" height=\"450\" srcset=\"https:\/\/sp4-wroclaw.pl\/wp-content\/uploads\/2017\/09\/20190322_LUC2624-kopia-1024x512.jpg 1024w, https:\/\/sp4-wroclaw.pl\/wp-content\/uploads\/2017\/09\/20190322_LUC2624-kopia-300x150.jpg 300w, https:\/\/sp4-wroclaw.pl\/wp-content\/uploads\/2017\/09\/20190322_LUC2624-kopia-768x384.jpg 768w, https:\/\/sp4-wroclaw.pl\/wp-content\/uploads\/2017\/09\/20190322_LUC2624-kopia-150x75.jpg 150w, https:\/\/sp4-wroclaw.pl\/wp-content\/uploads\/2017\/09\/20190322_LUC2624-kopia.jpg 1200w\" sizes=\"auto, (max-width: 900px) 100vw, 900px\" \/><\/p>\n<p>&nbsp;<\/p>\n<p>&nbsp;<\/p>\n<p>&nbsp;<\/p>\n<p>&nbsp;<\/p>\n<p>&nbsp;<\/p>\n<p>&nbsp;<\/p>\n<p>&nbsp;<\/p>\n<p>&nbsp;<\/p>\n<p>&nbsp;<\/p>\n<p>4b &#8211; trener Pawe\u0142 Koprowski<\/p>\n<blockquote class=\"wp-embedded-content\" data-secret=\"EbD3ebnbwl\"><p><a href=\"http:\/\/sp4-wroclaw.pl\/?page_id=2440\">Klasa pi\u0142karska 4b<\/a><\/p><\/blockquote>\n<p><iframe loading=\"lazy\" class=\"wp-embedded-content\" sandbox=\"allow-scripts\" security=\"restricted\" style=\"position: absolute; clip: rect(1px, 1px, 1px, 1px);\" src=\"http:\/\/sp4-wroclaw.pl\/?page_id=2440&#038;embed=true#?secret=EbD3ebnbwl\" data-secret=\"EbD3ebnbwl\" width=\"600\" height=\"338\" title=\"&#8222;Klasa pi\u0142karska 4b&#8221; &#8212; \" frameborder=\"0\" marginwidth=\"0\" marginheight=\"0\" scrolling=\"no\"><\/iframe><\/p>\n<p>&nbsp;<\/p>\n","protected":false},"excerpt":{"rendered":"<p>Klasy p\u0142ywackie 3s &#8211; trener Pawe\u0142 Olejnik [OPIS KLASY] Klasy pi\u0142karskie 3p &#8211; trener Pawe\u0142 Wo\u017aniak, Rados\u0142aw Bala &nbsp; &nbsp; &nbsp; &nbsp; &nbsp; &nbsp; &nbsp; &nbsp; &nbsp; 4b &#8211; trener Pawe\u0142 Koprowski Klasa pi\u0142karska 4b &nbsp;<\/p>\n<p> <a class=\"continue-reading-link\" href=\"https:\/\/sp4-wroclaw.pl\/?page_id=187\"><span>Czytaj dalej<\/span><i class=\"crycon-right-dir\"><\/i><\/a> <\/p>\n","protected":false},"author":1,"featured_media":0,"parent":0,"menu_order":0,"comment_status":"closed","ping_status":"closed","template":"","meta":{"footnotes":""},"class_list":["post-187","page","type-page","status-publish","hentry"],"aioseo_notices":[],"_links":{"self":[{"href":"https:\/\/sp4-wroclaw.pl\/index.php?rest_route=\/wp\/v2\/pages\/187","targetHints":{"allow":["GET"]}}],"collection":[{"href":"https:\/\/sp4-wroclaw.pl\/index.php?rest_route=\/wp\/v2\/pages"}],"about":[{"href":"https:\/\/sp4-wroclaw.pl\/index.php?rest_route=\/wp\/v2\/types\/page"}],"author":[{"embeddable":true,"href":"https:\/\/sp4-wroclaw.pl\/index.php?rest_route=\/wp\/v2\/users\/1"}],"replies":[{"embeddable":true,"href":"https:\/\/sp4-wroclaw.pl\/index.php?rest_route=%2Fwp%2Fv2%2Fcomments&post=187"}],"version-history":[{"count":7,"href":"https:\/\/sp4-wroclaw.pl\/index.php?rest_route=\/wp\/v2\/pages\/187\/revisions"}],"predecessor-version":[{"id":3519,"href":"https:\/\/sp4-wroclaw.pl\/index.php?rest_route=\/wp\/v2\/pages\/187\/revisions\/3519"}],"wp:attachment":[{"href":"https:\/\/sp4-wroclaw.pl\/index.php?rest_route=%2Fwp%2Fv2%2Fmedia&parent=187"}],"curies":[{"name":"wp","href":"https:\/\/api.w.org\/{rel}","templated":true}]}}