{"id":191,"date":"2017-09-19T19:36:12","date_gmt":"2017-09-19T19:36:12","guid":{"rendered":"http:\/\/sp4-wroclaw.pl\/?page_id=191"},"modified":"2018-10-29T20:06:22","modified_gmt":"2018-10-29T20:06:22","slug":"rywalizacja-sportowa","status":"publish","type":"page","link":"https:\/\/sp4-wroclaw.pl\/?page_id=191","title":{"rendered":"RYWALIZACJA SPORTOWA"},"content":{"rendered":"<blockquote class=\"wp-embedded-content\" data-secret=\"Ja4LFOMy7z\"><p><a href=\"http:\/\/sp4-wroclaw.pl\/?page_id=1924\">IGRZYSKA M\u0141ODZIE\u017bY SZKOLNEJ W PI\u0141CE NO\u017bNEJ CH\u0141OPC\u00d3W<\/a><\/p><\/blockquote>\n<p><iframe loading=\"lazy\" class=\"wp-embedded-content\" sandbox=\"allow-scripts\" security=\"restricted\" style=\"position: absolute; clip: rect(1px, 1px, 1px, 1px);\" src=\"http:\/\/sp4-wroclaw.pl\/?page_id=1924&#038;embed=true#?secret=Ja4LFOMy7z\" data-secret=\"Ja4LFOMy7z\" width=\"600\" height=\"338\" title=\"&#8222;IGRZYSKA M\u0141ODZIE\u017bY SZKOLNEJ W PI\u0141CE NO\u017bNEJ CH\u0141OPC\u00d3W&#8221; &#8212; \" frameborder=\"0\" marginwidth=\"0\" marginheight=\"0\" scrolling=\"no\"><\/iframe><\/p>\n<p>&nbsp;<\/p>\n<p>&nbsp;<\/p>\n","protected":false},"excerpt":{"rendered":"<p>IGRZYSKA M\u0141ODZIE\u017bY SZKOLNEJ W PI\u0141CE NO\u017bNEJ CH\u0141OPC\u00d3W &nbsp; &nbsp;<\/p>\n<p> <a class=\"continue-reading-link\" href=\"https:\/\/sp4-wroclaw.pl\/?page_id=191\"><span>Czytaj dalej<\/span><i class=\"crycon-right-dir\"><\/i><\/a> <\/p>\n","protected":false},"author":1,"featured_media":0,"parent":0,"menu_order":0,"comment_status":"closed","ping_status":"closed","template":"","meta":{"footnotes":""},"class_list":["post-191","page","type-page","status-publish","hentry"],"aioseo_notices":[],"_links":{"self":[{"href":"https:\/\/sp4-wroclaw.pl\/index.php?rest_route=\/wp\/v2\/pages\/191","targetHints":{"allow":["GET"]}}],"collection":[{"href":"https:\/\/sp4-wroclaw.pl\/index.php?rest_route=\/wp\/v2\/pages"}],"about":[{"href":"https:\/\/sp4-wroclaw.pl\/index.php?rest_route=\/wp\/v2\/types\/page"}],"author":[{"embeddable":true,"href":"https:\/\/sp4-wroclaw.pl\/index.php?rest_route=\/wp\/v2\/users\/1"}],"replies":[{"embeddable":true,"href":"https:\/\/sp4-wroclaw.pl\/index.php?rest_route=%2Fwp%2Fv2%2Fcomments&post=191"}],"version-history":[{"count":4,"href":"https:\/\/sp4-wroclaw.pl\/index.php?rest_route=\/wp\/v2\/pages\/191\/revisions"}],"predecessor-version":[{"id":1927,"href":"https:\/\/sp4-wroclaw.pl\/index.php?rest_route=\/wp\/v2\/pages\/191\/revisions\/1927"}],"wp:attachment":[{"href":"https:\/\/sp4-wroclaw.pl\/index.php?rest_route=%2Fwp%2Fv2%2Fmedia&parent=191"}],"curies":[{"name":"wp","href":"https:\/\/api.w.org\/{rel}","templated":true}]}}