{"id":1924,"date":"2018-10-29T20:03:56","date_gmt":"2018-10-29T20:03:56","guid":{"rendered":"http:\/\/sp4-wroclaw.pl\/?page_id=1924"},"modified":"2018-10-29T20:03:56","modified_gmt":"2018-10-29T20:03:56","slug":"igrzyska-mlodziezy-szkolnej-w-pilce-noznej-chlopcow","status":"publish","type":"page","link":"https:\/\/sp4-wroclaw.pl\/?page_id=1924","title":{"rendered":"IGRZYSKA M\u0141ODZIE\u017bY SZKOLNEJ W PI\u0141CE NO\u017bNEJ CH\u0141OPC\u00d3W"},"content":{"rendered":"<p>W dniu 23 pa\u017adziernika 2018 r. uczniowie klasy 3p rozegrali\u00a0mecze eliminacyjne strefy centrum w pi\u0142ce no\u017cnej ch\u0142opc\u00f3w. Grali\u015bmy na boisku przy ulicy Terenowej ze szko\u0142ami SP 61 oraz SP 23.<\/p>\n<p>Odnotowali\u015bmy dwa zwyci\u0119stwa, co da\u0142o nam awans do kolejnej rundy.<\/p>\n<p>Nasz zesp\u00f3\u0142\u00a0reprezentowali:\u00a0<span class=\"hiddenSpellError\">Cychol<\/span>\u00a0Miko\u0142aj, Dudek Mateusz, Dudek Marcin, Grochowina Bartosz,\u00a0<span class=\"hiddenSpellError\">Lazarowicz<\/span>\u00a0Adam, Michalak Krystian,\u00a0<span class=\"hiddenSpellError\">Mokswa<\/span>\u00a0Grzegorz, Napieralski Oliwier, Sobk\u00f3w \u0141ukasz,\u00a0<span class=\"hiddenSpellError\">Zmorczy\u0144ski<\/span>\u00a0Kacper.<\/p>\n<p>Gratulujemy i \u017cyczymy powodzenia w nast\u0119pnej rundzie.<\/p>\n<p><a href=\"http:\/\/sp4-wroclaw.pl\/wp-content\/uploads\/2018\/10\/IMG_20181023_123552.jpg\"><img loading=\"lazy\" decoding=\"async\" class=\"alignright size-large wp-image-1925\" src=\"http:\/\/sp4-wroclaw.pl\/wp-content\/uploads\/2018\/10\/IMG_20181023_123552-1024x576.jpg\" alt=\"\" width=\"900\" height=\"506\" \/><\/a><\/p>\n<p>&nbsp;<\/p>\n","protected":false},"excerpt":{"rendered":"<p>W dniu 23 pa\u017adziernika 2018 r. uczniowie klasy 3p rozegrali\u00a0mecze eliminacyjne strefy centrum w pi\u0142ce no\u017cnej ch\u0142opc\u00f3w. Grali\u015bmy na boisku przy ulicy Terenowej ze szko\u0142ami SP 61 oraz SP 23. Odnotowali\u015bmy dwa zwyci\u0119stwa, co da\u0142o nam awans do kolejnej rundy. Nasz zesp\u00f3\u0142\u00a0reprezentowali:\u00a0Cychol\u00a0Miko\u0142aj, Dudek Mateusz, Dudek Marcin, Grochowina Bartosz,\u00a0Lazarowicz\u00a0Adam, Michalak Krystian,\u00a0Mokswa\u00a0Grzegorz,\u2026<\/p>\n<p> <a class=\"continue-reading-link\" href=\"https:\/\/sp4-wroclaw.pl\/?page_id=1924\"><span>Czytaj dalej<\/span><i class=\"crycon-right-dir\"><\/i><\/a> <\/p>\n","protected":false},"author":1,"featured_media":0,"parent":0,"menu_order":0,"comment_status":"closed","ping_status":"closed","template":"","meta":{"footnotes":""},"class_list":["post-1924","page","type-page","status-publish","hentry"],"aioseo_notices":[],"_links":{"self":[{"href":"https:\/\/sp4-wroclaw.pl\/index.php?rest_route=\/wp\/v2\/pages\/1924","targetHints":{"allow":["GET"]}}],"collection":[{"href":"https:\/\/sp4-wroclaw.pl\/index.php?rest_route=\/wp\/v2\/pages"}],"about":[{"href":"https:\/\/sp4-wroclaw.pl\/index.php?rest_route=\/wp\/v2\/types\/page"}],"author":[{"embeddable":true,"href":"https:\/\/sp4-wroclaw.pl\/index.php?rest_route=\/wp\/v2\/users\/1"}],"replies":[{"embeddable":true,"href":"https:\/\/sp4-wroclaw.pl\/index.php?rest_route=%2Fwp%2Fv2%2Fcomments&post=1924"}],"version-history":[{"count":1,"href":"https:\/\/sp4-wroclaw.pl\/index.php?rest_route=\/wp\/v2\/pages\/1924\/revisions"}],"predecessor-version":[{"id":1926,"href":"https:\/\/sp4-wroclaw.pl\/index.php?rest_route=\/wp\/v2\/pages\/1924\/revisions\/1926"}],"wp:attachment":[{"href":"https:\/\/sp4-wroclaw.pl\/index.php?rest_route=%2Fwp%2Fv2%2Fmedia&parent=1924"}],"curies":[{"name":"wp","href":"https:\/\/api.w.org\/{rel}","templated":true}]}}