{"id":36,"date":"2017-07-24T14:52:12","date_gmt":"2017-07-24T14:52:12","guid":{"rendered":"http:\/\/sp4-wroclaw.pl\/?page_id=36"},"modified":"2025-10-13T08:21:59","modified_gmt":"2025-10-13T08:21:59","slug":"kalendarz-roku-szkolnego","status":"publish","type":"page","link":"https:\/\/sp4-wroclaw.pl\/?page_id=36","title":{"rendered":"KALENDARZ ROKU SZKOLNEGO"},"content":{"rendered":"<p><span style=\"color: #ff0000;\"><strong>KALENDARZ ROKU SZKOLNEGO 2025\/2026<\/strong><\/span><\/p>\n<table width=\"707\">\n<tbody>\n<tr>\n<td width=\"187\">\n<p><strong>01.09.2025r.<\/strong><\/p>\n<\/td>\n<td width=\"520\">\n<p>Uroczyste rozpocz\u0119cie roku szkolnego 2025\/2026<\/p>\n<\/td>\n<\/tr>\n<tr>\n<td width=\"187\">\n<p><strong>14.10.2025r.<\/strong><\/p>\n<\/td>\n<td width=\"520\">\n<p>Dzie\u0144 wolny od zaj\u0119\u0107 dydaktycznych (Pasowanie uczni\u00f3w klas I-ych)<\/p>\n<\/td>\n<\/tr>\n<tr>\n<td width=\"187\">\n<p><strong>11.11.2025r.<\/strong><\/p>\n<\/td>\n<td width=\"520\">\n<p>Dzie\u0144 wolny od zaj\u0119\u0107 dydaktyczno-wychowawczych (Dzie\u0144 Niepodleg\u0142o\u015bci)<\/p>\n<\/td>\n<\/tr>\n<tr>\n<td width=\"187\">\n<p><strong>22.12. do 31.12.25r.<\/strong><\/p>\n<\/td>\n<td width=\"520\">\n<p>Zimowa przerwa \u015bwi\u0105teczna<\/p>\n<\/td>\n<\/tr>\n<tr>\n<td width=\"187\">\n<p><strong>01.01.2026r.<\/strong><\/p>\n<\/td>\n<td width=\"520\">\n<p>Dzie\u0144 wolny od zaj\u0119\u0107 dydaktyczno-wychowawczych (Nowy Rok)<\/p>\n<\/td>\n<\/tr>\n<tr>\n<td width=\"187\">\n<p><strong>02.01.2026r. <\/strong><\/p>\n<\/td>\n<td width=\"520\">\n<p>Dzie\u0144 wolny od zaj\u0119\u0107 dydaktyczno-wychowawczych<\/p>\n<\/td>\n<\/tr>\n<tr>\n<td width=\"187\">\n<p><strong>06.01.2026r.<\/strong><\/p>\n<\/td>\n<td width=\"520\">\n<p>Dzie\u0144 wolny od zaj\u0119\u0107 dydaktyczno-wychowawczych (\u015awi\u0119to Trzech Kr\u00f3li)<\/p>\n<\/td>\n<\/tr>\n<tr>\n<td width=\"187\">\n<p><strong>23.01.2026r.<\/strong><\/p>\n<\/td>\n<td width=\"520\">\n<p><strong>Termin wystawienia ocen \u015br\u00f3drocznych<\/strong><\/p>\n<\/td>\n<\/tr>\n<tr>\n<td width=\"187\">\n<p><strong>02.02. do 15.02.26r.<\/strong><\/p>\n<\/td>\n<td width=\"520\">\n<p>Ferie zimowe<\/p>\n<\/td>\n<\/tr>\n<tr>\n<td width=\"187\">\n<p><strong>02.04 \u2013 07.04.26r.<\/strong><\/p>\n<\/td>\n<td width=\"520\">\n<p>Wiosenna przerwa \u015bwi\u0105teczna<\/p>\n<\/td>\n<\/tr>\n<tr>\n<td width=\"187\">\n<p><strong>01.05.2026r.<\/strong><\/p>\n<\/td>\n<td width=\"520\">\n<p>Dzie\u0144 wolny od zaj\u0119\u0107 dydaktyczno-wychowawczych (\u015awi\u0119to Pracy)<\/p>\n<\/td>\n<\/tr>\n<tr>\n<td width=\"187\">\n<p><strong>11.05 \u2013 13.05.26r.<\/strong><\/p>\n<\/td>\n<td width=\"520\">\n<p><strong>Egzaminy \u00f3smoklasisty<\/strong><\/p>\n<\/td>\n<\/tr>\n<tr>\n<td width=\"187\">\n<p><strong>12.06.2026r.<\/strong><\/p>\n<\/td>\n<td width=\"520\">\n<p><strong>Termin wystawienia ocen rocznych<\/strong><\/p>\n<\/td>\n<\/tr>\n<tr>\n<td width=\"187\">\n<p><strong>04.06.2026r.<\/strong><\/p>\n<\/td>\n<td width=\"520\">\n<p>Dzie\u0144 wolny od zaj\u0119\u0107 dydaktyczno-wychowawczych (Bo\u017ce Cia\u0142o)<\/p>\n<\/td>\n<\/tr>\n<tr>\n<td width=\"187\">\n<p><strong>05.06.2026r. <\/strong><\/p>\n<\/td>\n<td width=\"520\">\n<p>Dzie\u0144 wolny od zaj\u0119\u0107 dydaktyczno-wychowawczych<\/p>\n<\/td>\n<\/tr>\n<tr>\n<td width=\"187\">\n<p><strong>19.06.2026r.<\/strong><\/p>\n<\/td>\n<td width=\"520\">\n<p>Szkolny dzie\u0144 sportu<\/p>\n<\/td>\n<\/tr>\n<tr>\n<td width=\"187\">\n<p><strong>26.06.2026r.<\/strong><\/p>\n<\/td>\n<td width=\"520\">\n<p>Uroczyste zako\u0144czenie roku szkolnego 2025\/26<\/p>\n<\/td>\n<\/tr>\n<tr>\n<td width=\"187\">\n<p><strong><u>Rady pedagogiczne:<\/u><\/strong><\/p>\n<\/td>\n<td width=\"520\">\n<p>\u00a0<\/p>\n<\/td>\n<\/tr>\n<tr>\n<td width=\"187\">\n<p><strong>29.01.2026r.<\/strong><\/p>\n<\/td>\n<td width=\"520\">\n<p>Posiedzenie klasyfikacyjnej Rady Pedagogicznej<\/p>\n<\/td>\n<\/tr>\n<tr>\n<td width=\"187\">\n<p><strong>19.02.2026r.<\/strong><\/p>\n<\/td>\n<td width=\"520\">\n<p>Plenarne posiedzenie Rady Pedagogicznej podsumowuj\u0105ce prac\u0119 w I semestrze<\/p>\n<\/td>\n<\/tr>\n<tr>\n<td width=\"187\">\n<p><strong>16.06.2026r.<\/strong><\/p>\n<\/td>\n<td width=\"520\">\n<p>Posiedzenie klasyfikacyjnej Rady Pedagogicznej<\/p>\n<\/td>\n<\/tr>\n<tr>\n<td width=\"187\">\n<p><strong>25.06.2026r.<\/strong><\/p>\n<\/td>\n<td width=\"520\">\n<p>Plenarne posiedzenie Rady Pedagogicznej<\/p>\n<\/td>\n<\/tr>\n<tr>\n<td width=\"187\">\n<p><strong><u>Wywiad\u00f3wki:<\/u><\/strong><\/p>\n<\/td>\n<td width=\"520\">\n<p>\u00a0<\/p>\n<\/td>\n<\/tr>\n<tr>\n<td width=\"187\">\n<p><strong>11.09.2025r. <\/strong><\/p>\n<\/td>\n<td width=\"520\">\n<p>Zebranie z rodzicami<\/p>\n<\/td>\n<\/tr>\n<tr>\n<td width=\"187\">\n<p><strong>04.12.2025r.<\/strong><\/p>\n<\/td>\n<td width=\"520\">\n<p><strong><u>powiadomienie o zagro\u017ceniach<\/u><\/strong> (Zebrania)<\/p>\n<\/td>\n<\/tr>\n<tr>\n<td width=\"187\">\n<p><strong>19.03.2026r.<\/strong><\/p>\n<\/td>\n<td width=\"520\">\n<p>Zebranie z rodzicami<\/p>\n<\/td>\n<\/tr>\n<tr>\n<td width=\"187\">\n<p><strong>07.05.2026r.<\/strong><\/p>\n<\/td>\n<td width=\"520\">\n<p><strong><u>powiadomienie o zagro\u017ceniach <\/u><\/strong>(Zebrania)<\/p>\n<\/td>\n<\/tr>\n<\/tbody>\n<\/table>\n<p align=\"CENTER\"><strong style=\"font-size: revert; color: initial;\">\u00a0<\/strong><\/p>\n<p>\u00a0<\/p>\n<table style=\"width: 98.9517%; height: 667px;\">\n<tbody>\n<tr style=\"height: 23px;\">\n<td style=\"width: 219.172px; height: 23px;\">\u00a0<\/td>\n<td style=\"width: 596.828px; height: 23px;\">\u00a0<\/td>\n<\/tr>\n<tr style=\"height: 23px;\">\n<td style=\"width: 219.172px; height: 23px;\">\u00a0<\/td>\n<td style=\"width: 596.828px; height: 23px;\">\u00a0<\/td>\n<\/tr>\n<tr style=\"height: 23px;\">\n<td style=\"width: 219.172px; height: 23px;\">\u00a0<\/td>\n<td style=\"width: 596.828px; height: 23px;\">\u00a0<\/td>\n<\/tr>\n<tr style=\"height: 23px;\">\n<td style=\"width: 219.172px; height: 23px;\">\u00a0<\/td>\n<td style=\"width: 596.828px; height: 23px;\">\u00a0<\/td>\n<\/tr>\n<tr style=\"height: 23px;\">\n<td style=\"width: 219.172px; height: 23px;\">\u00a0<\/td>\n<td style=\"width: 596.828px; height: 23px;\">\u00a0<\/td>\n<\/tr>\n<tr style=\"height: 23px;\">\n<td style=\"width: 219.172px; height: 23px;\">\u00a0<\/td>\n<td style=\"width: 596.828px; height: 23px;\">\u00a0<\/td>\n<\/tr>\n<tr style=\"height: 23px;\">\n<td style=\"width: 219.172px; height: 23px;\">\u00a0<\/td>\n<td style=\"width: 596.828px; height: 23px;\">\u00a0<\/td>\n<\/tr>\n<tr style=\"height: 23px;\">\n<td style=\"width: 219.172px; height: 23px;\">\u00a0<\/td>\n<td style=\"width: 596.828px; height: 23px;\">\u00a0<\/td>\n<\/tr>\n<tr style=\"height: 23px;\">\n<td style=\"width: 219.172px; height: 23px;\">\u00a0<\/td>\n<td style=\"width: 596.828px; height: 23px;\">\u00a0<\/td>\n<\/tr>\n<tr style=\"height: 23px;\">\n<td style=\"width: 219.172px; height: 23px;\">\u00a0<\/td>\n<td style=\"width: 596.828px; height: 23px;\">\u00a0<\/td>\n<\/tr>\n<tr style=\"height: 46px;\">\n<td style=\"width: 219.172px; height: 46px;\">\u00a0<\/td>\n<td style=\"width: 596.828px; height: 46px;\">\u00a0<\/td>\n<\/tr>\n<tr style=\"height: 23px;\">\n<td style=\"width: 219.172px; height: 23px;\">\u00a0<\/td>\n<td style=\"width: 596.828px; height: 23px;\">\u00a0<\/td>\n<\/tr>\n<tr style=\"height: 23px;\">\n<td style=\"width: 219.172px; height: 23px;\">\u00a0<\/td>\n<td style=\"width: 596.828px; height: 23px;\">\u00a0<\/td>\n<\/tr>\n<tr style=\"height: 23px;\">\n<td style=\"width: 219.172px; height: 23px;\">\u00a0<\/td>\n<td style=\"width: 596.828px; height: 23px;\">\u00a0<\/td>\n<\/tr>\n<tr style=\"height: 23px;\">\n<td style=\"width: 219.172px; height: 23px;\">\u00a0<\/td>\n<td style=\"width: 596.828px; height: 23px;\">\u00a0<\/td>\n<\/tr>\n<tr style=\"height: 23px;\">\n<td style=\"width: 219.172px; height: 23px;\">\u00a0<\/td>\n<td style=\"width: 596.828px; height: 23px;\">\u00a0<\/td>\n<\/tr>\n<tr style=\"height: 23px;\">\n<td style=\"width: 219.172px; height: 23px;\">\u00a0<\/td>\n<td style=\"width: 596.828px; height: 23px;\">\u00a0<\/td>\n<\/tr>\n<tr style=\"height: 46px;\">\n<td style=\"width: 219.172px; height: 46px;\">\u00a0<\/td>\n<td style=\"width: 596.828px; height: 46px;\">\u00a0<\/td>\n<\/tr>\n<tr style=\"height: 23px;\">\n<td style=\"width: 219.172px; height: 23px;\">\u00a0<\/td>\n<td style=\"width: 596.828px; height: 23px;\">\u00a0<\/td>\n<\/tr>\n<tr style=\"height: 23px;\">\n<td style=\"width: 219.172px; height: 23px;\">\u00a0<\/td>\n<td style=\"width: 596.828px; height: 23px;\">\u00a0<\/td>\n<\/tr>\n<tr style=\"height: 23px;\">\n<td style=\"width: 219.172px; height: 23px;\">\u00a0<\/td>\n<td style=\"width: 596.828px; height: 23px;\">\u00a0<\/td>\n<\/tr>\n<tr style=\"height: 23px;\">\n<td style=\"width: 219.172px; height: 23px;\">\u00a0<\/td>\n<td style=\"width: 596.828px; height: 23px;\">\u00a0<\/td>\n<\/tr>\n<tr style=\"height: 23px;\">\n<td style=\"width: 219.172px; height: 23px;\">\u00a0<\/td>\n<td style=\"width: 596.828px; height: 23px;\">\u00a0<\/td>\n<\/tr>\n<tr style=\"height: 23px;\">\n<td style=\"width: 219.172px; height: 23px;\">\u00a0<\/td>\n<td style=\"width: 596.828px; height: 23px;\">\u00a0<\/td>\n<\/tr>\n<tr style=\"height: 23px;\">\n<td style=\"width: 219.172px; height: 23px;\">\u00a0<\/td>\n<td style=\"width: 596.828px; height: 23px;\">\u00a0<\/td>\n<\/tr>\n<tr style=\"height: 23px;\">\n<td style=\"width: 219.172px; height: 23px;\">\u00a0<\/td>\n<td style=\"width: 596.828px; height: 23px;\">\u00a0<\/td>\n<\/tr>\n<tr style=\"height: 23px;\">\n<td style=\"width: 219.172px; height: 23px;\">\u00a0<\/td>\n<td style=\"width: 596.828px; height: 23px;\">\u00a0<\/td>\n<\/tr>\n<\/tbody>\n<\/table>\n\n","protected":false},"excerpt":{"rendered":"<p>KALENDARZ ROKU SZKOLNEGO 2025\/2026 01.09.2025r. Uroczyste rozpocz\u0119cie roku szkolnego 2025\/2026 14.10.2025r. Dzie\u0144 wolny od zaj\u0119\u0107 dydaktycznych (Pasowanie uczni\u00f3w klas I-ych) 11.11.2025r. Dzie\u0144 wolny od zaj\u0119\u0107 dydaktyczno-wychowawczych (Dzie\u0144 Niepodleg\u0142o\u015bci) 22.12. do 31.12.25r. Zimowa przerwa \u015bwi\u0105teczna 01.01.2026r. Dzie\u0144 wolny od zaj\u0119\u0107 dydaktyczno-wychowawczych (Nowy Rok) 02.01.2026r. Dzie\u0144 wolny od zaj\u0119\u0107 dydaktyczno-wychowawczych 06.01.2026r. Dzie\u0144\u2026<\/p>\n<p> <a class=\"continue-reading-link\" href=\"https:\/\/sp4-wroclaw.pl\/?page_id=36\"><span>Czytaj dalej<\/span><i class=\"crycon-right-dir\"><\/i><\/a> <\/p>\n","protected":false},"author":1,"featured_media":0,"parent":0,"menu_order":0,"comment_status":"closed","ping_status":"closed","template":"","meta":{"footnotes":""},"class_list":["post-36","page","type-page","status-publish","hentry"],"aioseo_notices":[],"_links":{"self":[{"href":"https:\/\/sp4-wroclaw.pl\/index.php?rest_route=\/wp\/v2\/pages\/36","targetHints":{"allow":["GET"]}}],"collection":[{"href":"https:\/\/sp4-wroclaw.pl\/index.php?rest_route=\/wp\/v2\/pages"}],"about":[{"href":"https:\/\/sp4-wroclaw.pl\/index.php?rest_route=\/wp\/v2\/types\/page"}],"author":[{"embeddable":true,"href":"https:\/\/sp4-wroclaw.pl\/index.php?rest_route=\/wp\/v2\/users\/1"}],"replies":[{"embeddable":true,"href":"https:\/\/sp4-wroclaw.pl\/index.php?rest_route=%2Fwp%2Fv2%2Fcomments&post=36"}],"version-history":[{"count":37,"href":"https:\/\/sp4-wroclaw.pl\/index.php?rest_route=\/wp\/v2\/pages\/36\/revisions"}],"predecessor-version":[{"id":16489,"href":"https:\/\/sp4-wroclaw.pl\/index.php?rest_route=\/wp\/v2\/pages\/36\/revisions\/16489"}],"wp:attachment":[{"href":"https:\/\/sp4-wroclaw.pl\/index.php?rest_route=%2Fwp%2Fv2%2Fmedia&parent=36"}],"curies":[{"name":"wp","href":"https:\/\/api.w.org\/{rel}","templated":true}]}}