{"id":38,"date":"2017-07-24T14:52:28","date_gmt":"2017-07-24T14:52:28","guid":{"rendered":"http:\/\/sp4-wroclaw.pl\/?page_id=38"},"modified":"2021-08-30T19:53:00","modified_gmt":"2021-08-30T19:53:00","slug":"zebrania-i-konsultacje","status":"publish","type":"page","link":"https:\/\/sp4-wroclaw.pl\/?page_id=38","title":{"rendered":"ZEBRANIA I KONSULTACJE"},"content":{"rendered":"<p style=\"text-align: left;\"><span style=\"color: #ff0000;\"><strong>HARMONOGRAM SPOTKA\u0143 W SZKOLE PODSTAWOWEJ NR 4 WE WROC\u0141AWIU 2021\/2022<\/strong><\/span><\/p>\n<p style=\"text-align: left;\"><span style=\"color: #ff0000;\"><strong> (ZEBRA\u0143 I KONSULTACJI Z RODZICAMI)<\/strong><\/span><\/p>\n<table border=\"1\" width=\"707\" cellspacing=\"0\" cellpadding=\"7\">\n<colgroup>\n<col width=\"172\" \/>\n<col width=\"152\" \/>\n<col width=\"338\" \/> <\/colgroup>\n<tbody>\n<tr>\n<td colspan=\"2\" width=\"338\"><span style=\"font-family: Times New Roman, serif;\"><span style=\"font-size: medium;\"><u><b>Wywiad\u00f3wki:<\/b><\/u><\/span><\/span><\/td>\n<td width=\"338\"><\/td>\n<\/tr>\n<tr>\n<td width=\"172\"><span style=\"font-family: Times New Roman, serif;\"><span style=\"font-size: medium;\"><b>09.09.2021 r.<\/b><\/span><\/span><\/td>\n<td colspan=\"2\" width=\"505\"><\/td>\n<\/tr>\n<tr>\n<td width=\"172\"><span style=\"font-family: Times New Roman, serif;\"><span style=\"font-size: medium;\"><b>21.10.2021 r.<\/b><\/span><\/span><\/td>\n<td colspan=\"2\" width=\"505\"><\/td>\n<\/tr>\n<tr>\n<td width=\"172\"><span style=\"font-family: Times New Roman, serif;\"><span style=\"font-size: medium;\"><b>16.12.2021 r.<\/b><\/span><\/span><\/td>\n<td colspan=\"2\" width=\"505\"><span style=\"font-family: 'Times New Roman', serif; color: #339966;\"><span style=\"font-size: medium;\"><u><b>powiadomienie o zagro\u017ceniach<\/b><\/u><\/span><\/span><\/td>\n<\/tr>\n<tr>\n<td width=\"172\"><span style=\"font-family: Times New Roman, serif;\"><span style=\"font-size: medium;\"><b>17.03.2022 r.<\/b><\/span><\/span><\/td>\n<td colspan=\"2\" width=\"505\"><\/td>\n<\/tr>\n<tr>\n<td width=\"172\"><span style=\"font-family: Times New Roman, serif;\"><span style=\"font-size: medium;\"><b>12.05.2022 r.<\/b><\/span><\/span><\/td>\n<td colspan=\"2\" width=\"505\"><span style=\"font-family: 'Times New Roman', serif; color: #339966;\"><span style=\"font-size: medium;\"><u><b>powiadomienie o zagro\u017ceniach<\/b><\/u><\/span><\/span><\/td>\n<\/tr>\n<\/tbody>\n<\/table>\n","protected":false},"excerpt":{"rendered":"<p>HARMONOGRAM SPOTKA\u0143 W SZKOLE PODSTAWOWEJ NR 4 WE WROC\u0141AWIU 2021\/2022 (ZEBRA\u0143 I KONSULTACJI Z RODZICAMI) Wywiad\u00f3wki: 09.09.2021 r. 21.10.2021 r. 16.12.2021 r. powiadomienie o zagro\u017ceniach 17.03.2022 r. 12.05.2022 r. powiadomienie o zagro\u017ceniach<\/p>\n<p> <a class=\"continue-reading-link\" href=\"https:\/\/sp4-wroclaw.pl\/?page_id=38\"><span>Czytaj dalej<\/span><i class=\"crycon-right-dir\"><\/i><\/a> <\/p>\n","protected":false},"author":1,"featured_media":0,"parent":0,"menu_order":0,"comment_status":"closed","ping_status":"closed","template":"","meta":{"footnotes":""},"class_list":["post-38","page","type-page","status-publish","hentry"],"aioseo_notices":[],"_links":{"self":[{"href":"https:\/\/sp4-wroclaw.pl\/index.php?rest_route=\/wp\/v2\/pages\/38","targetHints":{"allow":["GET"]}}],"collection":[{"href":"https:\/\/sp4-wroclaw.pl\/index.php?rest_route=\/wp\/v2\/pages"}],"about":[{"href":"https:\/\/sp4-wroclaw.pl\/index.php?rest_route=\/wp\/v2\/types\/page"}],"author":[{"embeddable":true,"href":"https:\/\/sp4-wroclaw.pl\/index.php?rest_route=\/wp\/v2\/users\/1"}],"replies":[{"embeddable":true,"href":"https:\/\/sp4-wroclaw.pl\/index.php?rest_route=%2Fwp%2Fv2%2Fcomments&post=38"}],"version-history":[{"count":15,"href":"https:\/\/sp4-wroclaw.pl\/index.php?rest_route=\/wp\/v2\/pages\/38\/revisions"}],"predecessor-version":[{"id":7270,"href":"https:\/\/sp4-wroclaw.pl\/index.php?rest_route=\/wp\/v2\/pages\/38\/revisions\/7270"}],"wp:attachment":[{"href":"https:\/\/sp4-wroclaw.pl\/index.php?rest_route=%2Fwp%2Fv2%2Fmedia&parent=38"}],"curies":[{"name":"wp","href":"https:\/\/api.w.org\/{rel}","templated":true}]}}