{"id":530,"date":"2017-12-11T13:41:01","date_gmt":"2017-12-11T13:41:01","guid":{"rendered":"http:\/\/sp4-wroclaw.pl\/?page_id=530"},"modified":"2017-12-11T13:41:01","modified_gmt":"2017-12-11T13:41:01","slug":"ogloszenie-o-zamowieniu-na-uslugi-spoleczne","status":"publish","type":"page","link":"https:\/\/sp4-wroclaw.pl\/?page_id=530","title":{"rendered":"Og\u0142oszenie o zam\u00f3wieniu na us\u0142ugi spo\u0142eczne"},"content":{"rendered":"<h2><span style=\"color: #000000;\">Og\u0142oszenie o zam\u00f3wieniu na us\u0142ugi spo\u0142eczne<\/span><\/h2>\n<p><strong>\u00a0<\/strong><\/p>\n<p><strong>\u00a0<\/strong><strong>Szko\u0142a Podstawowa nr 4, <\/strong>\u00a0<strong>53-140 Wroc\u0142aw, ul. Powsta\u0144c\u00f3w \u015al. 210-218, og\u0142asza przetarg polegaj\u0105cy\u00a0<\/strong><strong>na \u015bwiadczeniu us\u0142ugi, kt\u00f3ra polega na prowadzeniu zaj\u0119\u0107 sportowych, zaj\u0119\u0107 wychowania fizycznego i zaj\u0119\u0107 dodatkowych w ramach lekcji wychowania fizycznego dla uczni\u00f3w Szko\u0142y Podstawowej\u00a0 nr 4\u00a0\u00a0 <\/strong><\/p>\n<p><strong>we Wroc\u0142awiu \u00a0w okresie 02.01.2018 &#8211; 21.06.2018r.<\/strong><\/p>\n<p><strong>CPV 92.00.00.00-1, 92.61.00.00-0<\/strong><\/p>\n<p><strong><br \/>\n<\/strong><strong>\u00a0<\/strong><\/p>\n<p><strong><br \/>\n<\/strong><\/p>\n<p>Termin sk\u0142adania ofert:<strong>\u00a015 grudnia 2017\u00a0r.\u00a010:00<\/strong><br \/>\nProsimy o zapoznanie si\u0119 dok\u0142adnie z zapisami poni\u017cej zamieszczonych za\u0142\u0105cznik\u00f3w do pobrania.<\/p>\n<p>&nbsp;<\/p>\n<ul>\n<li>Og\u0142oszenie o zam\u00f3wieniu<\/li>\n<li>Specyfikacja Istotnych Warunk\u00f3w Zam\u00f3wienia &#8211; zam\u00f3wienie na us\u0142ugi spo\u0142eczne<\/li>\n<li>za\u0142. nr 7 i 8 &#8211; Harmonogram przydzia\u0142u godzin na basenie<\/li>\n<li>Za\u0142\u0105czniki nr 1-6 (edytowalne)<\/li>\n<li>Za\u0142. nr 9 -Umowa -Wz\u00f3r<\/li>\n<\/ul>\n<p><a href=\"http:\/\/sp4-wroclaw.pl\/wp-content\/uploads\/2017\/12\/OG\u0141OSZENIE-NA-US\u0141\u00c2-UGI-SPO\u0141\u00c2-ECZNE.pdf\">OG\u0141OSZENIE-NA-US\u0141\u00c2-UGI-SPO\u0141\u00c2-ECZNE.pdf<\/a><\/p>\n<p><a href=\"http:\/\/sp4-wroclaw.pl\/wp-content\/uploads\/2017\/12\/Specyfikacja-Istotnych-Warunk\u00f3w-Zam\u00f3wienia-zam\u00f3wienie-na-us\u0142ugi-spo\u0142eczne.pdf\">Specyfikacja Istotnych Warunk\u00f3w Zam\u00f3wienia &#8211; zam\u00f3wienie na us\u0142ugi spo\u0142eczne<\/a><\/p>\n<p><a href=\"http:\/\/sp4-wroclaw.pl\/wp-content\/uploads\/2017\/12\/Za\u0142.-nr-7-i-8-HARMONOGRAM-PRZYDZIA\u0141U-GODZIN-NA-BASENIE.pdf\">Za\u0142. nr 7 i 8 HARMONOGRAM PRZYDZIA\u0141U GODZIN NA BASENIE<\/a><\/p>\n<p><a href=\"http:\/\/sp4-wroclaw.pl\/wp-content\/uploads\/2017\/12\/Za\u0142.-nr-9-umowa-wz\u00f3r.pdf\">Za\u0142. nr 9 umowa- wz\u00f3r<\/a><\/p>\n<p><a href=\"http:\/\/sp4-wroclaw.pl\/wp-content\/uploads\/2017\/12\/za\u0142aczniki-nr-1-6-edytowalne.odt\">za\u0142aczniki nr 1-6 (edytowalne)<\/a><\/p>\n","protected":false},"excerpt":{"rendered":"<p>Og\u0142oszenie o zam\u00f3wieniu na us\u0142ugi spo\u0142eczne \u00a0 \u00a0Szko\u0142a Podstawowa nr 4, \u00a053-140 Wroc\u0142aw, ul. Powsta\u0144c\u00f3w \u015al. 210-218, og\u0142asza przetarg polegaj\u0105cy\u00a0na \u015bwiadczeniu us\u0142ugi, kt\u00f3ra polega na prowadzeniu zaj\u0119\u0107 sportowych, zaj\u0119\u0107 wychowania fizycznego i zaj\u0119\u0107 dodatkowych w ramach lekcji wychowania fizycznego dla uczni\u00f3w Szko\u0142y Podstawowej\u00a0 nr 4\u00a0\u00a0 we Wroc\u0142awiu \u00a0w okresie 02.01.2018\u2026<\/p>\n<p> <a class=\"continue-reading-link\" href=\"https:\/\/sp4-wroclaw.pl\/?page_id=530\"><span>Czytaj dalej<\/span><i class=\"crycon-right-dir\"><\/i><\/a> <\/p>\n","protected":false},"author":1,"featured_media":0,"parent":0,"menu_order":0,"comment_status":"closed","ping_status":"closed","template":"","meta":{"footnotes":""},"class_list":["post-530","page","type-page","status-publish","hentry"],"aioseo_notices":[],"_links":{"self":[{"href":"https:\/\/sp4-wroclaw.pl\/index.php?rest_route=\/wp\/v2\/pages\/530","targetHints":{"allow":["GET"]}}],"collection":[{"href":"https:\/\/sp4-wroclaw.pl\/index.php?rest_route=\/wp\/v2\/pages"}],"about":[{"href":"https:\/\/sp4-wroclaw.pl\/index.php?rest_route=\/wp\/v2\/types\/page"}],"author":[{"embeddable":true,"href":"https:\/\/sp4-wroclaw.pl\/index.php?rest_route=\/wp\/v2\/users\/1"}],"replies":[{"embeddable":true,"href":"https:\/\/sp4-wroclaw.pl\/index.php?rest_route=%2Fwp%2Fv2%2Fcomments&post=530"}],"version-history":[{"count":2,"href":"https:\/\/sp4-wroclaw.pl\/index.php?rest_route=\/wp\/v2\/pages\/530\/revisions"}],"predecessor-version":[{"id":537,"href":"https:\/\/sp4-wroclaw.pl\/index.php?rest_route=\/wp\/v2\/pages\/530\/revisions\/537"}],"wp:attachment":[{"href":"https:\/\/sp4-wroclaw.pl\/index.php?rest_route=%2Fwp%2Fv2%2Fmedia&parent=530"}],"curies":[{"name":"wp","href":"https:\/\/api.w.org\/{rel}","templated":true}]}}