{"id":5471,"date":"2020-02-27T19:40:01","date_gmt":"2020-02-27T19:40:01","guid":{"rendered":"http:\/\/sp4-wroclaw.pl\/?page_id=5471"},"modified":"2020-03-10T07:25:39","modified_gmt":"2020-03-10T07:25:39","slug":"jestesmy-w-cmi","status":"publish","type":"page","link":"https:\/\/sp4-wroclaw.pl\/?page_id=5471","title":{"rendered":"Jeste\u015bmy w #CMI!"},"content":{"rendered":"\n<p> Od   pa\u017adziernika   2019   r.   na   terenie   naszej   szko\u0142y   organizowane   s\u0105   darmowe   zaj\u0119cia   z programowania   w   ramach   Og\u00f3lnopolskiego   projektu   grantowego   Centrum Mistrzostwa Informatycznego   wsp\u00f3\u0142finansowane z \u015brodk\u00f3w Unii Europejskiej. Uczniowie na zaj\u0119ciach rozszerzaj\u0105 swoj\u0105 wiedz\u0119 z zakresu programowania. Ucz\u0105 si\u0119 go w bardzo przyjazny spos\u00f3b, tworz\u0105c animacje i gry, w programie Scratch. Ponadto w ramach zaj\u0119\u0107 b\u0119dziemy budowa\u0107 w\u0142asnego robota, kt\u00f3rego b\u0119dziemy programowali.<\/p>\n\n\n\n<figure class=\"wp-block-image\"><img loading=\"lazy\" decoding=\"async\" width=\"366\" height=\"155\" src=\"http:\/\/sp4-wroclaw.pl\/wp-content\/uploads\/2020\/03\/cmi.jpg\" alt=\"\" class=\"wp-image-5544\" srcset=\"https:\/\/sp4-wroclaw.pl\/wp-content\/uploads\/2020\/03\/cmi.jpg 366w, https:\/\/sp4-wroclaw.pl\/wp-content\/uploads\/2020\/03\/cmi-300x127.jpg 300w, https:\/\/sp4-wroclaw.pl\/wp-content\/uploads\/2020\/03\/cmi-150x64.jpg 150w\" sizes=\"auto, (max-width: 366px) 100vw, 366px\" \/><\/figure>\n\n\n\n<figure class=\"wp-block-image\"><img loading=\"lazy\" decoding=\"async\" width=\"670\" height=\"935\" src=\"http:\/\/sp4-wroclaw.pl\/wp-content\/uploads\/2020\/02\/cmi.jpg\" alt=\"\" class=\"wp-image-5476\" srcset=\"https:\/\/sp4-wroclaw.pl\/wp-content\/uploads\/2020\/02\/cmi.jpg 670w, https:\/\/sp4-wroclaw.pl\/wp-content\/uploads\/2020\/02\/cmi-215x300.jpg 215w, https:\/\/sp4-wroclaw.pl\/wp-content\/uploads\/2020\/02\/cmi-107x150.jpg 107w\" sizes=\"auto, (max-width: 670px) 100vw, 670px\" \/><\/figure>\n\n\n\n<figure class=\"wp-block-image\"><img loading=\"lazy\" decoding=\"async\" width=\"300\" height=\"252\" src=\"http:\/\/sp4-wroclaw.pl\/wp-content\/uploads\/2020\/02\/CMI-baner-na-stron\u0119-www.png\" alt=\"\" class=\"wp-image-5472\" srcset=\"https:\/\/sp4-wroclaw.pl\/wp-content\/uploads\/2020\/02\/CMI-baner-na-stron\u0119-www.png 300w, https:\/\/sp4-wroclaw.pl\/wp-content\/uploads\/2020\/02\/CMI-baner-na-stron\u0119-www-150x126.png 150w\" sizes=\"auto, (max-width: 300px) 100vw, 300px\" \/><\/figure>\n\n\n\n<div class=\"wp-block-file\"><a href=\"http:\/\/sp4-wroclaw.pl\/wp-content\/uploads\/2020\/02\/CMI-plakat-A3-i-A4-plac\u00f3wka.pdf\">CMI-plakat-A3-i-A4-plac\u00f3wka<\/a><a href=\"http:\/\/sp4-wroclaw.pl\/wp-content\/uploads\/2020\/02\/CMI-plakat-A3-i-A4-plac\u00f3wka.pdf\" class=\"wp-block-file__button\" download>Pobierz<\/a><\/div>\n","protected":false},"excerpt":{"rendered":"<p>Od pa\u017adziernika 2019 r. na terenie naszej szko\u0142y organizowane s\u0105 darmowe zaj\u0119cia z programowania w ramach Og\u00f3lnopolskiego projektu grantowego Centrum Mistrzostwa Informatycznego wsp\u00f3\u0142finansowane z \u015brodk\u00f3w Unii Europejskiej. Uczniowie na zaj\u0119ciach rozszerzaj\u0105 swoj\u0105 wiedz\u0119 z zakresu programowania. Ucz\u0105 si\u0119 go w bardzo przyjazny spos\u00f3b, tworz\u0105c animacje i gry, w programie Scratch.\u2026<\/p>\n<p> <a class=\"continue-reading-link\" href=\"https:\/\/sp4-wroclaw.pl\/?page_id=5471\"><span>Czytaj dalej<\/span><i class=\"crycon-right-dir\"><\/i><\/a> <\/p>\n","protected":false},"author":1,"featured_media":0,"parent":0,"menu_order":0,"comment_status":"closed","ping_status":"closed","template":"","meta":{"footnotes":""},"class_list":["post-5471","page","type-page","status-publish","hentry"],"aioseo_notices":[],"_links":{"self":[{"href":"https:\/\/sp4-wroclaw.pl\/index.php?rest_route=\/wp\/v2\/pages\/5471","targetHints":{"allow":["GET"]}}],"collection":[{"href":"https:\/\/sp4-wroclaw.pl\/index.php?rest_route=\/wp\/v2\/pages"}],"about":[{"href":"https:\/\/sp4-wroclaw.pl\/index.php?rest_route=\/wp\/v2\/types\/page"}],"author":[{"embeddable":true,"href":"https:\/\/sp4-wroclaw.pl\/index.php?rest_route=\/wp\/v2\/users\/1"}],"replies":[{"embeddable":true,"href":"https:\/\/sp4-wroclaw.pl\/index.php?rest_route=%2Fwp%2Fv2%2Fcomments&post=5471"}],"version-history":[{"count":4,"href":"https:\/\/sp4-wroclaw.pl\/index.php?rest_route=\/wp\/v2\/pages\/5471\/revisions"}],"predecessor-version":[{"id":5545,"href":"https:\/\/sp4-wroclaw.pl\/index.php?rest_route=\/wp\/v2\/pages\/5471\/revisions\/5545"}],"wp:attachment":[{"href":"https:\/\/sp4-wroclaw.pl\/index.php?rest_route=%2Fwp%2Fv2%2Fmedia&parent=5471"}],"curies":[{"name":"wp","href":"https:\/\/api.w.org\/{rel}","templated":true}]}}