{"id":562,"date":"2017-12-13T20:27:53","date_gmt":"2017-12-13T20:27:53","guid":{"rendered":"http:\/\/sp4-wroclaw.pl\/?page_id=562"},"modified":"2017-12-17T20:49:20","modified_gmt":"2017-12-17T20:49:20","slug":"zamowienia-na-uslugi-spoleczne-uslugi-restauracyjne","status":"publish","type":"page","link":"https:\/\/sp4-wroclaw.pl\/?page_id=562","title":{"rendered":"ZAM\u00d3WIENIA NA US\u0141UGI SPO\u0141ECZNE &#8211; &#8222;Us\u0142ugi restauracyjne&#8221;"},"content":{"rendered":"<p>Gmina Wroc\u0142aw, pl. Nowy Targ 1-8, 50-141 Wroc\u0142aw NIP 8971383551 Szko\u0142a Podstawowa nr 4 we Wroc\u0142awiu przy ul. Powsta\u0144c\u00f3w \u015al. 210-218 53-140 Wroc\u0142aw<br \/>\nTel. 71 7986903 wew. 100 Fax. Strona internetowa: www.sp4-wroclaw.pl e-mail: sekretariat.sp004@wroclawskaedukacja.pl Nr sprawy: US2\/SP4\/2017 Wroc\u0142aw, 13.12.2017r.<\/p>\n<p>og\u0142asza wszcz\u0119cie post\u0119powania dotycz\u0105cego udzielenia<br \/>\nZAM\u00d3WIENIA NA US\u0141UGI SPO\u0141ECZNE<br \/>\no warto\u015bci mniejszej ni\u017c kwoty okre\u015blone w art. 138g ust. 1 ustawy z dnia 29 stycznia 2004r. Prawo zam\u00f3wie\u0144 publicznych. pn.:<br \/>\nUs\u0142ugi restauracyjne na rzecz uczni\u00f3w ucz\u0119szczaj\u0105cych do Szko\u0142y Podstawowej nr 4 we Wroc\u0142awiu CPV 55.52.31.00-3, 55.52.40.00-9, 55.52.00.00-1, 55.52.12.00-0.<br \/>\n1. OPIS PRZEDMIOTU ZAM\u00d3WIENIA. Us\u0142ugi restauracyjne na rzecz uczni\u00f3w ucz\u0119szczaj\u0105cych do Szko\u0142y Podstawowej nr 4 we Wroc\u0142awiu szczeg\u00f3\u0142owy opis przedmiotu zam\u00f3wienia zawiera SIWZ.<br \/>\n2. TERMIN REALIZACJI ZAM\u00d3WIENIA: 02.01.2018r. do 21.06.2018r.<br \/>\n3. KRYTERIA OCENY OFERT. Przy wyborze ofert Zamawiaj\u0105cy b\u0119dzie kierowa\u0142 si\u0119 kryterium ceny &#8211; 100 %.<br \/>\n4. TERMIN SK\u0141ADANIA OFERT.<br \/>\nOfert\u0119 nale\u017cy z\u0142o\u017cy\u0107 w zamkni\u0119tej kopercie\/kopertach (opakowaniu) w siedzibie Zamawiaj\u0105cego we Wroc\u0142awiu, przy ul. Powsta\u0144c\u00f3w \u015al. 210-218 w dacie, nie p\u00f3\u017aniej ni\u017c dnia 20.12.2017r. do godz. 10:00 20. 5. MIEJSCE, SPOS\u00d3B I TERMIN OTWARCIA OFERT. Otwarcie ofert nast\u0105pi dnia 20.12.2017r. do godz. 10:10 w siedzibie Zamawiaj\u0105cego we Wroc\u0142awiu przy ul. Powsta\u0144c\u00f3w \u015al. 210-218, Sekretariat.<br \/>\nUWAGA: WYKONAWCA WINIEN ZAPOZNA\u0106 SI\u0118 DOK\u0141ADNIE Z ZAPISAMI SPECYFIKACJI ISTOTNYCH WARUNK\u00d3W ZAM\u00d3WIENIA, GDZIE SZCZEG\u00d3\u0141OWO OPISANO WARUNKI UDZIA\u0141U, DOKUMENTY WYMAGANE PRZEZ ZAMAWIAJ\u0104CEGO ORAZ ZAWARTO WSZYSTKIE NIEZB\u0118DNE INFORMACJE DLA WYKONAWC\u00d3W.<\/p>\n<p><a href=\"http:\/\/sp4-wroclaw.pl\/wp-content\/uploads\/2017\/12\/OGAOSZENIE-NA-USA\u0081UGI-SPOA\u0081ECZNE.pdf\">OGAOSZENIE-NA-USA\u0081UGI-SPOA\u0081ECZNE.pdf<\/a><\/p>\n<p><a href=\"http:\/\/sp4-wroclaw.pl\/wp-content\/uploads\/2017\/12\/SIWZ-sp4.pdf\">SIWZ sp4<\/a><\/p>\n<p><a href=\"http:\/\/sp4-wroclaw.pl\/wp-content\/uploads\/2017\/12\/Za11A-do-SIWZ-1-6-formularz-oferty-edytowalny.doc\">Za1 do SIWZ &#8211; 1-6-formularz oferty-edytowalny<\/a><\/p>\n<p><a href=\"http:\/\/sp4-wroclaw.pl\/wp-content\/uploads\/2017\/12\/ZaB.-do-SIWZ-9_dodatkido_ywnociniewskazanewdieciedzieci.pdf\">ZaB. do SIWZ &#8211; 9_dodatki+do+_ywno[ci+niewskazane+w+diecie+dzieci<\/a><\/p>\n<p><a href=\"http:\/\/sp4-wroclaw.pl\/wp-content\/uploads\/2017\/12\/ZaB.-do-SIWZ-10_zaleceniaszczeg\u00f3Bowedosurowc\u00f3w.pdf\">ZaB. do SIWZ -10_zalecenia+szczeg\u00f3Bowe+do+surowc\u00f3w<\/a><\/p>\n<p><a href=\"http:\/\/sp4-wroclaw.pl\/wp-content\/uploads\/2017\/12\/ZaB.-nr-11-jadlospisy-dla-szk\u00f3B-podstawowych.pdf\">ZaB. nr 11 &#8211; jadlospisy dla-szk\u00f3B podstawowych<\/a><\/p>\n","protected":false},"excerpt":{"rendered":"<p>Gmina Wroc\u0142aw, pl. Nowy Targ 1-8, 50-141 Wroc\u0142aw NIP 8971383551 Szko\u0142a Podstawowa nr 4 we Wroc\u0142awiu przy ul. Powsta\u0144c\u00f3w \u015al. 210-218 53-140 Wroc\u0142aw Tel. 71 7986903 wew. 100 Fax. Strona internetowa: www.sp4-wroclaw.pl e-mail: sekretariat.sp004@wroclawskaedukacja.pl Nr sprawy: US2\/SP4\/2017 Wroc\u0142aw, 13.12.2017r. og\u0142asza wszcz\u0119cie post\u0119powania dotycz\u0105cego udzielenia ZAM\u00d3WIENIA NA US\u0141UGI SPO\u0141ECZNE o warto\u015bci\u2026<\/p>\n<p> <a class=\"continue-reading-link\" href=\"https:\/\/sp4-wroclaw.pl\/?page_id=562\"><span>Czytaj dalej<\/span><i class=\"crycon-right-dir\"><\/i><\/a> <\/p>\n","protected":false},"author":1,"featured_media":0,"parent":0,"menu_order":0,"comment_status":"closed","ping_status":"closed","template":"","meta":{"footnotes":""},"class_list":["post-562","page","type-page","status-publish","hentry"],"aioseo_notices":[],"_links":{"self":[{"href":"https:\/\/sp4-wroclaw.pl\/index.php?rest_route=\/wp\/v2\/pages\/562","targetHints":{"allow":["GET"]}}],"collection":[{"href":"https:\/\/sp4-wroclaw.pl\/index.php?rest_route=\/wp\/v2\/pages"}],"about":[{"href":"https:\/\/sp4-wroclaw.pl\/index.php?rest_route=\/wp\/v2\/types\/page"}],"author":[{"embeddable":true,"href":"https:\/\/sp4-wroclaw.pl\/index.php?rest_route=\/wp\/v2\/users\/1"}],"replies":[{"embeddable":true,"href":"https:\/\/sp4-wroclaw.pl\/index.php?rest_route=%2Fwp%2Fv2%2Fcomments&post=562"}],"version-history":[{"count":3,"href":"https:\/\/sp4-wroclaw.pl\/index.php?rest_route=\/wp\/v2\/pages\/562\/revisions"}],"predecessor-version":[{"id":581,"href":"https:\/\/sp4-wroclaw.pl\/index.php?rest_route=\/wp\/v2\/pages\/562\/revisions\/581"}],"wp:attachment":[{"href":"https:\/\/sp4-wroclaw.pl\/index.php?rest_route=%2Fwp%2Fv2%2Fmedia&parent=562"}],"curies":[{"name":"wp","href":"https:\/\/api.w.org\/{rel}","templated":true}]}}