{"id":5713,"date":"2020-08-23T18:02:00","date_gmt":"2020-08-23T18:02:00","guid":{"rendered":"http:\/\/sp4-wroclaw.pl\/?page_id=5713"},"modified":"2020-08-25T18:04:41","modified_gmt":"2020-08-25T18:04:41","slug":"wyprawka-ucznia-klasy-ii-2","status":"publish","type":"page","link":"https:\/\/sp4-wroclaw.pl\/?page_id=5713","title":{"rendered":"Wyprawka ucznia klasy II 2020\/21"},"content":{"rendered":"\n<p><strong>Wyprawka ucznia klasy II<\/strong><\/p>\n\n\n\n<ul class=\"wp-block-list\"><li>str\u00f3j galowy: &#8211; dziewcz\u0119ta &#8211; bia\u0142a bluzka, granatowa lub czarna sp\u00f3dniczka;<\/li><\/ul>\n\n\n\n<p>&#8211; ch\u0142opcy &#8211; bia\u0142a koszula, granatowe lub czarne spodnie;<\/p>\n\n\n\n<ul class=\"wp-block-list\"><li>str\u00f3j sportowy &#8211; bia\u0142e bluzeczki z kr\u00f3tkim r\u0119kawem, czarne spodenki lub czarne getry najlepiej 3\/4 &nbsp;&nbsp;&nbsp;&nbsp;&nbsp;&nbsp;&nbsp;&nbsp;( za kolano), buty sportowe, wi\u0105zane, z jasn\u0105 podeszw\u0105, worek na str\u00f3j sportowy podpisany imieniem&nbsp;&nbsp;&nbsp; &nbsp;i nazwiskiem dziecka, dres na ch\u0142odniejsz\u0105 pogod\u0119;<\/li><li>tornister na dw\u00f3ch szelkach, najlepiej usztywniony, buty zmienne (np.sanda\u0142y) + worek;<\/li><li>pude\u0142ko na drugie \u015bniadanie ( na kanapki, owoce lub warzywa);<\/li><li>pi\u00f3rnik, 2 o\u0142\u00f3wki 2B, gumka, no\u017cyczki, temper\u00f3wka, kredki o\u0142\u00f3wkowe \u201eBambino\u201d- najlepiej &nbsp;&nbsp;&nbsp;&nbsp;&nbsp;&nbsp;&nbsp;&nbsp;&nbsp;&nbsp;&nbsp;&nbsp;&nbsp;&nbsp;&nbsp;&nbsp;z tr\u00f3jk\u0105tnym drzewcem &#8211; 12 kolor\u00f3w;<\/li><li>&nbsp;kredki &#8211; pastele olejowe ( 8 lub 12 kolor\u00f3w);<\/li><li>&nbsp;farby plakatowe &#8211; 12 kolor\u00f3w, p\u0119dzle okr\u0105g\u0142e ( gruby(24) i cienki(10);<\/li><li>4 zeszyty papier\u00f3w kolorowych ( nie samoprzylepnych!);<\/li><li>4 kleje w sztyfcie,&nbsp; 3 kleje magiczne;;<\/li><li>flamastry (8 \u2013 12 kolor\u00f3w) oraz&nbsp; cienkopisy ( cztery kolory: czerwony, niebieski, zielony, czarny);<\/li><li>ta\u015bm\u0119 klej\u0105c\u0105 bezbarwn\u0105;<\/li><li>linijka 20 cm d\u0142.;<\/li><li>2 bloki rysunkowe du\u017ce ( A3 ) i 2 ma\u0142e ( A4 ) \u2013 po jednym bia\u0142ym i po jednym kolorowym);<\/li><li>2 bloki techniczne ma\u0142e (A4) z kolorowymi kartkami i 2 bloki techniczne (A4) z bia\u0142ymi kartkami;<\/li><li>plastelin\u0119 ( 12 kolor\u00f3w );<\/li><li>6 zeszyt\u00f3w w cienk\u0105 lini\u0119 16. kartkowych- najlepiej z kolorow\u0105 liniatur\u0105 \u2013 ( do j\u0119zyka polskiego, &nbsp;&nbsp;&nbsp;&nbsp;&nbsp;&nbsp;&nbsp;&nbsp;&nbsp;&nbsp;&nbsp;&nbsp;&nbsp;do j\u0119zyka angielskiego, do ortografii i dyktand, do lektur i 2 zapasowe);<\/li><li>5 zeszyt\u00f3w w kratk\u0119 32. kartkowych \u2013 bez kolorowych kratek \u2013 ( do matematyki, do przyrody, &nbsp;&nbsp;&nbsp;&nbsp;&nbsp;&nbsp;&nbsp;&nbsp;&nbsp;&nbsp;&nbsp;&nbsp;&nbsp;&nbsp;&nbsp;zeszyt kontakt\u00f3w i 2 zapasowe);<\/li><li>1 zeszyt do religii;<\/li><li><strong>\u015apiewnik z zesz\u0142ego roku<\/strong>\u2013 kto nie ma \u2013 gruby zeszyt w twardej oprawie;<\/li><li>2 teczki na gumk\u0119 ( A4 ) na prace dziecka noszone w tornistrze;<\/li><li>2 ryzy papieru ksero A4 &#8211; 80g\/m<sup>2<\/sup>;<\/li><li>2 opakowania r\u0119cznik\u00f3w papierowych &#8211; 2 rolki;<\/li><li>2 pude\u0142ka chusteczek do nosa &#8211; wyci\u0105ganych;<\/li><li>bibu\u0142a &nbsp;karbowana\u2013 zestaw kolor\u00f3w;<\/li><li>du\u017cy arkusz brystolu \u2013 2szt. (bia\u0142y i kolorowy) ;<\/li><li><strong>pi\u00f3ro plus naboje z atramentem niebieskim lub czarnym!<\/strong><\/li><\/ul>\n\n\n\n<ul class=\"wp-block-list\"><li><strong>Dzieci doskonal\u0105ce nauk\u0119 p\u0142ywania na zaj\u0119ciach organizowanych przez Fundacj\u0119 Edukacyjn\u0105 \u201eSzcz\u0119\u015bliwa\u201d &#8211; str\u00f3j na basen, r\u0119cznik, czepek, klapki, okularki &#8211; w plecaczku.<\/strong><\/li><\/ul>\n\n\n\n<ul class=\"wp-block-list\"><li><strong>Dzieci doskonal\u0105ce technik\u0119 jazdy na rolkach w ramach zaj\u0119\u0107 fundacyjnych &#8211; rolki, kask, ochraniacze + torba na ten sprz\u0119t.<\/strong><\/li><\/ul>\n","protected":false},"excerpt":{"rendered":"<p>Wyprawka ucznia klasy II str\u00f3j galowy: &#8211; dziewcz\u0119ta &#8211; bia\u0142a bluzka, granatowa lub czarna sp\u00f3dniczka; &#8211; ch\u0142opcy &#8211; bia\u0142a koszula, granatowe lub czarne spodnie; str\u00f3j sportowy &#8211; bia\u0142e bluzeczki z kr\u00f3tkim r\u0119kawem, czarne spodenki lub czarne getry najlepiej 3\/4 &nbsp;&nbsp;&nbsp;&nbsp;&nbsp;&nbsp;&nbsp;&nbsp;( za kolano), buty sportowe, wi\u0105zane, z jasn\u0105 podeszw\u0105, worek na\u2026<\/p>\n<p> <a class=\"continue-reading-link\" href=\"https:\/\/sp4-wroclaw.pl\/?page_id=5713\"><span>Czytaj dalej<\/span><i class=\"crycon-right-dir\"><\/i><\/a> <\/p>\n","protected":false},"author":1,"featured_media":0,"parent":0,"menu_order":0,"comment_status":"closed","ping_status":"closed","template":"","meta":{"footnotes":""},"class_list":["post-5713","page","type-page","status-publish","hentry"],"aioseo_notices":[],"_links":{"self":[{"href":"https:\/\/sp4-wroclaw.pl\/index.php?rest_route=\/wp\/v2\/pages\/5713","targetHints":{"allow":["GET"]}}],"collection":[{"href":"https:\/\/sp4-wroclaw.pl\/index.php?rest_route=\/wp\/v2\/pages"}],"about":[{"href":"https:\/\/sp4-wroclaw.pl\/index.php?rest_route=\/wp\/v2\/types\/page"}],"author":[{"embeddable":true,"href":"https:\/\/sp4-wroclaw.pl\/index.php?rest_route=\/wp\/v2\/users\/1"}],"replies":[{"embeddable":true,"href":"https:\/\/sp4-wroclaw.pl\/index.php?rest_route=%2Fwp%2Fv2%2Fcomments&post=5713"}],"version-history":[{"count":2,"href":"https:\/\/sp4-wroclaw.pl\/index.php?rest_route=\/wp\/v2\/pages\/5713\/revisions"}],"predecessor-version":[{"id":5716,"href":"https:\/\/sp4-wroclaw.pl\/index.php?rest_route=\/wp\/v2\/pages\/5713\/revisions\/5716"}],"wp:attachment":[{"href":"https:\/\/sp4-wroclaw.pl\/index.php?rest_route=%2Fwp%2Fv2%2Fmedia&parent=5713"}],"curies":[{"name":"wp","href":"https:\/\/api.w.org\/{rel}","templated":true}]}}