{"id":5720,"date":"2020-08-25T18:08:48","date_gmt":"2020-08-25T18:08:48","guid":{"rendered":"http:\/\/sp4-wroclaw.pl\/?page_id=5720"},"modified":"2020-08-25T18:32:35","modified_gmt":"2020-08-25T18:32:35","slug":"fundacja-szczesliwa","status":"publish","type":"page","link":"https:\/\/sp4-wroclaw.pl\/?page_id=5720","title":{"rendered":"Fundacja Szcz\u0119\u015bliwa"},"content":{"rendered":"\n<p>Drodzy Rodzice Uczni\u00f3w klas I \u2013 III.<\/p>\n\n\n\n<p>W zwi\u0105zku z rozpocz\u0119ciem roku szkolnego 2020\/2021, informujemy Pa\u0144stwa, \u017ce deklaracje zapis\u00f3w dzieci na zaj\u0119cia organizowane przez Fundacj\u0119 \u201eSzcz\u0119\u015bliwa\u201d b\u0119d\u0105 dost\u0119pne podczas spotka\u0144 dzieci z ich wychowawcami, w dniach 25 \u2013 27.08.2020 r. oraz w dniu 01.09.2020 r. Pierwsze\u0144stwo udzia\u0142u w zaj\u0119ciach b\u0119d\u0105 mia\u0142y te dzieci, kt\u00f3rych rodzice z\u0142o\u017c\u0105 wype\u0142nione dokumenty oraz dokonaj\u0105 wp\u0142aty wpisowego na konto fundacji.<\/p>\n\n\n\n<p>Zaj\u0119cia dla klas II i III chcemy rozpocz\u0105\u0107 7.09.20 r., a dla klas I \u2013 pomi\u0119dzy 7.09. \u2013 14.09.20 r. ( zale\u017ce\u0107 to b\u0119dzie od tempa sk\u0142adania odpowiednich dokument\u00f3w i wnoszonych op\u0142at za zaj\u0119cia fundacyjne). Zapraszamy Pa\u0144stwa do wsp\u00f3\u0142pracy, a dzieciom \u017cyczymy wspania\u0142ych, pozytywnych emocji p\u0142yn\u0105cych z kszta\u0142cenia si\u0119 w progach Szko\u0142y Podstawowej nr 4 , z kt\u00f3r\u0105 nasza Fundacja wsp\u00f3\u0142pracuje.<\/p>\n\n\n\n<p>Pozdrawiamy<\/p>\n\n\n\n<p>Zarz\u0105d Fundacji \u201eSzcz\u0119\u015bliwa\u201d<\/p>\n\n\n\n<p>Dorota Nieto-Kuczy\u0144ska<\/p>\n\n\n\n<p>Ma\u0142gorzata Przys\u0142up<\/p>\n\n\n\n<figure class=\"wp-block-image size-large\"><img loading=\"lazy\" decoding=\"async\" width=\"280\" height=\"117\" src=\"http:\/\/sp4-wroclaw.pl\/wp-content\/uploads\/2020\/07\/xlogo-1.png.pagespeed.ic_.BWFwIxLEoz.png\" alt=\"\" class=\"wp-image-5698\" srcset=\"https:\/\/sp4-wroclaw.pl\/wp-content\/uploads\/2020\/07\/xlogo-1.png.pagespeed.ic_.BWFwIxLEoz.png 280w, https:\/\/sp4-wroclaw.pl\/wp-content\/uploads\/2020\/07\/xlogo-1.png.pagespeed.ic_.BWFwIxLEoz-150x63.png 150w\" sizes=\"auto, (max-width: 280px) 100vw, 280px\" \/><\/figure>\n","protected":false},"excerpt":{"rendered":"<p>Drodzy Rodzice Uczni\u00f3w klas I \u2013 III. W zwi\u0105zku z rozpocz\u0119ciem roku szkolnego 2020\/2021, informujemy Pa\u0144stwa, \u017ce deklaracje zapis\u00f3w dzieci na zaj\u0119cia organizowane przez Fundacj\u0119 \u201eSzcz\u0119\u015bliwa\u201d b\u0119d\u0105 dost\u0119pne podczas spotka\u0144 dzieci z ich wychowawcami, w dniach 25 \u2013 27.08.2020 r. oraz w dniu 01.09.2020 r. Pierwsze\u0144stwo udzia\u0142u w zaj\u0119ciach b\u0119d\u0105\u2026<\/p>\n<p> <a class=\"continue-reading-link\" href=\"https:\/\/sp4-wroclaw.pl\/?page_id=5720\"><span>Czytaj dalej<\/span><i class=\"crycon-right-dir\"><\/i><\/a> <\/p>\n","protected":false},"author":1,"featured_media":0,"parent":0,"menu_order":0,"comment_status":"closed","ping_status":"closed","template":"","meta":{"footnotes":""},"class_list":["post-5720","page","type-page","status-publish","hentry"],"aioseo_notices":[],"_links":{"self":[{"href":"https:\/\/sp4-wroclaw.pl\/index.php?rest_route=\/wp\/v2\/pages\/5720","targetHints":{"allow":["GET"]}}],"collection":[{"href":"https:\/\/sp4-wroclaw.pl\/index.php?rest_route=\/wp\/v2\/pages"}],"about":[{"href":"https:\/\/sp4-wroclaw.pl\/index.php?rest_route=\/wp\/v2\/types\/page"}],"author":[{"embeddable":true,"href":"https:\/\/sp4-wroclaw.pl\/index.php?rest_route=\/wp\/v2\/users\/1"}],"replies":[{"embeddable":true,"href":"https:\/\/sp4-wroclaw.pl\/index.php?rest_route=%2Fwp%2Fv2%2Fcomments&post=5720"}],"version-history":[{"count":4,"href":"https:\/\/sp4-wroclaw.pl\/index.php?rest_route=\/wp\/v2\/pages\/5720\/revisions"}],"predecessor-version":[{"id":5737,"href":"https:\/\/sp4-wroclaw.pl\/index.php?rest_route=\/wp\/v2\/pages\/5720\/revisions\/5737"}],"wp:attachment":[{"href":"https:\/\/sp4-wroclaw.pl\/index.php?rest_route=%2Fwp%2Fv2%2Fmedia&parent=5720"}],"curies":[{"name":"wp","href":"https:\/\/api.w.org\/{rel}","templated":true}]}}