{"id":6129,"date":"2020-12-08T20:15:48","date_gmt":"2020-12-08T20:15:48","guid":{"rendered":"http:\/\/sp4-wroclaw.pl\/?page_id=6129"},"modified":"2021-01-27T19:07:26","modified_gmt":"2021-01-27T19:07:26","slug":"wyniki-plastycznego-konkursu-swietlicowego-pocztowka-z-wroclawia","status":"publish","type":"page","link":"https:\/\/sp4-wroclaw.pl\/?page_id=6129","title":{"rendered":"Wyniki plastycznego konkursu \u015bwietlicowego \u201ePoczt\u00f3wka z Wroc\u0142awia\u201d"},"content":{"rendered":"\n<p>Na pocz\u0105tku pa\u017adziernika zosta\u0142 og\u0142oszony konkurs plastyczny przez \u015bwietlic\u0119 szkoln\u0105 na wykonanie poczt\u00f3wki przedstawiaj\u0105cej miejsce, budynek czy te\u017c jaki\u015b ciekawy zabytek zwi\u0105zany ze stolic\u0105 Dolnego \u015al\u0105ska. Konkurs zosta\u0142 og\u0142oszony w ramach og\u00f3lnopolskiej akcji \u201e\u015awietlicowa wymiana poczt\u00f3wkowa\u201d, w kt\u00f3rej uczestniczymy.<\/p>\n\n\n\n<p>Pierwsze miejsce w konkursie zaj\u0119\u0142a Oliwia B\u0142aszczok z klasy 2c, drugie miejsce zaj\u0105\u0142 Szymon Drwal z klasy 3a i dwa trzecie miejsca zaj\u0119li uczniowie z klasy 3b: Zosia Kowalczyk i Aleksander Wiesio\u0142ek.<\/p>\n\n\n\n<p>Wszystkim serdecznie gratulujemy pomys\u0142\u00f3w na interesuj\u0105c\u0105 poczt\u00f3wk\u0119 z naszego pi\u0119knego miasta.<\/p>\n\n\n\n<p>Anna Szmidt<\/p>\n\n\n\n<figure class=\"wp-block-gallery columns-1 is-cropped wp-block-gallery-1 is-layout-flex wp-block-gallery-is-layout-flex\"><ul class=\"blocks-gallery-grid\"><li class=\"blocks-gallery-item\"><figure><img loading=\"lazy\" decoding=\"async\" width=\"1024\" height=\"768\" src=\"http:\/\/sp4-wroclaw.pl\/wp-content\/uploads\/2020\/12\/129164577_729369451326554_6904596032153534910_n-1024x768.jpg\" alt=\"\" data-id=\"6131\" data-full-url=\"http:\/\/sp4-wroclaw.pl\/wp-content\/uploads\/2020\/12\/129164577_729369451326554_6904596032153534910_n.jpg\" data-link=\"http:\/\/sp4-wroclaw.pl\/?attachment_id=6131\" class=\"wp-image-6131\" srcset=\"https:\/\/sp4-wroclaw.pl\/wp-content\/uploads\/2020\/12\/129164577_729369451326554_6904596032153534910_n-1024x768.jpg 1024w, https:\/\/sp4-wroclaw.pl\/wp-content\/uploads\/2020\/12\/129164577_729369451326554_6904596032153534910_n-300x225.jpg 300w, https:\/\/sp4-wroclaw.pl\/wp-content\/uploads\/2020\/12\/129164577_729369451326554_6904596032153534910_n-768x576.jpg 768w, https:\/\/sp4-wroclaw.pl\/wp-content\/uploads\/2020\/12\/129164577_729369451326554_6904596032153534910_n-1536x1152.jpg 1536w, https:\/\/sp4-wroclaw.pl\/wp-content\/uploads\/2020\/12\/129164577_729369451326554_6904596032153534910_n-150x113.jpg 150w, https:\/\/sp4-wroclaw.pl\/wp-content\/uploads\/2020\/12\/129164577_729369451326554_6904596032153534910_n.jpg 1548w\" sizes=\"auto, (max-width: 1024px) 100vw, 1024px\" \/><\/figure><\/li><\/ul><\/figure>\n\n\n\n<figure class=\"wp-block-image size-large\"><img loading=\"lazy\" decoding=\"async\" width=\"1024\" height=\"768\" src=\"http:\/\/sp4-wroclaw.pl\/wp-content\/uploads\/2020\/12\/129054953_1004014026758929_6959336848333134338_n-1024x768.jpg\" alt=\"\" class=\"wp-image-6130\" srcset=\"https:\/\/sp4-wroclaw.pl\/wp-content\/uploads\/2020\/12\/129054953_1004014026758929_6959336848333134338_n-1024x768.jpg 1024w, https:\/\/sp4-wroclaw.pl\/wp-content\/uploads\/2020\/12\/129054953_1004014026758929_6959336848333134338_n-300x225.jpg 300w, https:\/\/sp4-wroclaw.pl\/wp-content\/uploads\/2020\/12\/129054953_1004014026758929_6959336848333134338_n-768x576.jpg 768w, https:\/\/sp4-wroclaw.pl\/wp-content\/uploads\/2020\/12\/129054953_1004014026758929_6959336848333134338_n-1536x1152.jpg 1536w, https:\/\/sp4-wroclaw.pl\/wp-content\/uploads\/2020\/12\/129054953_1004014026758929_6959336848333134338_n-150x113.jpg 150w, https:\/\/sp4-wroclaw.pl\/wp-content\/uploads\/2020\/12\/129054953_1004014026758929_6959336848333134338_n.jpg 1548w\" sizes=\"auto, (max-width: 1024px) 100vw, 1024px\" \/><\/figure>\n","protected":false},"excerpt":{"rendered":"<p>Na pocz\u0105tku pa\u017adziernika zosta\u0142 og\u0142oszony konkurs plastyczny przez \u015bwietlic\u0119 szkoln\u0105 na wykonanie poczt\u00f3wki przedstawiaj\u0105cej miejsce, budynek czy te\u017c jaki\u015b ciekawy zabytek zwi\u0105zany ze stolic\u0105 Dolnego \u015al\u0105ska. Konkurs zosta\u0142 og\u0142oszony w ramach og\u00f3lnopolskiej akcji \u201e\u015awietlicowa wymiana poczt\u00f3wkowa\u201d, w kt\u00f3rej uczestniczymy. Pierwsze miejsce w konkursie zaj\u0119\u0142a Oliwia B\u0142aszczok z klasy 2c, drugie\u2026<\/p>\n<p> <a class=\"continue-reading-link\" href=\"https:\/\/sp4-wroclaw.pl\/?page_id=6129\"><span>Czytaj dalej<\/span><i class=\"crycon-right-dir\"><\/i><\/a> <\/p>\n","protected":false},"author":1,"featured_media":0,"parent":0,"menu_order":0,"comment_status":"closed","ping_status":"closed","template":"","meta":{"footnotes":""},"class_list":["post-6129","page","type-page","status-publish","hentry"],"aioseo_notices":[],"_links":{"self":[{"href":"https:\/\/sp4-wroclaw.pl\/index.php?rest_route=\/wp\/v2\/pages\/6129","targetHints":{"allow":["GET"]}}],"collection":[{"href":"https:\/\/sp4-wroclaw.pl\/index.php?rest_route=\/wp\/v2\/pages"}],"about":[{"href":"https:\/\/sp4-wroclaw.pl\/index.php?rest_route=\/wp\/v2\/types\/page"}],"author":[{"embeddable":true,"href":"https:\/\/sp4-wroclaw.pl\/index.php?rest_route=\/wp\/v2\/users\/1"}],"replies":[{"embeddable":true,"href":"https:\/\/sp4-wroclaw.pl\/index.php?rest_route=%2Fwp%2Fv2%2Fcomments&post=6129"}],"version-history":[{"count":3,"href":"https:\/\/sp4-wroclaw.pl\/index.php?rest_route=\/wp\/v2\/pages\/6129\/revisions"}],"predecessor-version":[{"id":6393,"href":"https:\/\/sp4-wroclaw.pl\/index.php?rest_route=\/wp\/v2\/pages\/6129\/revisions\/6393"}],"wp:attachment":[{"href":"https:\/\/sp4-wroclaw.pl\/index.php?rest_route=%2Fwp%2Fv2%2Fmedia&parent=6129"}],"curies":[{"name":"wp","href":"https:\/\/api.w.org\/{rel}","templated":true}]}}