{"id":6997,"date":"2021-06-18T08:25:34","date_gmt":"2021-06-18T08:25:34","guid":{"rendered":"http:\/\/sp4-wroclaw.pl\/?page_id=6997"},"modified":"2021-08-04T11:09:39","modified_gmt":"2021-08-04T11:09:39","slug":"informacja-o-ogloszonym-przetargu","status":"publish","type":"page","link":"https:\/\/sp4-wroclaw.pl\/?page_id=6997","title":{"rendered":"Informacja o og\u0142oszonym przetargu"},"content":{"rendered":"\n<p>Informacje o przetargu znajduj\u0105 si\u0119 w linku poni\u017cej<\/p>\n\n\n\n<p><a href=\"https:\/\/miniportal.uzp.gov.pl\/Postepowania\/b1ccbb6f-cdb1-4c58-9166-7cbedd580872\">https:\/\/miniportal.uzp.gov.pl\/Postepowania\/b1ccbb6f-cdb1-4c58-9166-7cbedd580872<\/a><\/p>\n\n\n\n<p><a href=\"https:\/\/miniportal.uzp.gov.pl\/Postepowania\/00eb6991-48ae-439d-a969-3914f81a7901\">https:\/\/miniportal.uzp.gov.pl\/Postepowania\/00eb6991-48ae-439d-a969-3914f81a7901<\/a><\/p>\n\n\n\n<p><\/p>\n\n\n\n<p><a href=\"https:\/\/miniportal.uzp.gov.pl\/Postepowania\/fc6e45eb-bb03-4247-83de-cb732e9f8c22\">https:\/\/miniportal.uzp.gov.pl\/Postepowania\/fc6e45eb-bb03-4247-83de-cb732e9f8c22<\/a><\/p>\n\n\n\n<p><\/p>\n","protected":false},"excerpt":{"rendered":"<p>Informacje o przetargu znajduj\u0105 si\u0119 w linku poni\u017cej https:\/\/miniportal.uzp.gov.pl\/Postepowania\/b1ccbb6f-cdb1-4c58-9166-7cbedd580872 https:\/\/miniportal.uzp.gov.pl\/Postepowania\/00eb6991-48ae-439d-a969-3914f81a7901 https:\/\/miniportal.uzp.gov.pl\/Postepowania\/fc6e45eb-bb03-4247-83de-cb732e9f8c22<\/p>\n<p> <a class=\"continue-reading-link\" href=\"https:\/\/sp4-wroclaw.pl\/?page_id=6997\"><span>Czytaj dalej<\/span><i class=\"crycon-right-dir\"><\/i><\/a> <\/p>\n","protected":false},"author":1,"featured_media":0,"parent":0,"menu_order":0,"comment_status":"closed","ping_status":"closed","template":"","meta":{"footnotes":""},"class_list":["post-6997","page","type-page","status-publish","hentry"],"aioseo_notices":[],"_links":{"self":[{"href":"https:\/\/sp4-wroclaw.pl\/index.php?rest_route=\/wp\/v2\/pages\/6997","targetHints":{"allow":["GET"]}}],"collection":[{"href":"https:\/\/sp4-wroclaw.pl\/index.php?rest_route=\/wp\/v2\/pages"}],"about":[{"href":"https:\/\/sp4-wroclaw.pl\/index.php?rest_route=\/wp\/v2\/types\/page"}],"author":[{"embeddable":true,"href":"https:\/\/sp4-wroclaw.pl\/index.php?rest_route=\/wp\/v2\/users\/1"}],"replies":[{"embeddable":true,"href":"https:\/\/sp4-wroclaw.pl\/index.php?rest_route=%2Fwp%2Fv2%2Fcomments&post=6997"}],"version-history":[{"count":4,"href":"https:\/\/sp4-wroclaw.pl\/index.php?rest_route=\/wp\/v2\/pages\/6997\/revisions"}],"predecessor-version":[{"id":7146,"href":"https:\/\/sp4-wroclaw.pl\/index.php?rest_route=\/wp\/v2\/pages\/6997\/revisions\/7146"}],"wp:attachment":[{"href":"https:\/\/sp4-wroclaw.pl\/index.php?rest_route=%2Fwp%2Fv2%2Fmedia&parent=6997"}],"curies":[{"name":"wp","href":"https:\/\/api.w.org\/{rel}","templated":true}]}}