{"id":7044,"date":"2021-06-24T21:13:50","date_gmt":"2021-06-24T21:13:50","guid":{"rendered":"http:\/\/sp4-wroclaw.pl\/?page_id=7044"},"modified":"2021-06-24T21:13:51","modified_gmt":"2021-06-24T21:13:51","slug":"wolontariusze-dla-przedszkolakow","status":"publish","type":"page","link":"https:\/\/sp4-wroclaw.pl\/?page_id=7044","title":{"rendered":"Wolontariusze dla przedszkolak\u00f3w"},"content":{"rendered":"\n<p>Szkolne Ko\u0142o Wolontariatu \u201eWielkie serca\u201d przygotowa\u0142o kr\u00f3tkie s\u0142uchowisko, trwaj\u0105ce 3 minuty o przygodach Kubusia Puchatka i wielkim sprz\u0105taniu, kt\u00f3re zorganizowa\u0142 Kubu\u015b wraz ze swoimi przyjaci\u00f3\u0142mi. Do projektu czytelniczego zaprosi\u0142o nas Przedszkole nr 90 we Wroc\u0142awiu, poszukuj\u0105ce wolontariuszy do czytania bajek przedszkolakom.<\/p>\n\n\n\n<p>W s\u0142uchowisku wzi\u0119\u0142y udzia\u0142: Pani Anna Szmidt- Koordynator Szkolnego Ko\u0142a Wolontariatu \u201eWielkie serca\u201d, odgrywaj\u0105ca rol\u0119 narratora, natomiast w rol\u0119 Kubusia i jego przyjaci\u00f3\u0142 wcieli\u0142y si\u0119 uczennice klasy VI \u201ee\u201d: Aleksandra Lipi\u0144ska, Julia Kierzkowska oraz Hanna Palichleb.<\/p>\n\n\n\n<p>Anna Szmidt<\/p>\n\n\n\n<div class=\"wp-block-file\"><a href=\"http:\/\/sp4-wroclaw.pl\/wp-content\/uploads\/2021\/06\/kubu\u015b-p.mp3\">Kubu\u015b Puchatek<\/a><a href=\"http:\/\/sp4-wroclaw.pl\/wp-content\/uploads\/2021\/06\/kubu\u015b-p.mp3\" class=\"wp-block-file__button\" download>Pobierz<\/a><\/div>\n","protected":false},"excerpt":{"rendered":"<p>Szkolne Ko\u0142o Wolontariatu \u201eWielkie serca\u201d przygotowa\u0142o kr\u00f3tkie s\u0142uchowisko, trwaj\u0105ce 3 minuty o przygodach Kubusia Puchatka i wielkim sprz\u0105taniu, kt\u00f3re zorganizowa\u0142 Kubu\u015b wraz ze swoimi przyjaci\u00f3\u0142mi. Do projektu czytelniczego zaprosi\u0142o nas Przedszkole nr 90 we Wroc\u0142awiu, poszukuj\u0105ce wolontariuszy do czytania bajek przedszkolakom. W s\u0142uchowisku wzi\u0119\u0142y udzia\u0142: Pani Anna Szmidt- Koordynator Szkolnego\u2026<\/p>\n<p> <a class=\"continue-reading-link\" href=\"https:\/\/sp4-wroclaw.pl\/?page_id=7044\"><span>Czytaj dalej<\/span><i class=\"crycon-right-dir\"><\/i><\/a> <\/p>\n","protected":false},"author":1,"featured_media":0,"parent":0,"menu_order":0,"comment_status":"closed","ping_status":"closed","template":"","meta":{"footnotes":""},"class_list":["post-7044","page","type-page","status-publish","hentry"],"aioseo_notices":[],"_links":{"self":[{"href":"https:\/\/sp4-wroclaw.pl\/index.php?rest_route=\/wp\/v2\/pages\/7044","targetHints":{"allow":["GET"]}}],"collection":[{"href":"https:\/\/sp4-wroclaw.pl\/index.php?rest_route=\/wp\/v2\/pages"}],"about":[{"href":"https:\/\/sp4-wroclaw.pl\/index.php?rest_route=\/wp\/v2\/types\/page"}],"author":[{"embeddable":true,"href":"https:\/\/sp4-wroclaw.pl\/index.php?rest_route=\/wp\/v2\/users\/1"}],"replies":[{"embeddable":true,"href":"https:\/\/sp4-wroclaw.pl\/index.php?rest_route=%2Fwp%2Fv2%2Fcomments&post=7044"}],"version-history":[{"count":1,"href":"https:\/\/sp4-wroclaw.pl\/index.php?rest_route=\/wp\/v2\/pages\/7044\/revisions"}],"predecessor-version":[{"id":7046,"href":"https:\/\/sp4-wroclaw.pl\/index.php?rest_route=\/wp\/v2\/pages\/7044\/revisions\/7046"}],"wp:attachment":[{"href":"https:\/\/sp4-wroclaw.pl\/index.php?rest_route=%2Fwp%2Fv2%2Fmedia&parent=7044"}],"curies":[{"name":"wp","href":"https:\/\/api.w.org\/{rel}","templated":true}]}}