{"id":7128,"date":"2021-07-21T21:09:00","date_gmt":"2021-07-21T21:09:00","guid":{"rendered":"http:\/\/sp4-wroclaw.pl\/?page_id=7128"},"modified":"2021-07-21T21:09:00","modified_gmt":"2021-07-21T21:09:00","slug":"informacja-dla-rodzicow-dotyczaca-dodatkowych-zajec-poszkolnych-w-ramach-nowoczesnej-swietlicy-w-sp4-realizowanych-przez-fundacje-twoja-ferajna-happy-time","status":"publish","type":"page","link":"https:\/\/sp4-wroclaw.pl\/?page_id=7128","title":{"rendered":"Informacja dla Rodzic\u00f3w dotycz\u0105ca dodatkowych zaj\u0119\u0107 poszkolnych w ramach \u201eNowoczesnej \u015bwietlicy w SP4\u201d realizowanych przez Fundacj\u0119 Twoja Ferajna \u2013 Happy Time"},"content":{"rendered":"\n<p>Drodzy Rodzice,<\/p>\n\n\n\n<p>Mamy przyjemno\u015b\u0107 og\u0142osi\u0107 Pa\u0144stwu wspania\u0142\u0105 wiadomo\u015b\u0107. Od pocz\u0105tku nowego roku szkolnego 2021\/2022 b\u0119dziemy mieli dla Pa\u0144stwa Dzieci ofert\u0119 zaj\u0119\u0107 dodatkowych w ramach \u201eNowoczesnej \u015awietlicy w SP4\u201d. Aby skorzysta\u0107 z wielu atrakcyjnych, lubianych i wspomagaj\u0105cych rozw\u00f3j dzieci zaj\u0119\u0107, ju\u017c nie trzeba b\u0119dzie przemieszcza\u0107 si\u0119 po ca\u0142ym Wroc\u0142awiu. Wszystko b\u0119dzie odbywa\u0142o si\u0119 na terenie szko\u0142y, od poniedzia\u0142ku do pi\u0105tku, tu\u017c po lekcjach, tak aby najp\u00f3\u017aniej oko\u0142o godziny 16:00, mogli Pa\u0144stwo odebra\u0107 swoje pociechy ju\u017c po wszystkich zaj\u0119ciach. Wiemy te\u017c dobrze, i\u017c wi\u0119kszo\u015b\u0107 z Pa\u0144stwa sp\u0119dza aktywnie wolne weekendy i cz\u0119sto ju\u017c w pi\u0105tek potrzebuj\u0105 Pa\u0144stwo jak najwi\u0119cej czasu dla siebie. Tote\u017c zaj\u0119cia \u201eNowoczesnej \u015bwietlicy\u201d b\u0119d\u0105 odbywa\u0142y si\u0119 do godziny 14:00. Tak, aby mo\u017cliwie najwi\u0119cej czasu zosta\u0142o do Pa\u0144stwa dyspozycji.<\/p>\n\n\n\n<p>Chocia\u017c nasza nazwa to Twoja Ferajna, to na terenie Wroc\u0142awia i okolic, a tak\u017ce w\u015br\u00f3d wielu z Pa\u0144stwa jeste\u015bmy znani i kojarzeni z prowadzenia zaj\u0119\u0107 basenowych wraz z transportem, organizacji zielonych szk\u00f3\u0142 i przedszkoli oraz p\u00f3\u0142kolonii i oboz\u00f3w jako Happy Time. To bowiem pod t\u0105 nazw\u0105 od 11 lat realizujemy wymienione wy\u017cej dzia\u0142ania.<\/p>\n\n\n\n<p>Czerpi\u0105c z naszego bogatego do\u015bwiadczenia z pracy z dzie\u0107mi w wieku od 3 do 18 lat, posiadaj\u0105c zaufan\u0105, sprawdzon\u0105, do\u015bwiadczon\u0105, zaprawion\u0105 w boju, niezwykle kreatywn\u0105 i serdeczn\u0105 kadr\u0119, przygotowujemy dla Pa\u0144stwa dzieci wiele ciekawych rozwi\u0105za\u0144.<\/p>\n\n\n\n<p>Gama naszych zaj\u0119\u0107 b\u0119dzie bardzo atrakcyjna i bardzo zr\u00f3\u017cnicowana, tak aby ka\u017cde dziecko mog\u0142o rozwija\u0107 swoje umiej\u0119tno\u015bci i kompetencje w ka\u017cdym obszarze. Zadbamy o zaj\u0119cia ruchowe, umys\u0142owe, jak r\u00f3wnie\u017c te interpersonalne \u2013 maj\u0105ce na celu u\u0142atwienie dzieciom funkcjonowania w dzisiejszym \u017cyciu. W ofercie na pewno znajd\u0105 si\u0119:<\/p>\n\n\n\n<p>&#8211; J\u0119zyk angielski \u2013 prowadzony w bardzo lu\u017anej, projektowej, przyjacielskiej, zach\u0119caj\u0105cej do m\u00f3wienia i przyswajania j\u0119zyka atmosferze \u2013 2 razy w tygodniu,<\/p>\n\n\n\n<p>&#8211; Bricks4Kidz \u2013 Lego i Programowanie \u2013 nowoczesne, odpowiadaj\u0105ce dzisiejszym czasom po\u0142\u0105czenie zabawy z nauk\u0105; budowanie z powszechnie znanych i lubianych klock\u00f3w Lego oraz programowanie swoich budowli, taka aby dzia\u0142a\u0142y w zaplanowany przez dzieci spos\u00f3b,<\/p>\n\n\n\n<p>&#8211; Judo z elementami samoobrony \u2013 zaj\u0119cia ruchowe, \u015bwietnie wp\u0142ywaj\u0105ce na og\u00f3ln\u0105 sprawno\u015b\u0107 dzieci; nauka w\u0142a\u015bciwych postaw, nauka podstawowych wzorc\u00f3w ruchowych, nauka bezpiecznego upadania, przyswojenie i post\u0119powanie wed\u0142ug obowi\u0105zuj\u0105cych warto\u015bci i zasad,<\/p>\n\n\n\n<p>&#8211; Szachy \u2013 rozwijanie logicznego my\u015blenia, przewidywania, analizowania; nauka zaplanowanego, taktycznego i skutecznego dzia\u0142ania; umiej\u0119tno\u015bci, kt\u00f3re idealnie przydaj\u0105 si\u0119 w r\u00f3\u017cnych dziedzinach codziennego \u017cycia,<\/p>\n\n\n\n<p>&#8211; Rozw\u00f3j Indywidualny \u2013 zadbanie o indywidualn\u0105 sfer\u0119 ka\u017cdego dziecka; nauka radzenia sobie z nie\u015bmia\u0142o\u015bci\u0105, stresem, l\u0119kiem; nabywanie umiej\u0119tno\u015bci wypowiadania, przemawiania i wyst\u0105pie\u0144 w wi\u0119kszej grupie; rozbudzanie \u015bwiadomo\u015bci warto\u015bci relacji mi\u0119dzyludzkich, kole\u017ce\u0144skich i przyjacielskich realizowanych w \u017cyciu rzeczywistym, nie on-line i wiele innych,<\/p>\n\n\n\n<p>&#8211; Projekty artystyczne \u2013 szeroko prowadzone i bardzo wielowymiarowe zaj\u0119cia artystyczne, maj\u0105ce na celu zapoznanie dzieci w wieloma r\u00f3\u017cnorodnymi, zaskakuj\u0105cymi i niezwykle atrakcyjnymi technikami artystycznymi; nabywanie umiej\u0119tno\u015bci kreatywnego, niebanalnego oraz indywidualnego tworzenia praktycznych i u\u017cytkowych \u201edzie\u0142 sztuki\u201d;<\/p>\n\n\n\n<p>&#8211; Basen wraz z transportem \u2013 zaj\u0119cia ruchowe, kt\u00f3re s\u0105 najlepszym mo\u017cliwym sposobem zadbania o prawid\u0142ow\u0105 postaw\u0119 cia\u0142a ka\u017cdego dziecka, a przy tym nabycie i wzmocnienie przez nie odporno\u015bci; zaj\u0119cia prowadzone b\u0119d\u0105 na najbardziej nowoczesnym i dostosowanym do r\u00f3\u017cnych wymaga\u0144 i umiej\u0119tno\u015bci dzieci, basenie w okolicy \u2013 Centrum \u015al\u0119za. Tam znajduje si\u0119 baza naszej Szko\u0142y P\u0142ywania i to tam uczymy oraz doskonalimy umiej\u0119tno\u015bci p\u0142ywackich naszych podopiecznych.<\/p>\n\n\n\n<p>&#8211; Zaj\u0119cia niespodzianki \u2013 pracujemy r\u00f3wnie\u017c nad kilkoma nowymi pomys\u0142ami, kt\u00f3re w nied\u0142ugim czasie og\u0142osimy i po stworzeniu \u201ePakietu Nowoczesnej \u015awietlicy z SP 4\u201d, zaprezentujemy Pa\u0144stwu w najbli\u017cszym czasie.<\/p>\n\n\n\n<p>Korzystaj\u0105c z naszego do\u015bwiadczenia w zakresie organizacji autorskich zielonych szk\u00f3\u0142 i przedszkoli, a tak\u017ce wycieczek jednodniowych, wszystkim ch\u0119tnym nauczycielom Pa\u0144stwa dzieci, pomo\u017cemy w zorganizowaniu niebanalnych i atrakcyjnych wycieczek szkolnych.<\/p>\n\n\n\n<p>Jak wida\u0107, zasi\u0119g naszych dzia\u0142a\u0144, zaplecze w postaci zaufanej i do\u015bwiadczonej kadry oraz \u015bwiadomo\u015b\u0107 Pa\u0144stwa potrzeb dotycz\u0105cych zaj\u0119\u0107 pozalekcyjnych sprawia, \u017ce mo\u017cemy Pa\u0144stwu zaprezentowa\u0107 naprawd\u0119 atrakcyjny, dostosowany do dzieci i odpowiadaj\u0105cy dzisiejszym czasom projekt \u201eNowoczesnej \u015awietlicy w SP 4\u201d. B\u0119dziemy dzia\u0142a\u0107, kreowa\u0107, \u0142ama\u0107 stereotypy i zach\u0119ca\u0107 do pokonywania w\u0142asnych trudno\u015bci ka\u017cde z dzieci. Gwarantujemy, \u017ce ka\u017cde dziecko b\u0119dzie dla nas wyj\u0105tkow\u0105 jednostk\u0105.<\/p>\n\n\n\n<p>Wi\u0119cej szczeg\u00f3\u0142owych informacji pode\u015blemy wkr\u00f3tce, a tymczasem przypominamy o specjalnej, dedykowanej dzieciom, kt\u00f3re ucz\u0119szczaj\u0105 do Szko\u0142y Podstawowej nr 4 we Wroc\u0142awiu ofercie &nbsp;P\u00f3\u0142kolonii Letnich. Miejsc jest coraz mniej, dlatego nasza kadra na czele z Ani\u0105 Siudmak, kt\u00f3r\u0105 znacie z pracy w Fundacji Szcz\u0119\u015bliwa, zaprasza do zapisywania si\u0119 na P\u00f3\u0142kolonie z SP4! Park trampolin, Loopy\u2019s World, warsztaty DIY, Gry terenowe, igrzyska sportowe, Lego z programowaniem, kino letnie, nagrody oraz upominki i wiele innych niespodzianek, to atrakcje, kt\u00f3re przygotowali\u015bmy dla wszystkich uczestnik\u00f3w!<\/p>\n\n\n\n<p>Oczywi\u015bcie realizujemy bony turystyczne.<\/p>\n\n\n\n<p>Zapraszamy do zapis\u00f3w pod adresem:<\/p>\n\n\n\n<p><a href=\"https:\/\/twojaferajna.pl\/\">https:\/\/twojaferajna.pl\/<\/a> w zak\u0142adce SP4.<\/p>\n\n\n\n<p>Korzystaj\u0105c z okazji, \u017cyczymy Pa\u0144stwu i Pa\u0144stwa dzieciom cudownej drugiej po\u0142owy wakacji i niezapomnianych przyg\u00f3d, kt\u00f3re w idealny spos\u00f3b zrekompensuj\u0105 trudy, tego szalonego i trudnego roku szkolnego! &#x1f60a;<\/p>\n\n\n\n<p>Pozdrawiamy<\/p>\n\n\n\n<p>Ania Siudmak<\/p>\n\n\n\n<p>S\u0142awek Doma\u0144ski<\/p>\n\n\n\n<p>Maciek Zapa\u0142<\/p>\n","protected":false},"excerpt":{"rendered":"<p>Drodzy Rodzice, Mamy przyjemno\u015b\u0107 og\u0142osi\u0107 Pa\u0144stwu wspania\u0142\u0105 wiadomo\u015b\u0107. Od pocz\u0105tku nowego roku szkolnego 2021\/2022 b\u0119dziemy mieli dla Pa\u0144stwa Dzieci ofert\u0119 zaj\u0119\u0107 dodatkowych w ramach \u201eNowoczesnej \u015awietlicy w SP4\u201d. Aby skorzysta\u0107 z wielu atrakcyjnych, lubianych i wspomagaj\u0105cych rozw\u00f3j dzieci zaj\u0119\u0107, ju\u017c nie trzeba b\u0119dzie przemieszcza\u0107 si\u0119 po ca\u0142ym Wroc\u0142awiu. Wszystko b\u0119dzie\u2026<\/p>\n<p> <a class=\"continue-reading-link\" href=\"https:\/\/sp4-wroclaw.pl\/?page_id=7128\"><span>Czytaj dalej<\/span><i class=\"crycon-right-dir\"><\/i><\/a> <\/p>\n","protected":false},"author":1,"featured_media":0,"parent":0,"menu_order":0,"comment_status":"closed","ping_status":"closed","template":"","meta":{"footnotes":""},"class_list":["post-7128","page","type-page","status-publish","hentry"],"aioseo_notices":[],"_links":{"self":[{"href":"https:\/\/sp4-wroclaw.pl\/index.php?rest_route=\/wp\/v2\/pages\/7128","targetHints":{"allow":["GET"]}}],"collection":[{"href":"https:\/\/sp4-wroclaw.pl\/index.php?rest_route=\/wp\/v2\/pages"}],"about":[{"href":"https:\/\/sp4-wroclaw.pl\/index.php?rest_route=\/wp\/v2\/types\/page"}],"author":[{"embeddable":true,"href":"https:\/\/sp4-wroclaw.pl\/index.php?rest_route=\/wp\/v2\/users\/1"}],"replies":[{"embeddable":true,"href":"https:\/\/sp4-wroclaw.pl\/index.php?rest_route=%2Fwp%2Fv2%2Fcomments&post=7128"}],"version-history":[{"count":1,"href":"https:\/\/sp4-wroclaw.pl\/index.php?rest_route=\/wp\/v2\/pages\/7128\/revisions"}],"predecessor-version":[{"id":7129,"href":"https:\/\/sp4-wroclaw.pl\/index.php?rest_route=\/wp\/v2\/pages\/7128\/revisions\/7129"}],"wp:attachment":[{"href":"https:\/\/sp4-wroclaw.pl\/index.php?rest_route=%2Fwp%2Fv2%2Fmedia&parent=7128"}],"curies":[{"name":"wp","href":"https:\/\/api.w.org\/{rel}","templated":true}]}}