{"id":7157,"date":"2021-08-10T10:05:29","date_gmt":"2021-08-10T10:05:29","guid":{"rendered":"http:\/\/sp4-wroclaw.pl\/?page_id=7157"},"modified":"2021-08-10T10:05:30","modified_gmt":"2021-08-10T10:05:30","slug":"klasy-pierwsze-z-innowacja-pedagogiczna-programem-wlasnym-p-malgorzaty-przyslup","status":"publish","type":"page","link":"https:\/\/sp4-wroclaw.pl\/?page_id=7157","title":{"rendered":"Klasy pierwsze z innowacj\u0105 pedagogiczn\u0105 \u2013 programem w\u0142asnym p. Ma\u0142gorzaty Przys\u0142up"},"content":{"rendered":"\n<p><strong>Klasy pierwsze z innowacj\u0105 pedagogiczn\u0105 \u2013 programem w\u0142asnym p. Ma\u0142gorzaty Przys\u0142up pt.: \u201eJestem Wroc\u0142awianinem. Jestem Dolno\u015bl\u0105zakiem.\u201d<\/strong><\/p>\n\n\n\n<p>W roku szkolnym 2021\/2022 b\u0119d\u0105 trzy klasy pierwsze z innowacj\u0105 pedagogiczn\u0105.<\/p>\n\n\n\n<p>Jest ni\u0105 program edukacji regionalnej przystosowany do klas m\u0142odszych. Program b\u0119dzie trwa\u0142 przez trzy lata. Ide\u0105 przewodni\u0105 programu jest ukazanie scalonego obrazu regionu przy wykorzystaniu wielokierunkowej dzia\u0142alno\u015bci uczni\u00f3w. Tematyka dotyczy dziecka i jego funkcjonowania w szkole oraz w najbli\u017cszym \u015brodowisku lokalnym. Ucze\u0144 poznaje \u015bwiat przyrody, elementy kultury materialnej i duchowej, wzorce zachowa\u0144 w r\u00f3\u017cnych sytuacjach, tradycje i zwyczaje. Tre\u015bci programu maj\u0105 uk\u0142ad spiralny, szczeg\u00f3lnie przydatny w kszta\u0142ceniu dzieci w m\u0142odszym wieku szkolnym, gdy\u017c umo\u017cliwiaj\u0105 wielokrotne powroty do ukazywanych tre\u015bci, ale w bogatszej i bardziej rozwini\u0119tej formie.<\/p>\n\n\n\n<p>Oto niekt\u00f3re cele edukacyjne programu:<\/p>\n\n\n\n<p>&#8211; poznanie najbli\u017cszego \u015brodowiska i specyfiki swojego regionu;<\/p>\n\n\n\n<p>&#8211; kszta\u0142towanie poczucia przynale\u017cno\u015bci do \u015brodowiska szkolnego, lokalnego, regionalnego oraz poczucia to\u017csamo\u015bci narodowej;<\/p>\n\n\n\n<p>&#8211; rozwijanie i wzmacnianie aktywnego udzia\u0142u dziecka w \u017cyciu wsp\u00f3lnot: rodzinnej, klasowej, szkolnej, lokalnej;<\/p>\n\n\n\n<p>&#8211; wyzwalanie aktywno\u015bci artystycznej dziecka i umo\u017cliwienie kreatywnego uczestnictwa w wydarzeniach kulturowych;<\/p>\n\n\n\n<p>&#8211; rozwijanie wyobra\u017ani, fantazji oraz ekspresji artystycznej w r\u00f3\u017cnych dziedzinach i aspektach kultury ( teatr, plastyka, muzyka, itp.);<\/p>\n\n\n\n<p>&#8211; osi\u0105gni\u0119cie wielostronnego rozwoju poprzez aktywny udzia\u0142 w zaj\u0119ciach pozalekcyjnych zwi\u0105zanych z programem (j\u0119z. angielski, kodowanie na dywanie, gry matematyczno-logiczne, szachy, nauka jazdy na rolkach, gimnastyk\u0119 z elementami kinezjologii, nauka lub doskonalenie umiej\u0119tno\u015bci p\u0142ywania) oraz w wycieczkach w ramach lekcji, jak i podczas wyjazd\u00f3w weekendowych;<\/p>\n\n\n\n<p>&#8211; wzmacnianie odporno\u015bci emocjonalnej oraz pozytywnej motywacji do podejmowanych zada\u0144 wymagaj\u0105cych wysi\u0142ku intelektualnego i radzenia sobie z nim, z jednoczesn\u0105 \u015bwiadomo\u015bci\u0105, \u017ce b\u0142\u0119dy nieod\u0142\u0105cznie towarzysz\u0105 uczeniu si\u0119;<\/p>\n\n\n\n<p>&#8211; rozwijanie aktywno\u015bci spo\u0142ecznej poprzez czerpanie zadowolenia ze wsp\u00f3\u0142pracy z innymi i dla innych;<\/p>\n\n\n\n<p>&#8211; itd.<\/p>\n\n\n\n<p>Program napisany przeze mnie jest zgodny z przyj\u0119t\u0105 przez Ministerstwo Edukacji i Nauki \u201ePodstaw\u0105 programow\u0105\u201d rozszerzon\u0105 o:<\/p>\n\n\n\n<p>&#8211; wielokrotne sesje czytania bit\u00f3w (wyrazowych, wyra\u017ceniowych, zdaniowych, ortograficznych);<\/p>\n\n\n\n<p>&#8211; tworzenie tekst\u00f3w \u2013 pisanie i realizacja plastyczna kroniki klasowej;<\/p>\n\n\n\n<p>&#8211; zaj\u0119cia plastyczno-muzyczno-ruchowe kszta\u0142tuj\u0105ce rozw\u00f3j ruchowy, emocjonalny, spo\u0142eczny, tak wa\u017cne dla tego okresu rozwoju dziecka;<\/p>\n\n\n\n<p>&#8211; zaj\u0119cia z czytelnictwa;<\/p>\n\n\n\n<p>&#8211; itd.<\/p>\n\n\n\n<p>Rodzic\u00f3w ch\u0119tnych do kszta\u0142cenia dziecka tym programem, zapraszam do kontaktu mailowego z sekretariatem szko\u0142y. Wystarczy e-mail o tre\u015bci:<\/p>\n\n\n\n<p>Wyra\u017cam ch\u0119\u0107 i zgod\u0119 na uczestniczenie mojego dziecka \u2026\u2026\u2026\u2026\u2026\u2026\u2026\u2026. w programie \u201eJestem Wroc\u0142awianinem. Jestem Dolno\u015bl\u0105zakiem\u201d.<\/p>\n\n\n\n<p>Liczba miejsc jest ograniczona i wynosi 75 uczni\u00f3w.<\/p>\n\n\n\n<p>Nauczyciele pracuj\u0105cy tym programem w klasach pierwszych to:<\/p>\n\n\n\n<p>p. Ma\u0142gorzata Przys\u0142up, p. Marzena M\u0142odowska, p. Magdalena Cisakowska.<\/p>\n\n\n\n<p>Kontakt z Fundacj\u0105 \u201eNasz \u015bwiat\u201d prowadz\u0105c\u0105 zaj\u0119cia pozalekcyjne wspieraj\u0105ce wielostronny rozw\u00f3j dziecka w m\u0142odszym wieku szkolnym:<\/p>\n\n\n\n<p>p. Sylwester Borkowski tel. +48&nbsp;601&nbsp;070&nbsp;731;<\/p>\n\n\n\n<p>e-mail: <a href=\"mailto:biuro@fundacjanaszswiat.pl\">biuro@fundacjanaszswiat.pl<\/a><\/p>\n\n\n\n<p>Ca\u0142y program b\u0119dzie dost\u0119pny do wgl\u0105du w szkolnej bibliotece.<\/p>\n\n\n\n<p>Ma\u0142gorzata Przys\u0142up<\/p>\n","protected":false},"excerpt":{"rendered":"<p>Klasy pierwsze z innowacj\u0105 pedagogiczn\u0105 \u2013 programem w\u0142asnym p. Ma\u0142gorzaty Przys\u0142up pt.: \u201eJestem Wroc\u0142awianinem. Jestem Dolno\u015bl\u0105zakiem.\u201d W roku szkolnym 2021\/2022 b\u0119d\u0105 trzy klasy pierwsze z innowacj\u0105 pedagogiczn\u0105. Jest ni\u0105 program edukacji regionalnej przystosowany do klas m\u0142odszych. Program b\u0119dzie trwa\u0142 przez trzy lata. Ide\u0105 przewodni\u0105 programu jest ukazanie scalonego obrazu regionu\u2026<\/p>\n<p> <a class=\"continue-reading-link\" href=\"https:\/\/sp4-wroclaw.pl\/?page_id=7157\"><span>Czytaj dalej<\/span><i class=\"crycon-right-dir\"><\/i><\/a> <\/p>\n","protected":false},"author":1,"featured_media":0,"parent":0,"menu_order":0,"comment_status":"closed","ping_status":"closed","template":"","meta":{"footnotes":""},"class_list":["post-7157","page","type-page","status-publish","hentry"],"aioseo_notices":[],"_links":{"self":[{"href":"https:\/\/sp4-wroclaw.pl\/index.php?rest_route=\/wp\/v2\/pages\/7157","targetHints":{"allow":["GET"]}}],"collection":[{"href":"https:\/\/sp4-wroclaw.pl\/index.php?rest_route=\/wp\/v2\/pages"}],"about":[{"href":"https:\/\/sp4-wroclaw.pl\/index.php?rest_route=\/wp\/v2\/types\/page"}],"author":[{"embeddable":true,"href":"https:\/\/sp4-wroclaw.pl\/index.php?rest_route=\/wp\/v2\/users\/1"}],"replies":[{"embeddable":true,"href":"https:\/\/sp4-wroclaw.pl\/index.php?rest_route=%2Fwp%2Fv2%2Fcomments&post=7157"}],"version-history":[{"count":1,"href":"https:\/\/sp4-wroclaw.pl\/index.php?rest_route=\/wp\/v2\/pages\/7157\/revisions"}],"predecessor-version":[{"id":7160,"href":"https:\/\/sp4-wroclaw.pl\/index.php?rest_route=\/wp\/v2\/pages\/7157\/revisions\/7160"}],"wp:attachment":[{"href":"https:\/\/sp4-wroclaw.pl\/index.php?rest_route=%2Fwp%2Fv2%2Fmedia&parent=7157"}],"curies":[{"name":"wp","href":"https:\/\/api.w.org\/{rel}","templated":true}]}}